{"id":56344,"date":"2026-04-03T00:29:14","date_gmt":"2026-04-02T21:29:14","guid":{"rendered":"http:\/\/new.ceasuri.md\/shop\/uncategorized\/casio-collection-ae-1200whub-8avef\/"},"modified":"2026-04-20T01:41:12","modified_gmt":"2026-04-19T22:41:12","slug":"casio-collection-ae-1200whub-8avef","status":"publish","type":"product","link":"https:\/\/ceasuri.md\/ru\/shop\/branduri\/casio\/casio-collection-ae-1200whub-8avef\/","title":{"rendered":"\u0427\u0430\u0441\u044b CASIO COLLECTION AE-1200WHUB-8AVEF"},"content":{"rendered":"<p>Stil \u00eendr\u0103zne\u021b, func\u021bionalitate practic\u0103 &#8211; o nou\u0103 abordare a designului ceasului digital multifunc\u021bional inspirat\u0103 de dragostea pentru gadgeturi.<br \/>\nCadranul digital din st\u00e2nga sus afi\u0219eaz\u0103 constant ora de acas\u0103, chiar \u0219i \u00een timp ce utiliza\u021bi func\u021bii precum cronometrul. Harta lumii din dreapta sus se sincronizeaz\u0103 cu ora curent\u0103 de pe ecranul LCD de mai jos, astfel \u00eenc\u00e2t s\u0103 pute\u021bi urm\u0103ri cu u\u0219urin\u021b\u0103 unde v\u0103 afla\u021bi \u00een c\u0103l\u0103torie.<br \/>\nAcest player robust este dotat cu func\u021bii fiabile \u0219i practice, cum ar fi baterie de 10 ani, rezisten\u021b\u0103 la ap\u0103 p\u00e2n\u0103 la 10 bari, iluminare de fundal cu LED, cronometru \u0219i multe altele.<\/p>","protected":false},"excerpt":{"rendered":"<p>Stil \u00eendr\u0103zne\u021b, func\u021bionalitate practic\u0103 &#8211; o nou\u0103 abordare a designului ceasului digital multifunc\u021bional inspirat\u0103 de dragostea pentru gadgeturi. Cadranul digital din st\u00e2nga sus afi\u0219eaz\u0103 constant ora de acas\u0103, chiar \u0219i \u00een timp ce utiliza\u021bi func\u021bii precum cronometrul. Harta lumii din dreapta sus se sincronizeaz\u0103 cu ora curent\u0103 de pe ecranul LCD de mai jos, astfel [&hellip;]<\/p>\n","protected":false},"featured_media":56345,"comment_status":"closed","ping_status":"open","template":"","meta":{"_acf_changed":false},"product_brand":[],"product_cat":[27,20],"product_tag":[],"class_list":{"0":"post-56344","1":"product","2":"type-product","3":"status-publish","4":"has-post-thumbnail","6":"product_cat-casio","7":"product_cat-ceasuri-barbati","8":"pa_brand-casio","9":"pa_braslet-piele-textile","10":"pa_corpus-42x45mm","11":"pa_forma-octogonala","12":"pa_funcii-alarma","13":"pa_funcii-calendar","14":"pa_funcii-cronometru","15":"pa_funcii-iluminare","16":"pa_funcii-timp-mondial","17":"pa_garatia-24-luni","18":"pa_korpus-gri","19":"pa_korpus-negru","20":"pa_kvarc-quartz","21":"pa_material-plastic","22":"pa_mehanizm-electronic","23":"pa_remeshok-negru","24":"pa_steklo-plastic","25":"pa_strana-japonia","26":"pa_voda-10-atm","28":"first","29":"instock","30":"purchasable","31":"product-type-simple"},"acf":[],"_links":{"self":[{"href":"https:\/\/ceasuri.md\/ru\/wp-json\/wp\/v2\/product\/56344","targetHints":{"allow":["GET"]}}],"collection":[{"href":"https:\/\/ceasuri.md\/ru\/wp-json\/wp\/v2\/product"}],"about":[{"href":"https:\/\/ceasuri.md\/ru\/wp-json\/wp\/v2\/types\/product"}],"replies":[{"embeddable":true,"href":"https:\/\/ceasuri.md\/ru\/wp-json\/wp\/v2\/comments?post=56344"}],"wp:featuredmedia":[{"embeddable":true,"href":"https:\/\/ceasuri.md\/ru\/wp-json\/wp\/v2\/media\/56345"}],"wp:attachment":[{"href":"https:\/\/ceasuri.md\/ru\/wp-json\/wp\/v2\/media?parent=56344"}],"wp:term":[{"taxonomy":"product_brand","embeddable":true,"href":"https:\/\/ceasuri.md\/ru\/wp-json\/wp\/v2\/product_brand?post=56344"},{"taxonomy":"product_cat","embeddable":true,"href":"https:\/\/ceasuri.md\/ru\/wp-json\/wp\/v2\/product_cat?post=56344"},{"taxonomy":"product_tag","embeddable":true,"href":"https:\/\/ceasuri.md\/ru\/wp-json\/wp\/v2\/product_tag?post=56344"}],"curies":[{"name":"wp","href":"https:\/\/api.w.org\/{rel}","templated":true}]}}