{"id":56320,"date":"2026-04-03T00:28:20","date_gmt":"2026-04-02T21:28:20","guid":{"rendered":"http:\/\/new.ceasuri.md\/shop\/uncategorized\/casio-edifice-ecb-10db-1a9ef\/"},"modified":"2026-04-20T01:41:17","modified_gmt":"2026-04-19T22:41:17","slug":"casio-edifice-ecb-10db-1a9ef","status":"publish","type":"product","link":"https:\/\/ceasuri.md\/ru\/shop\/branduri\/casio\/casio-edifice-ecb-10db-1a9ef\/","title":{"rendered":"\u0427\u0430\u0441\u044b CASIO EDIFICE ECB-10DB-1A9EF"},"content":{"rendered":"<p>Un model smartphone link cu luneta octogonal\u0103 de la EDIFICE, care continu\u0103 s\u0103 evolueze ca un cronograf metalic avansat de \u00eenalt\u0103 performan\u021b\u0103.<br \/>\nAt\u00e2ta timp c\u00e2t ceasul se afl\u0103 \u00een apropierea unui smartphone, acesta se poate conecta la aplica\u021bia dedicat\u0103 \u201eCASIO WATCHES\u201d prin Smartphone Link via Bluetooth\u00ae \u0219i se poate conecta f\u0103r\u0103 a mai fi nevoie s\u0103 se apese pe buton pentru a corecta ora. Func\u021bii precum cronometrul programat, care notific\u0103 purt\u0103torii c\u00e2nd \u00eencep \u0219i se termin\u0103 evenimentele programate pe smartphone-uri, sunt de asemenea foarte convenabile.<\/p>","protected":false},"excerpt":{"rendered":"<p>Un model smartphone link cu luneta octogonal\u0103 de la EDIFICE, care continu\u0103 s\u0103 evolueze ca un cronograf metalic avansat de \u00eenalt\u0103 performan\u021b\u0103. At\u00e2ta timp c\u00e2t ceasul se afl\u0103 \u00een apropierea unui smartphone, acesta se poate conecta la aplica\u021bia dedicat\u0103 \u201eCASIO WATCHES\u201d prin Smartphone Link via Bluetooth\u00ae \u0219i se poate conecta f\u0103r\u0103 a mai fi nevoie [&hellip;]<\/p>\n","protected":false},"featured_media":56321,"comment_status":"closed","ping_status":"open","template":"","meta":{"_acf_changed":false},"product_brand":[],"product_cat":[27,20,536],"product_tag":[],"class_list":{"0":"post-56320","1":"product","2":"type-product","3":"status-publish","4":"has-post-thumbnail","6":"product_cat-casio","7":"product_cat-ceasuri-barbati","8":"product_cat-edifice","9":"pa_brand-casio","10":"pa_brand-edifice","11":"pa_braslet-otel-inoxidabil","12":"pa_corpus-49-mm","13":"pa_forma-octogonala","14":"pa_funcii-alarma","15":"pa_funcii-bluetooth-smart","16":"pa_funcii-calendar","17":"pa_funcii-cronometru","18":"pa_funcii-iluminare","19":"pa_funcii-timp-mondial","20":"pa_garatia-24-luni","21":"pa_korpus-argintiu","22":"pa_kvarc-quartz","23":"pa_material-otel-inoxidabil","24":"pa_mehanizm-electronic","25":"pa_mehanizm-quartz","26":"pa_remeshok-argintiu","27":"pa_steklo-cristal-mineral","28":"pa_strana-japonia","29":"pa_voda-10-atm","31":"first","32":"instock","33":"purchasable","34":"product-type-simple"},"acf":[],"_links":{"self":[{"href":"https:\/\/ceasuri.md\/ru\/wp-json\/wp\/v2\/product\/56320","targetHints":{"allow":["GET"]}}],"collection":[{"href":"https:\/\/ceasuri.md\/ru\/wp-json\/wp\/v2\/product"}],"about":[{"href":"https:\/\/ceasuri.md\/ru\/wp-json\/wp\/v2\/types\/product"}],"replies":[{"embeddable":true,"href":"https:\/\/ceasuri.md\/ru\/wp-json\/wp\/v2\/comments?post=56320"}],"wp:featuredmedia":[{"embeddable":true,"href":"https:\/\/ceasuri.md\/ru\/wp-json\/wp\/v2\/media\/56321"}],"wp:attachment":[{"href":"https:\/\/ceasuri.md\/ru\/wp-json\/wp\/v2\/media?parent=56320"}],"wp:term":[{"taxonomy":"product_brand","embeddable":true,"href":"https:\/\/ceasuri.md\/ru\/wp-json\/wp\/v2\/product_brand?post=56320"},{"taxonomy":"product_cat","embeddable":true,"href":"https:\/\/ceasuri.md\/ru\/wp-json\/wp\/v2\/product_cat?post=56320"},{"taxonomy":"product_tag","embeddable":true,"href":"https:\/\/ceasuri.md\/ru\/wp-json\/wp\/v2\/product_tag?post=56320"}],"curies":[{"name":"wp","href":"https:\/\/api.w.org\/{rel}","templated":true}]}}