{"id":56311,"date":"2026-04-03T00:28:20","date_gmt":"2026-04-02T21:28:20","guid":{"rendered":"http:\/\/new.ceasuri.md\/shop\/uncategorized\/casio-edifice-efs-s570d-5auef\/"},"modified":"2026-04-07T04:54:03","modified_gmt":"2026-04-07T01:54:03","slug":"casio-edifice-efs-s570d-5auef","status":"publish","type":"product","link":"https:\/\/ceasuri.md\/ru\/shop\/branduri\/casio\/casio-edifice-efs-s570d-5auef\/","title":{"rendered":"Ceas CASIO EDIFICE EFS-S570D-5AUEF"},"content":{"rendered":"<p>Cronograf sub\u021bire cu alimentare solar\u0103 \u0219i cristal safir. De\u0219i carcasele cronografelor cu mai multe m\u00e2ini tind s\u0103 fie groase, acesta este un cronograf cu alimentare solar\u0103 cu o carcas\u0103 cu o grosime de 9,7 mm pentru a oferi o potrivire mai bun\u0103. Ceasul se m\u00e2ndre\u0219te cu un luneta octogonal plat cu un finisaj fin care creeaz\u0103 un design sportiv, dar luxos. Folose\u0219te un cristal de safir rezistent la zg\u00e2rieturi.<\/p>","protected":false},"excerpt":{"rendered":"<p>Cronograf sub\u021bire cu alimentare solar\u0103 \u0219i cristal safir. De\u0219i carcasele cronografelor cu mai multe m\u00e2ini tind s\u0103 fie groase, acesta este un cronograf cu alimentare solar\u0103 cu o carcas\u0103 cu o grosime de 9,7 mm pentru a oferi o potrivire mai bun\u0103. Ceasul se m\u00e2ndre\u0219te cu un luneta octogonal plat cu un finisaj fin care [&hellip;]<\/p>\n","protected":false},"featured_media":56312,"comment_status":"closed","ping_status":"open","template":"","meta":{"_acf_changed":false},"product_brand":[],"product_cat":[27,20,536],"product_tag":[],"class_list":{"0":"post-56311","1":"product","2":"type-product","3":"status-publish","4":"has-post-thumbnail","6":"product_cat-casio","7":"product_cat-ceasuri-barbati","8":"product_cat-edifice","9":"pa_brand-casio","10":"pa_brand-edifice","11":"pa_braslet-otel-inoxidabil","12":"pa_corpus-44-mm","13":"pa_forma-octogonala","14":"pa_funcii-cronograf","15":"pa_funcii-data","16":"pa_funcii-rezerva-de-energie","17":"pa_garatia-24-luni","18":"pa_korpus-argintiu","19":"pa_material-otel-inoxidabil","20":"pa_mehanizm-baterie-solara","21":"pa_mehanizm-quartz","22":"pa_remeshok-argintiu","23":"pa_steklo-cristal-safir","24":"pa_strana-japonia","25":"pa_voda-10-atm","27":"first","28":"instock","29":"purchasable","30":"product-type-simple"},"acf":[],"_links":{"self":[{"href":"https:\/\/ceasuri.md\/ru\/wp-json\/wp\/v2\/product\/56311","targetHints":{"allow":["GET"]}}],"collection":[{"href":"https:\/\/ceasuri.md\/ru\/wp-json\/wp\/v2\/product"}],"about":[{"href":"https:\/\/ceasuri.md\/ru\/wp-json\/wp\/v2\/types\/product"}],"replies":[{"embeddable":true,"href":"https:\/\/ceasuri.md\/ru\/wp-json\/wp\/v2\/comments?post=56311"}],"wp:featuredmedia":[{"embeddable":true,"href":"https:\/\/ceasuri.md\/ru\/wp-json\/wp\/v2\/media\/56312"}],"wp:attachment":[{"href":"https:\/\/ceasuri.md\/ru\/wp-json\/wp\/v2\/media?parent=56311"}],"wp:term":[{"taxonomy":"product_brand","embeddable":true,"href":"https:\/\/ceasuri.md\/ru\/wp-json\/wp\/v2\/product_brand?post=56311"},{"taxonomy":"product_cat","embeddable":true,"href":"https:\/\/ceasuri.md\/ru\/wp-json\/wp\/v2\/product_cat?post=56311"},{"taxonomy":"product_tag","embeddable":true,"href":"https:\/\/ceasuri.md\/ru\/wp-json\/wp\/v2\/product_tag?post=56311"}],"curies":[{"name":"wp","href":"https:\/\/api.w.org\/{rel}","templated":true}]}}