{"id":56305,"date":"2026-04-03T00:28:20","date_gmt":"2026-04-02T21:28:20","guid":{"rendered":"http:\/\/new.ceasuri.md\/shop\/uncategorized\/casio-g-shock-ga-010-2aer\/"},"modified":"2026-04-07T04:54:03","modified_gmt":"2026-04-07T01:54:03","slug":"casio-g-shock-ga-010-2aer","status":"publish","type":"product","link":"https:\/\/ceasuri.md\/ru\/shop\/branduri\/casio\/casio-g-shock-ga-010-2aer\/","title":{"rendered":"Ceas CASIO G-SHOCK GA-010-2AER"},"content":{"rendered":"<p>Bucura\u021bi-v\u0103 de o via\u021b\u0103 cu mai pu\u021bine schimb\u0103ri de baterie cu un G-SHOCK cu carcas\u0103 mare, cu o baterie de 10 ani, de care nu va trebui s\u0103 v\u0103 face\u021bi griji pentru o ve\u0219nicie.<br \/>\nModelul analog-digital GA-010 ofer\u0103 func\u021bii practice precum ora universal\u0103 \u0219i cronometru, precum \u0219i o lumin\u0103 LED de luminozitate ridicat\u0103, care poate fi accesat\u0103 cu u\u0219urin\u021b\u0103 de la butonul mare din partea din fa\u021b\u0103 a carcasei, asigur\u00e2nd vizibilitatea chiar \u0219i pe \u00eentuneric.<br \/>\nFabricat cu r\u0103\u0219in\u0103 bio \u0219i echipat cu o baterie de 10 ani, acest G-SHOCK este excelent dac\u0103 dori\u021bi s\u0103 reduce\u021bi impactul asupra mediului.<\/p>","protected":false},"excerpt":{"rendered":"<p>Bucura\u021bi-v\u0103 de o via\u021b\u0103 cu mai pu\u021bine schimb\u0103ri de baterie cu un G-SHOCK cu carcas\u0103 mare, cu o baterie de 10 ani, de care nu va trebui s\u0103 v\u0103 face\u021bi griji pentru o ve\u0219nicie. Modelul analog-digital GA-010 ofer\u0103 func\u021bii practice precum ora universal\u0103 \u0219i cronometru, precum \u0219i o lumin\u0103 LED de luminozitate ridicat\u0103, care poate [&hellip;]<\/p>\n","protected":false},"featured_media":56306,"comment_status":"closed","ping_status":"open","template":"","meta":{"_acf_changed":false},"product_brand":[],"product_cat":[27,20,419],"product_tag":[],"class_list":{"0":"post-56305","1":"product","2":"type-product","3":"status-publish","4":"has-post-thumbnail","6":"product_cat-casio","7":"product_cat-ceasuri-barbati","8":"product_cat-g-shock","9":"pa_brand-casio","10":"pa_brand-g-shock","11":"pa_braslet-plastic","12":"pa_corpus-52-mm","13":"pa_forma-rotund","14":"pa_funcii-alarma","15":"pa_funcii-calendar","16":"pa_funcii-cronometru","17":"pa_funcii-iluminare","18":"pa_funcii-timp-mondial","19":"pa_garatia-24-luni","20":"pa_korpus-verde","21":"pa_material-carbon","22":"pa_material-plastic","23":"pa_mehanizm-electronic","24":"pa_mehanizm-quartz","25":"pa_remeshok-verde","26":"pa_steklo-cristal-mineral","27":"pa_strana-japonia","28":"pa_voda-20-atm","30":"first","31":"instock","32":"purchasable","33":"product-type-simple"},"acf":[],"_links":{"self":[{"href":"https:\/\/ceasuri.md\/ru\/wp-json\/wp\/v2\/product\/56305","targetHints":{"allow":["GET"]}}],"collection":[{"href":"https:\/\/ceasuri.md\/ru\/wp-json\/wp\/v2\/product"}],"about":[{"href":"https:\/\/ceasuri.md\/ru\/wp-json\/wp\/v2\/types\/product"}],"replies":[{"embeddable":true,"href":"https:\/\/ceasuri.md\/ru\/wp-json\/wp\/v2\/comments?post=56305"}],"wp:featuredmedia":[{"embeddable":true,"href":"https:\/\/ceasuri.md\/ru\/wp-json\/wp\/v2\/media\/56306"}],"wp:attachment":[{"href":"https:\/\/ceasuri.md\/ru\/wp-json\/wp\/v2\/media?parent=56305"}],"wp:term":[{"taxonomy":"product_brand","embeddable":true,"href":"https:\/\/ceasuri.md\/ru\/wp-json\/wp\/v2\/product_brand?post=56305"},{"taxonomy":"product_cat","embeddable":true,"href":"https:\/\/ceasuri.md\/ru\/wp-json\/wp\/v2\/product_cat?post=56305"},{"taxonomy":"product_tag","embeddable":true,"href":"https:\/\/ceasuri.md\/ru\/wp-json\/wp\/v2\/product_tag?post=56305"}],"curies":[{"name":"wp","href":"https:\/\/api.w.org\/{rel}","templated":true}]}}