{"id":56301,"date":"2026-04-03T00:28:20","date_gmt":"2026-04-02T21:28:20","guid":{"rendered":"http:\/\/new.ceasuri.md\/shop\/uncategorized\/casio-g-shock-ga-100wd-1aer\/"},"modified":"2026-04-16T21:29:38","modified_gmt":"2026-04-16T18:29:38","slug":"casio-g-shock-ga-100wd-1aer","status":"publish","type":"product","link":"https:\/\/ceasuri.md\/ru\/shop\/branduri\/casio\/casio-g-shock-ga-100wd-1aer\/","title":{"rendered":"Ceas CASIO GA-100WD-1AER G-Shock"},"content":{"rendered":"<p>Fi\u021bi \u00eendr\u0103zne\u021b \u0219i \u00eencrez\u0103tor cu un G-SHOCK izbitor de direct \u00een alb \u0219i negru cu contrast puternic.<br \/>\n\u00cencepe\u021bi cu o baz\u0103 de negru jet G-SHOCK \u0219i apoi aduce\u021bi un cadran luminos finisat \u00een depunere de vapori alb str\u0103lucitor. Declara\u021bia monocromatic\u0103 este un studiu al contrastelor &#8211; negru mat \u00eempotriva albului lucios. Acest design abundent de cool este disponibil \u00een cinci modele diferite.<br \/>\nAlege\u021bi-v\u0103 preferatul &#8211; GA-700 cu design cu buton frontal, GA-100 sau GA-110 cu carcas\u0103 mare, designul cu trei grafice al DW-6900 sau GA-2100 cu carcas\u0103 octogonal\u0103.<\/p>","protected":false},"excerpt":{"rendered":"<p>Fi\u021bi \u00eendr\u0103zne\u021b \u0219i \u00eencrez\u0103tor cu un G-SHOCK izbitor de direct \u00een alb \u0219i negru cu contrast puternic. \u00cencepe\u021bi cu o baz\u0103 de negru jet G-SHOCK \u0219i apoi aduce\u021bi un cadran luminos finisat \u00een depunere de vapori alb str\u0103lucitor. Declara\u021bia monocromatic\u0103 este un studiu al contrastelor &#8211; negru mat \u00eempotriva albului lucios. Acest design abundent de [&hellip;]<\/p>\n","protected":false},"featured_media":56302,"comment_status":"closed","ping_status":"open","template":"","meta":{"_acf_changed":false},"product_brand":[],"product_cat":[27,20,419],"product_tag":[],"class_list":{"0":"post-56301","1":"product","2":"type-product","3":"status-publish","4":"has-post-thumbnail","6":"product_cat-casio","7":"product_cat-ceasuri-barbati","8":"product_cat-g-shock","9":"pa_brand-casio","10":"pa_brand-g-shock","11":"pa_braslet-plastic","12":"pa_corpus-51-mm","13":"pa_forma-rotund","14":"pa_funcii-alarma","15":"pa_funcii-calendar","16":"pa_funcii-cronometru","17":"pa_funcii-iluminare","18":"pa_funcii-timp-mondial","19":"pa_garatia-24-luni","20":"pa_korpus-negru","21":"pa_kvarc-quartz","22":"pa_material-plastic","23":"pa_mehanizm-electronic","24":"pa_mehanizm-quartz","25":"pa_remeshok-negru","26":"pa_steklo-cristal-mineral","27":"pa_strana-japonia","28":"pa_voda-20-atm","30":"first","31":"instock","32":"purchasable","33":"product-type-simple"},"acf":[],"_links":{"self":[{"href":"https:\/\/ceasuri.md\/ru\/wp-json\/wp\/v2\/product\/56301","targetHints":{"allow":["GET"]}}],"collection":[{"href":"https:\/\/ceasuri.md\/ru\/wp-json\/wp\/v2\/product"}],"about":[{"href":"https:\/\/ceasuri.md\/ru\/wp-json\/wp\/v2\/types\/product"}],"replies":[{"embeddable":true,"href":"https:\/\/ceasuri.md\/ru\/wp-json\/wp\/v2\/comments?post=56301"}],"wp:featuredmedia":[{"embeddable":true,"href":"https:\/\/ceasuri.md\/ru\/wp-json\/wp\/v2\/media\/56302"}],"wp:attachment":[{"href":"https:\/\/ceasuri.md\/ru\/wp-json\/wp\/v2\/media?parent=56301"}],"wp:term":[{"taxonomy":"product_brand","embeddable":true,"href":"https:\/\/ceasuri.md\/ru\/wp-json\/wp\/v2\/product_brand?post=56301"},{"taxonomy":"product_cat","embeddable":true,"href":"https:\/\/ceasuri.md\/ru\/wp-json\/wp\/v2\/product_cat?post=56301"},{"taxonomy":"product_tag","embeddable":true,"href":"https:\/\/ceasuri.md\/ru\/wp-json\/wp\/v2\/product_tag?post=56301"}],"curies":[{"name":"wp","href":"https:\/\/api.w.org\/{rel}","templated":true}]}}