{"id":56292,"date":"2026-04-03T00:28:20","date_gmt":"2026-04-02T21:28:20","guid":{"rendered":"http:\/\/new.ceasuri.md\/shop\/uncategorized\/casio-g-shock-ga-2300-4aer\/"},"modified":"2026-04-24T13:10:56","modified_gmt":"2026-04-24T10:10:56","slug":"casio-g-shock-ga-2300-4aer","status":"publish","type":"product","link":"https:\/\/ceasuri.md\/ru\/shop\/branduri\/casio\/casio-g-shock-ga-2300-4aer\/","title":{"rendered":"\u0427\u0430\u0441\u044b CASIO G-SHOCK GA-2300-4AER"},"content":{"rendered":"<p>Un G-SHOCK compact \u00eentr-un design \u00eendr\u0103zne\u021b \u0219i direct, care mut\u0103 stilul \u00een viitor.<br \/>\nCombina\u021bia digital\u0103-analogic\u0103 rezistent\u0103 GA-2300 devine mai mic\u0103 \u0219i mai sub\u021bire pentru a r\u0103spunde nevoilor actuale, oferind exact ceea ce v\u0103 dori\u021bi de la un ceas \u00eentr-un design minimalist cu o sensibilitate futurist\u0103.<br \/>\nCu o carcas\u0103 care m\u0103soar\u0103 doar 42 mm \u00een diametru \u0219i 11,6 mm sub\u021bire, acest G-SHOCK este semnificativ mai mic dec\u00e2t modelele anterioare.<br \/>\nAlege\u021bi modelul GA-2300 \u00een alb sau negru clasic sau opta\u021bi pentru modelul GA-2300-4A \u00een roz vibrant cu LCD asortat.<br \/>\nElegant f\u0103r\u0103 efort, GA-2300 de\u021bine cheia c\u0103tre noi posibilit\u0103\u021bi cu G-SHOCK.<\/p>","protected":false},"excerpt":{"rendered":"<p>Un G-SHOCK compact \u00eentr-un design \u00eendr\u0103zne\u021b \u0219i direct, care mut\u0103 stilul \u00een viitor. Combina\u021bia digital\u0103-analogic\u0103 rezistent\u0103 GA-2300 devine mai mic\u0103 \u0219i mai sub\u021bire pentru a r\u0103spunde nevoilor actuale, oferind exact ceea ce v\u0103 dori\u021bi de la un ceas \u00eentr-un design minimalist cu o sensibilitate futurist\u0103. Cu o carcas\u0103 care m\u0103soar\u0103 doar 42 mm \u00een diametru [&hellip;]<\/p>\n","protected":false},"featured_media":56293,"comment_status":"closed","ping_status":"open","template":"","meta":{"_acf_changed":false},"product_brand":[],"product_cat":[27,20,25,419],"product_tag":[],"class_list":{"0":"post-56292","1":"product","2":"type-product","3":"status-publish","4":"has-post-thumbnail","6":"product_cat-casio","7":"product_cat-ceasuri-barbati","8":"product_cat-ceasuri-dama","9":"product_cat-g-shock","10":"pa_brand-casio","11":"pa_brand-g-shock","12":"pa_braslet-plastic","13":"pa_corpus-42x45mm","14":"pa_forma-atipica","15":"pa_funcii-alarma","16":"pa_funcii-calendar","17":"pa_funcii-cronometru","18":"pa_funcii-iluminare","19":"pa_funcii-timp-mondial","20":"pa_funcii-ziua-saptamanii","21":"pa_garatia-24-luni","22":"pa_korpus-negru","23":"pa_korpus-roz","24":"pa_kvarc-quartz","25":"pa_material-plastic","26":"pa_mehanizm-electronic","27":"pa_mehanizm-quartz","28":"pa_remeshok-roz","29":"pa_steklo-cristal-mineral","30":"pa_strana-japonia","31":"pa_voda-20-atm","33":"first","34":"instock","35":"purchasable","36":"product-type-simple"},"acf":[],"_links":{"self":[{"href":"https:\/\/ceasuri.md\/ru\/wp-json\/wp\/v2\/product\/56292","targetHints":{"allow":["GET"]}}],"collection":[{"href":"https:\/\/ceasuri.md\/ru\/wp-json\/wp\/v2\/product"}],"about":[{"href":"https:\/\/ceasuri.md\/ru\/wp-json\/wp\/v2\/types\/product"}],"replies":[{"embeddable":true,"href":"https:\/\/ceasuri.md\/ru\/wp-json\/wp\/v2\/comments?post=56292"}],"wp:featuredmedia":[{"embeddable":true,"href":"https:\/\/ceasuri.md\/ru\/wp-json\/wp\/v2\/media\/56293"}],"wp:attachment":[{"href":"https:\/\/ceasuri.md\/ru\/wp-json\/wp\/v2\/media?parent=56292"}],"wp:term":[{"taxonomy":"product_brand","embeddable":true,"href":"https:\/\/ceasuri.md\/ru\/wp-json\/wp\/v2\/product_brand?post=56292"},{"taxonomy":"product_cat","embeddable":true,"href":"https:\/\/ceasuri.md\/ru\/wp-json\/wp\/v2\/product_cat?post=56292"},{"taxonomy":"product_tag","embeddable":true,"href":"https:\/\/ceasuri.md\/ru\/wp-json\/wp\/v2\/product_tag?post=56292"}],"curies":[{"name":"wp","href":"https:\/\/api.w.org\/{rel}","templated":true}]}}