{"id":56288,"date":"2026-04-03T00:28:20","date_gmt":"2026-04-02T21:28:20","guid":{"rendered":"http:\/\/new.ceasuri.md\/shop\/uncategorized\/casio-g-shock-gd-b500-1er\/"},"modified":"2026-04-07T04:53:59","modified_gmt":"2026-04-07T01:53:59","slug":"casio-g-shock-gd-b500-1er","status":"publish","type":"product","link":"https:\/\/ceasuri.md\/ru\/shop\/branduri\/casio\/casio-g-shock-gd-b500-1er\/","title":{"rendered":"Ceas CASIO G-SHOCK GD-B500-1ER"},"content":{"rendered":"<p>Un G-SHOCK compact \u00eentr-un design \u00eendr\u0103zne\u021b \u0219i direct, care mut\u0103 stilul \u00een viitor.<br \/>\nRezistentul GD-B500 digital devine din ce \u00een ce mai mic \u0219i mai sub\u021bire pentru a r\u0103spunde nevoilor actuale, oferind exact ceea ce ave\u021bi nevoie de la un ceas \u00eentr-un design minimalist cu o sensibilitate futurist\u0103.<br \/>\nCu o carcas\u0103 care m\u0103soar\u0103 doar 46,3 mm \u00een diametru \u0219i 11,0 mm sub\u021bire, acest G-SHOCK este semnificativ mai mic dec\u00e2t modelele anterioare. Chiar \u0219i at\u00e2t de mic, acesta vine echipat cu Bluetooth \u0219i un tracker de pa\u0219i, astfel \u00eenc\u00e2t s\u0103 pute\u021bi prelua cu u\u0219urin\u021b\u0103 controlul asupra exerci\u021biilor zilnice.<br \/>\nAlege\u021bi clasicul negru sau alb, sau opta\u021bi pentru GD-B500S-3 \u00een galben fluorescent dinamic cu conectori translucizi pentru band\u0103.<br \/>\nElegant f\u0103r\u0103 efort, GD-B500 de\u021bine cheia c\u0103tre noi posibilit\u0103\u021bi cu G-SHOCK.<\/p>","protected":false},"excerpt":{"rendered":"<p>Un G-SHOCK compact \u00eentr-un design \u00eendr\u0103zne\u021b \u0219i direct, care mut\u0103 stilul \u00een viitor. Rezistentul GD-B500 digital devine din ce \u00een ce mai mic \u0219i mai sub\u021bire pentru a r\u0103spunde nevoilor actuale, oferind exact ceea ce ave\u021bi nevoie de la un ceas \u00eentr-un design minimalist cu o sensibilitate futurist\u0103. Cu o carcas\u0103 care m\u0103soar\u0103 doar 46,3 [&hellip;]<\/p>\n","protected":false},"featured_media":56289,"comment_status":"closed","ping_status":"open","template":"","meta":{"_acf_changed":false},"product_brand":[],"product_cat":[27,20,419],"product_tag":[],"class_list":{"0":"post-56288","1":"product","2":"type-product","3":"status-publish","4":"has-post-thumbnail","6":"product_cat-casio","7":"product_cat-ceasuri-barbati","8":"product_cat-g-shock","9":"pa_brand-casio","10":"pa_brand-g-shock","11":"pa_braslet-plastic","12":"pa_corpus-41x46mm","13":"pa_forma-octogonala","14":"pa_funcii-alarma","15":"pa_funcii-bluetooth-smart","16":"pa_funcii-calendar","17":"pa_funcii-cronometru","18":"pa_funcii-dual-time","19":"pa_funcii-iluminare","20":"pa_funcii-pedometru","21":"pa_funcii-rezerva-de-energie","22":"pa_funcii-total-black","23":"pa_garatia-24-luni","24":"pa_korpus-negru","25":"pa_material-plastic","26":"pa_mehanizm-electronic","27":"pa_remeshok-negru","28":"pa_steklo-cristal-mineral","29":"pa_strana-japonia","30":"pa_voda-20-atm","32":"first","33":"instock","34":"purchasable","35":"product-type-simple"},"acf":[],"_links":{"self":[{"href":"https:\/\/ceasuri.md\/ru\/wp-json\/wp\/v2\/product\/56288","targetHints":{"allow":["GET"]}}],"collection":[{"href":"https:\/\/ceasuri.md\/ru\/wp-json\/wp\/v2\/product"}],"about":[{"href":"https:\/\/ceasuri.md\/ru\/wp-json\/wp\/v2\/types\/product"}],"replies":[{"embeddable":true,"href":"https:\/\/ceasuri.md\/ru\/wp-json\/wp\/v2\/comments?post=56288"}],"wp:featuredmedia":[{"embeddable":true,"href":"https:\/\/ceasuri.md\/ru\/wp-json\/wp\/v2\/media\/56289"}],"wp:attachment":[{"href":"https:\/\/ceasuri.md\/ru\/wp-json\/wp\/v2\/media?parent=56288"}],"wp:term":[{"taxonomy":"product_brand","embeddable":true,"href":"https:\/\/ceasuri.md\/ru\/wp-json\/wp\/v2\/product_brand?post=56288"},{"taxonomy":"product_cat","embeddable":true,"href":"https:\/\/ceasuri.md\/ru\/wp-json\/wp\/v2\/product_cat?post=56288"},{"taxonomy":"product_tag","embeddable":true,"href":"https:\/\/ceasuri.md\/ru\/wp-json\/wp\/v2\/product_tag?post=56288"}],"curies":[{"name":"wp","href":"https:\/\/api.w.org\/{rel}","templated":true}]}}