{"id":56283,"date":"2026-04-03T00:28:20","date_gmt":"2026-04-02T21:28:20","guid":{"rendered":"http:\/\/new.ceasuri.md\/shop\/uncategorized\/casio-g-shock-gm-b2100ad-5aer\/"},"modified":"2026-04-20T01:42:36","modified_gmt":"2026-04-19T22:42:36","slug":"casio-g-shock-gm-b2100ad-5aer","status":"publish","type":"product","link":"https:\/\/ceasuri.md\/ru\/shop\/branduri\/casio\/casio-g-shock-gm-b2100ad-5aer\/","title":{"rendered":"Ceas CASIO G-SHOCK GM-B2100AD-5AER"},"content":{"rendered":"<p>GM-B2100AD-5AER.<br \/>\nConstruc\u021bia luxoas\u0103 complet metalic\u0103, cu o carcas\u0103, o lunet\u0103 \u0219i o br\u0103\u021bar\u0103 din o\u021bel inoxidabil, creeaz\u0103 un design minimalist, protej\u00e2nd \u00een acela\u0219i timp modulul de impact atunci c\u00e2nd cade. Montarea de \u00eenalt\u0103 densitate men\u021bine modulul combinat analog-digital sub\u021bire, oferind \u00een acela\u0219i timp func\u021biile avansate pe care le iubi\u021bi \u00eentr-un profil compact \u0219i o potrivire confortabil\u0103.<br \/>\nNe \u00eentoarcem \u00een timp, cu luneta octogonal\u0103 \u0219i designul cu gropi\u021be al benzii originale din 1983, toate realizate \u00een metal. Luneta din o\u021bel inoxidabil &#8211; format\u0103 tridimensional printr-un proces consumator de timp de forjare, t\u0103iere \u0219i lustruire &#8211; este finisat\u0103 frumos cu un tratament circular al firului de p\u0103r pe suprafa\u021ba superioar\u0103 \u0219i lustruire \u00een oglind\u0103 pe pante.<br \/>\nComponentele de tamponare realizate din r\u0103\u0219in\u0103 fin\u0103 sunt instalate \u00eentre luneta \u0219i carcas\u0103 pentru o structur\u0103 rezistent\u0103 la \u0219ocuri cu un exterior complet metalic.<br \/>\nTurnarea delicat\u0103 a cadranului, realizat\u0103 cu ajutorul tehnologiei de procesare fin\u0103 de la Yamagata Casio, \u0219i depunerea superb\u0103 de vapori de culoarea cuprului adaug\u0103 tu\u0219e finale de rafinament \u0219i calitate.<br \/>\nSe \u00eemperecheaz\u0103 cu un smartphone prin Bluetooth\u00ae. Pur \u0219i simplu atinge\u021bi aplica\u021bia dedicat\u0103 pentru o cronometrare de precizie care v\u0103 men\u021bine pe drumul cel bun. Cu Tough Solar, o lumin\u0103 LED cu luminozitate ridicat\u0103 \u0219i o serie de alte func\u021bii convenabile, acesta este un ceas care ofer\u0103 stil \u0219i utilitate practic\u0103.<\/p>","protected":false},"excerpt":{"rendered":"<p>GM-B2100AD-5AER. Construc\u021bia luxoas\u0103 complet metalic\u0103, cu o carcas\u0103, o lunet\u0103 \u0219i o br\u0103\u021bar\u0103 din o\u021bel inoxidabil, creeaz\u0103 un design minimalist, protej\u00e2nd \u00een acela\u0219i timp modulul de impact atunci c\u00e2nd cade. Montarea de \u00eenalt\u0103 densitate men\u021bine modulul combinat analog-digital sub\u021bire, oferind \u00een acela\u0219i timp func\u021biile avansate pe care le iubi\u021bi \u00eentr-un profil compact \u0219i o potrivire [&hellip;]<\/p>\n","protected":false},"featured_media":56284,"comment_status":"closed","ping_status":"open","template":"","meta":{"_acf_changed":false},"product_brand":[],"product_cat":[27,20,419],"product_tag":[],"class_list":{"0":"post-56283","1":"product","2":"type-product","3":"status-publish","4":"has-post-thumbnail","6":"product_cat-casio","7":"product_cat-ceasuri-barbati","8":"product_cat-g-shock","9":"pa_brand-casio","10":"pa_brand-g-shock","11":"pa_braslet-otel-inoxidabil","12":"pa_corpus-44-mm","13":"pa_forma-octogonala","14":"pa_funcii-alarma","15":"pa_funcii-bluetooth-smart","16":"pa_funcii-calendar","17":"pa_funcii-cronometru","18":"pa_funcii-iluminare","19":"pa_funcii-rezerva-de-energie","20":"pa_funcii-timp-mondial","21":"pa_funcii-ziua-saptamanii","22":"pa_garatia-24-luni","23":"pa_korpus-argintiu","24":"pa_kvarc-quartz","25":"pa_material-otel-inoxidabil","26":"pa_mehanizm-baterie-solara","27":"pa_mehanizm-electronic","28":"pa_mehanizm-quartz","29":"pa_remeshok-argintiu","30":"pa_steklo-cristal-mineral","31":"pa_strana-japonia","32":"pa_voda-20-atm","34":"first","35":"instock","36":"purchasable","37":"product-type-simple"},"acf":[],"_links":{"self":[{"href":"https:\/\/ceasuri.md\/ru\/wp-json\/wp\/v2\/product\/56283","targetHints":{"allow":["GET"]}}],"collection":[{"href":"https:\/\/ceasuri.md\/ru\/wp-json\/wp\/v2\/product"}],"about":[{"href":"https:\/\/ceasuri.md\/ru\/wp-json\/wp\/v2\/types\/product"}],"replies":[{"embeddable":true,"href":"https:\/\/ceasuri.md\/ru\/wp-json\/wp\/v2\/comments?post=56283"}],"wp:featuredmedia":[{"embeddable":true,"href":"https:\/\/ceasuri.md\/ru\/wp-json\/wp\/v2\/media\/56284"}],"wp:attachment":[{"href":"https:\/\/ceasuri.md\/ru\/wp-json\/wp\/v2\/media?parent=56283"}],"wp:term":[{"taxonomy":"product_brand","embeddable":true,"href":"https:\/\/ceasuri.md\/ru\/wp-json\/wp\/v2\/product_brand?post=56283"},{"taxonomy":"product_cat","embeddable":true,"href":"https:\/\/ceasuri.md\/ru\/wp-json\/wp\/v2\/product_cat?post=56283"},{"taxonomy":"product_tag","embeddable":true,"href":"https:\/\/ceasuri.md\/ru\/wp-json\/wp\/v2\/product_tag?post=56283"}],"curies":[{"name":"wp","href":"https:\/\/api.w.org\/{rel}","templated":true}]}}