{"id":56278,"date":"2026-04-03T00:28:20","date_gmt":"2026-04-02T21:28:20","guid":{"rendered":"http:\/\/new.ceasuri.md\/shop\/uncategorized\/casio-g-shock-gmc-b2100ad-2aer\/"},"modified":"2026-04-07T04:53:58","modified_gmt":"2026-04-07T01:53:58","slug":"casio-g-shock-gmc-b2100ad-2aer","status":"publish","type":"product","link":"https:\/\/ceasuri.md\/ru\/shop\/branduri\/casio\/casio-g-shock-gmc-b2100ad-2aer\/","title":{"rendered":"Ceas CASIO G-SHOCK GMC-B2100AD-2AER"},"content":{"rendered":"<p>V\u0103 prezent\u0103m cronograful complet din metal al liniei de ceasuri 2100 \u00een continu\u0103 evolu\u021bie, care mo\u0219tene\u0219te mo\u0219tenirea primului G-SHOCK, DW-5000C.<br \/>\nNe \u00eentoarcem la modelul original din 1983, cu luneta octogonal\u0103 \u0219i designul br\u0103\u021b\u0103rii cu gropi\u021be, dar toate realizate \u00een metal, cu carcasa, luneta \u0219i br\u0103\u021bara din o\u021bel inoxidabil.<br \/>\n\u00centre luneta \u0219i carcas\u0103 sunt instalate componente de tamponare din r\u0103\u0219in\u0103 fin\u0103 pentru o structur\u0103 rezistent\u0103 la \u0219ocuri cu un exterior complet metalic. Luneta &#8211; format\u0103 tridimensional \u00eentr-un proces de forjare, t\u0103iere \u0219i lustruire care necesit\u0103 mult timp &#8211; este finisat\u0103 frumos.<br \/>\nTurnarea delicat\u0103 \u0219i depunerea de vapori a tehnologiilor de procesare de ultraprecizie Casio adaug\u0103 sofisticare \u0219i calitate indicilor \u0219i inelelor cadranului inserate.<br \/>\nCoroana cu blocare prin \u0219urub este proiectat\u0103 \u00een aceea\u0219i form\u0103 octogonal\u0103 ca \u0219i luneta pentru o carcas\u0103 mai compact\u0103, f\u0103r\u0103 a sacrifica rezisten\u021ba excep\u021bional\u0103 la \u0219ocuri G-SHOCK.<br \/>\nMontarea de \u00eenalt\u0103 densitate men\u021bine modulul sub\u021bire, oferind \u00een acela\u0219i timp func\u021biile avansate pe care le iubi\u021bi \u00eentr-un profil compact \u0219i o potrivire confortabil\u0103.<br \/>\nSe \u00eemperecheaz\u0103 cu un smartphone prin Bluetooth\u00ae. Pur \u0219i simplu atinge\u021bi aplica\u021bia dedicat\u0103 pentru o cronometrare precis\u0103 care v\u0103 men\u021bine pe drumul cel bun. Cu Tough Solar, o lumin\u0103 LED cu luminozitate ridicat\u0103 \u0219i o serie de alte func\u021bii convenabile, acesta este un ceas care ofer\u0103 at\u00e2t un stil superior, c\u00e2t \u0219i o utilitate practic\u0103.<\/p>","protected":false},"excerpt":{"rendered":"<p>V\u0103 prezent\u0103m cronograful complet din metal al liniei de ceasuri 2100 \u00een continu\u0103 evolu\u021bie, care mo\u0219tene\u0219te mo\u0219tenirea primului G-SHOCK, DW-5000C. Ne \u00eentoarcem la modelul original din 1983, cu luneta octogonal\u0103 \u0219i designul br\u0103\u021b\u0103rii cu gropi\u021be, dar toate realizate \u00een metal, cu carcasa, luneta \u0219i br\u0103\u021bara din o\u021bel inoxidabil. \u00centre luneta \u0219i carcas\u0103 sunt instalate componente [&hellip;]<\/p>\n","protected":false},"featured_media":56279,"comment_status":"closed","ping_status":"open","template":"","meta":{"_acf_changed":false},"product_brand":[],"product_cat":[27,20,419],"product_tag":[],"class_list":{"0":"post-56278","1":"product","2":"type-product","3":"status-publish","4":"has-post-thumbnail","6":"product_cat-casio","7":"product_cat-ceasuri-barbati","8":"product_cat-g-shock","9":"pa_brand-casio","10":"pa_brand-g-shock","11":"pa_braslet-otel-inoxidabil","12":"pa_corpus-46-mm","13":"pa_forma-octogonala","14":"pa_funcii-alarma","15":"pa_funcii-bluetooth-smart","16":"pa_funcii-cronograf","17":"pa_funcii-data","18":"pa_funcii-dual-time","19":"pa_funcii-iluminare","20":"pa_funcii-rezerva-de-energie","21":"pa_funcii-ziua-saptamanii","22":"pa_garatia-24-luni","23":"pa_korpus-argintiu","24":"pa_material-otel-inoxidabil","25":"pa_mehanizm-baterie-solara","26":"pa_mehanizm-quartz","27":"pa_remeshok-argintiu","28":"pa_steklo-cristal-mineral","29":"pa_strana-japonia","30":"pa_voda-20-atm","32":"first","33":"instock","34":"purchasable","35":"product-type-simple"},"acf":[],"_links":{"self":[{"href":"https:\/\/ceasuri.md\/ru\/wp-json\/wp\/v2\/product\/56278","targetHints":{"allow":["GET"]}}],"collection":[{"href":"https:\/\/ceasuri.md\/ru\/wp-json\/wp\/v2\/product"}],"about":[{"href":"https:\/\/ceasuri.md\/ru\/wp-json\/wp\/v2\/types\/product"}],"replies":[{"embeddable":true,"href":"https:\/\/ceasuri.md\/ru\/wp-json\/wp\/v2\/comments?post=56278"}],"wp:featuredmedia":[{"embeddable":true,"href":"https:\/\/ceasuri.md\/ru\/wp-json\/wp\/v2\/media\/56279"}],"wp:attachment":[{"href":"https:\/\/ceasuri.md\/ru\/wp-json\/wp\/v2\/media?parent=56278"}],"wp:term":[{"taxonomy":"product_brand","embeddable":true,"href":"https:\/\/ceasuri.md\/ru\/wp-json\/wp\/v2\/product_brand?post=56278"},{"taxonomy":"product_cat","embeddable":true,"href":"https:\/\/ceasuri.md\/ru\/wp-json\/wp\/v2\/product_cat?post=56278"},{"taxonomy":"product_tag","embeddable":true,"href":"https:\/\/ceasuri.md\/ru\/wp-json\/wp\/v2\/product_tag?post=56278"}],"curies":[{"name":"wp","href":"https:\/\/api.w.org\/{rel}","templated":true}]}}