{"id":56265,"date":"2026-04-03T00:28:20","date_gmt":"2026-04-02T21:28:20","guid":{"rendered":"http:\/\/new.ceasuri.md\/shop\/uncategorized\/casio-g-shock-gmc-b2100ze-1aer\/"},"modified":"2026-04-20T01:42:39","modified_gmt":"2026-04-19T22:42:39","slug":"casio-g-shock-gmc-b2100ze-1aer","status":"publish","type":"product","link":"https:\/\/ceasuri.md\/ru\/shop\/branduri\/casio\/casio-g-shock-gmc-b2100ze-1aer\/","title":{"rendered":"Ceas CASIO G-SHOCK GMC-B2100ZE-1AER"},"content":{"rendered":"<p>S\u0103rb\u0103tori\u021bi 50 de ani de ceasuri Casio cu un ceas G-SHOCK care str\u0103luce\u0219te cu pasiunea Casio pentru noi valori \u0219i inova\u021bie constant\u0103.<br \/>\nGMC-B2100ZE \u00eentruchipeaz\u0103 spiritul m\u0103iestriei inspirat de emo\u021bia de a \u201eface ceva din nimic\u201d &#8211; emo\u021bia de a trece de la \u201e0\u201d la \u201e1\u201d.<br \/>\nAcest cronograf G-SHOCK complet metalic are o schem\u0103 de culori negru \u0219i auriu care evoc\u0103 prima p\u00e2lp\u00e2ire de lumin\u0103, acea sc\u00e2nteie a me\u0219te\u0219ugului inovator, unde \u00eencepe crearea de noi valori.<br \/>\nSingura verig\u0103 de culoare aurie de pe o alt\u0103 band\u0103 neagr\u0103 placat\u0103 cu ioni este o atingere special\u0103 care atrage aten\u021bia, p\u00e2lp\u00e2ind ca o lumin\u0103 care sparge \u00eentunericul \u0219i lumineaz\u0103 calea c\u0103tre inova\u021bia \u00een materie de valoare. Veriga este, de asemenea, gravat\u0103 cu laser cu \u201e50th ANNIVERSARY\u201d. Ca o atingere special\u0103 de design, perimetrul exterior al cadranului este imprimat cu 0 \u0219i 1, capt\u00e2nd devotamentul Casio fa\u021b\u0103 de arta de a face ceva din nimic.<br \/>\nCoroana cu \u0219urub este proiectat\u0103 \u00een aceea\u0219i form\u0103 octogonal\u0103 ca \u0219i luneta, pentru un ceas mai compact, f\u0103r\u0103 a sacrifica rezisten\u021ba excep\u021bional\u0103 la \u0219ocuri G-SHOCK.<br \/>\nMontarea de \u00eenalt\u0103 densitate men\u021bine modulul cronograf sub\u021bire, oferind \u00een acela\u0219i timp func\u021biile avansate pe care le iubi\u021bi \u00eentr-un profil compact \u0219i o potrivire confortabil\u0103.<\/p>","protected":false},"excerpt":{"rendered":"<p>S\u0103rb\u0103tori\u021bi 50 de ani de ceasuri Casio cu un ceas G-SHOCK care str\u0103luce\u0219te cu pasiunea Casio pentru noi valori \u0219i inova\u021bie constant\u0103. GMC-B2100ZE \u00eentruchipeaz\u0103 spiritul m\u0103iestriei inspirat de emo\u021bia de a \u201eface ceva din nimic\u201d &#8211; emo\u021bia de a trece de la \u201e0\u201d la \u201e1\u201d. Acest cronograf G-SHOCK complet metalic are o schem\u0103 de culori [&hellip;]<\/p>\n","protected":false},"featured_media":56266,"comment_status":"closed","ping_status":"open","template":"","meta":{"_acf_changed":false},"product_brand":[],"product_cat":[27,20,419],"product_tag":[],"class_list":{"0":"post-56265","1":"product","2":"type-product","3":"status-publish","4":"has-post-thumbnail","6":"product_cat-casio","7":"product_cat-ceasuri-barbati","8":"product_cat-g-shock","9":"pa_brand-casio","10":"pa_brand-g-shock","11":"pa_braslet-otel-inoxidabil","12":"pa_corpus-46-mm","13":"pa_forma-octogonala","14":"pa_funcii-alarma","15":"pa_funcii-bluetooth-smart","16":"pa_funcii-cronograf","17":"pa_funcii-data","18":"pa_funcii-dual-time","19":"pa_funcii-iluminare","20":"pa_funcii-rezerva-de-energie","21":"pa_funcii-special-edition","22":"pa_funcii-ziua-saptamanii","23":"pa_garatia-24-luni","24":"pa_korpus-negru","25":"pa_kvarc-quartz","26":"pa_material-otel-inoxidabil","27":"pa_mehanizm-baterie-solara","28":"pa_mehanizm-quartz","29":"pa_remeshok-auriu","30":"pa_remeshok-negru","31":"pa_steklo-cristal-mineral","32":"pa_strana-japonia","33":"pa_voda-20-atm","35":"first","36":"instock","37":"purchasable","38":"product-type-simple"},"acf":[],"_links":{"self":[{"href":"https:\/\/ceasuri.md\/ru\/wp-json\/wp\/v2\/product\/56265","targetHints":{"allow":["GET"]}}],"collection":[{"href":"https:\/\/ceasuri.md\/ru\/wp-json\/wp\/v2\/product"}],"about":[{"href":"https:\/\/ceasuri.md\/ru\/wp-json\/wp\/v2\/types\/product"}],"replies":[{"embeddable":true,"href":"https:\/\/ceasuri.md\/ru\/wp-json\/wp\/v2\/comments?post=56265"}],"wp:featuredmedia":[{"embeddable":true,"href":"https:\/\/ceasuri.md\/ru\/wp-json\/wp\/v2\/media\/56266"}],"wp:attachment":[{"href":"https:\/\/ceasuri.md\/ru\/wp-json\/wp\/v2\/media?parent=56265"}],"wp:term":[{"taxonomy":"product_brand","embeddable":true,"href":"https:\/\/ceasuri.md\/ru\/wp-json\/wp\/v2\/product_brand?post=56265"},{"taxonomy":"product_cat","embeddable":true,"href":"https:\/\/ceasuri.md\/ru\/wp-json\/wp\/v2\/product_cat?post=56265"},{"taxonomy":"product_tag","embeddable":true,"href":"https:\/\/ceasuri.md\/ru\/wp-json\/wp\/v2\/product_tag?post=56265"}],"curies":[{"name":"wp","href":"https:\/\/api.w.org\/{rel}","templated":true}]}}