{"id":56259,"date":"2026-04-03T00:28:20","date_gmt":"2026-04-02T21:28:20","guid":{"rendered":"http:\/\/new.ceasuri.md\/shop\/uncategorized\/casio-g-shock-gmw-b5000d-3er\/"},"modified":"2026-04-15T20:56:33","modified_gmt":"2026-04-15T17:56:33","slug":"casio-g-shock-gmw-b5000d-3er","status":"publish","type":"product","link":"https:\/\/ceasuri.md\/ru\/shop\/branduri\/casio\/casio-g-shock-gmw-b5000d-3er\/","title":{"rendered":"Ceas CASIO G-SHOCK GMW-B5000D-3ER"},"content":{"rendered":"<p>V\u0103 prezent\u0103m linia GMW-B5000 de ceasuri full-metal care ofer\u0103 func\u021bionalitate de ultim\u0103 or\u0103 \u00eentr-un design fidel primului G-SHOCK.<br \/>\nModelul GMW-B5000-3 mo\u0219tene\u0219te aceast\u0103 mo\u0219tenire \u0219i o duce mai departe \u00eentr-un design G-SHOCK complet metalic, rafinat f\u0103r\u0103 efort, cu o str\u0103lucire argintie accentuat\u0103 de un contur de verde proasp\u0103t.<br \/>\nComponentele de amortizare din r\u0103\u0219in\u0103 fin\u0103 instalate \u00eentre luneta \u0219i carcasa din o\u021bel inoxidabil ofer\u0103 o structur\u0103 rezistent\u0103 la \u0219ocuri \u00eentr-un ceas complet metalic. Tehnologia de montare de \u00eenalt\u0103 densitate men\u021bine acest ceas la fel de sub\u021bire \u0219i compact ca \u0219i alte modele GMW-B5000.<br \/>\nCapacul solid al carcasei, cu \u00eenchidere prin \u0219urub, finisat cu strat DLC, ofer\u0103 o rezisten\u021b\u0103 \u0219i mai mare la abraziune. Dimplomele aplicate pe piesele metalice ale br\u0103\u021b\u0103rii reproduc aspectul br\u0103\u021b\u0103rii din r\u0103\u0219in\u0103 a primului G-SHOCK, \u00een timp ce panoul solar cu film \u0219i afi\u0219ajul digital STN-LCD ofer\u0103 o vizibilitate excep\u021bional\u0103 \u0219i o citire mai u\u0219oar\u0103.<br \/>\nAcest ceas inovator ofer\u0103, de asemenea, func\u021bionalitate complet\u0103. Desc\u0103rca\u021bi aplica\u021bia dedicat\u0103 pentru a v\u0103 asocia cu smartphone-ul prin Bluetooth\u00ae. Cu controlul radio Multiband 6 pentru cronometrarea automat\u0103 de precizie, Tough Solar pentru func\u021bionarea stabil\u0103 a func\u021biilor, iluminare de fundal LED automat\u0103 complet\u0103 de \u00eenalt\u0103 luminozitate, ora mondial\u0103, afi\u0219ajul zilei \u00een \u0219ase limbi \u0219i multe altele, ve\u021bi fi la performan\u021b\u0103 maxim\u0103.<\/p>","protected":false},"excerpt":{"rendered":"<p>V\u0103 prezent\u0103m linia GMW-B5000 de ceasuri full-metal care ofer\u0103 func\u021bionalitate de ultim\u0103 or\u0103 \u00eentr-un design fidel primului G-SHOCK. Modelul GMW-B5000-3 mo\u0219tene\u0219te aceast\u0103 mo\u0219tenire \u0219i o duce mai departe \u00eentr-un design G-SHOCK complet metalic, rafinat f\u0103r\u0103 efort, cu o str\u0103lucire argintie accentuat\u0103 de un contur de verde proasp\u0103t. Componentele de amortizare din r\u0103\u0219in\u0103 fin\u0103 instalate \u00eentre [&hellip;]<\/p>\n","protected":false},"featured_media":56260,"comment_status":"closed","ping_status":"open","template":"","meta":{"_acf_changed":false},"product_brand":[],"product_cat":[27,20,419],"product_tag":[],"class_list":{"0":"post-56259","1":"product","2":"type-product","3":"status-publish","4":"has-post-thumbnail","6":"product_cat-casio","7":"product_cat-ceasuri-barbati","8":"product_cat-g-shock","9":"pa_brand-casio","10":"pa_brand-g-shock","11":"pa_braslet-otel-inoxidabil","12":"pa_corpus-43x49mm","13":"pa_forma-octogonala","14":"pa_funcii-alarma","15":"pa_funcii-bluetooth-smart","16":"pa_funcii-calendar","17":"pa_funcii-cronometru","18":"pa_funcii-iluminare","19":"pa_funcii-rezerva-de-energie","20":"pa_funcii-timp-mondial","21":"pa_garatia-24-luni","22":"pa_korpus-argintiu","23":"pa_kvarc-quartz","24":"pa_material-otel-inoxidabil","25":"pa_mehanizm-baterie-solara","26":"pa_mehanizm-electronic","27":"pa_remeshok-argintiu","28":"pa_steklo-cristal-mineral","29":"pa_strana-japonia","30":"pa_voda-20-atm","32":"first","33":"instock","34":"purchasable","35":"product-type-simple"},"acf":[],"_links":{"self":[{"href":"https:\/\/ceasuri.md\/ru\/wp-json\/wp\/v2\/product\/56259","targetHints":{"allow":["GET"]}}],"collection":[{"href":"https:\/\/ceasuri.md\/ru\/wp-json\/wp\/v2\/product"}],"about":[{"href":"https:\/\/ceasuri.md\/ru\/wp-json\/wp\/v2\/types\/product"}],"replies":[{"embeddable":true,"href":"https:\/\/ceasuri.md\/ru\/wp-json\/wp\/v2\/comments?post=56259"}],"wp:featuredmedia":[{"embeddable":true,"href":"https:\/\/ceasuri.md\/ru\/wp-json\/wp\/v2\/media\/56260"}],"wp:attachment":[{"href":"https:\/\/ceasuri.md\/ru\/wp-json\/wp\/v2\/media?parent=56259"}],"wp:term":[{"taxonomy":"product_brand","embeddable":true,"href":"https:\/\/ceasuri.md\/ru\/wp-json\/wp\/v2\/product_brand?post=56259"},{"taxonomy":"product_cat","embeddable":true,"href":"https:\/\/ceasuri.md\/ru\/wp-json\/wp\/v2\/product_cat?post=56259"},{"taxonomy":"product_tag","embeddable":true,"href":"https:\/\/ceasuri.md\/ru\/wp-json\/wp\/v2\/product_tag?post=56259"}],"curies":[{"name":"wp","href":"https:\/\/api.w.org\/{rel}","templated":true}]}}