{"id":56251,"date":"2026-04-03T00:28:20","date_gmt":"2026-04-02T21:28:20","guid":{"rendered":"http:\/\/new.ceasuri.md\/shop\/uncategorized\/casio-collection-str-300-1ceg\/"},"modified":"2026-04-20T01:42:41","modified_gmt":"2026-04-19T22:42:41","slug":"casio-collection-str-300-1ceg","status":"publish","type":"product","link":"https:\/\/ceasuri.md\/ru\/shop\/branduri\/casio\/casio-collection-str-300-1ceg\/","title":{"rendered":"\u0427\u0430\u0441\u044b CASIO COLLECTION STR-300-1CEG"},"content":{"rendered":"<p>Casio Collection STR-300-1CEG este un ceas cu cuar\u021b versatil, ideal at\u00e2t pentru utilizarea zilnic\u0103, c\u00e2t \u0219i pentru sport. Carcasa \u0219i cureaua din plastic negru asigur\u0103 confort \u0219i durabilitate. Ceasul are multe caracteristici practice, inclusiv iluminare automat\u0103, cronometru (p\u00e2n\u0103 la 100 de ore) cu memorie pentru 60 de rezultate, 5 alarme zilnice \u0219i calendar automat. Rezistent la ap\u0103 p\u00e2n\u0103 la 50 de metri \u0219i cu o durat\u0103 de via\u021b\u0103 a bateriei de 10 ani, acest model este garantat s\u0103 dureze mul\u021bi ani.<br \/>\nCu o baterie de 10 ani, ceasul Series STR300 nu este doar puternic, ci \u0219i prietenos cu mediul. Aceast\u0103 baterie de lung\u0103 durat\u0103 va oferi date fiabile de antrenament pentru anii urm\u0103tori. Un cronometru cu memorie de 60 de ture, alarm\u0103 de ritm, calculare a distan\u021bei, activat de butonul frontal, v\u0103 va \u021bine la urm\u0103toarea alergare.<\/p>","protected":false},"excerpt":{"rendered":"<p>Casio Collection STR-300-1CEG este un ceas cu cuar\u021b versatil, ideal at\u00e2t pentru utilizarea zilnic\u0103, c\u00e2t \u0219i pentru sport. Carcasa \u0219i cureaua din plastic negru asigur\u0103 confort \u0219i durabilitate. Ceasul are multe caracteristici practice, inclusiv iluminare automat\u0103, cronometru (p\u00e2n\u0103 la 100 de ore) cu memorie pentru 60 de rezultate, 5 alarme zilnice \u0219i calendar automat. Rezistent [&hellip;]<\/p>\n","protected":false},"featured_media":56252,"comment_status":"closed","ping_status":"open","template":"","meta":{"_acf_changed":false},"product_brand":[],"product_cat":[27,25],"product_tag":[],"class_list":{"0":"post-56251","1":"product","2":"type-product","3":"status-publish","4":"has-post-thumbnail","6":"product_cat-casio","7":"product_cat-ceasuri-dama","8":"pa_brand-casio","9":"pa_braslet-plastic","10":"pa_corpus-35x48mm","11":"pa_forma-atipica","12":"pa_funcii-alarma","13":"pa_funcii-calendar","14":"pa_funcii-cronometru","15":"pa_funcii-dual-time","16":"pa_funcii-iluminare","17":"pa_garatia-24-luni","18":"pa_korpus-negru","19":"pa_kvarc-quartz","20":"pa_material-plastic","21":"pa_mehanizm-electronic","22":"pa_mehanizm-quartz","23":"pa_remeshok-negru","24":"pa_steklo-plastic","25":"pa_strana-japonia","26":"pa_voda-5-atm","28":"first","29":"instock","30":"purchasable","31":"product-type-simple"},"acf":[],"_links":{"self":[{"href":"https:\/\/ceasuri.md\/ru\/wp-json\/wp\/v2\/product\/56251","targetHints":{"allow":["GET"]}}],"collection":[{"href":"https:\/\/ceasuri.md\/ru\/wp-json\/wp\/v2\/product"}],"about":[{"href":"https:\/\/ceasuri.md\/ru\/wp-json\/wp\/v2\/types\/product"}],"replies":[{"embeddable":true,"href":"https:\/\/ceasuri.md\/ru\/wp-json\/wp\/v2\/comments?post=56251"}],"wp:featuredmedia":[{"embeddable":true,"href":"https:\/\/ceasuri.md\/ru\/wp-json\/wp\/v2\/media\/56252"}],"wp:attachment":[{"href":"https:\/\/ceasuri.md\/ru\/wp-json\/wp\/v2\/media?parent=56251"}],"wp:term":[{"taxonomy":"product_brand","embeddable":true,"href":"https:\/\/ceasuri.md\/ru\/wp-json\/wp\/v2\/product_brand?post=56251"},{"taxonomy":"product_cat","embeddable":true,"href":"https:\/\/ceasuri.md\/ru\/wp-json\/wp\/v2\/product_cat?post=56251"},{"taxonomy":"product_tag","embeddable":true,"href":"https:\/\/ceasuri.md\/ru\/wp-json\/wp\/v2\/product_tag?post=56251"}],"curies":[{"name":"wp","href":"https:\/\/api.w.org\/{rel}","templated":true}]}}