{"id":56172,"date":"2026-04-03T00:27:27","date_gmt":"2026-04-02T21:27:27","guid":{"rendered":"http:\/\/new.ceasuri.md\/shop\/uncategorized\/mathey-tissot-evasion-chrono-h152chas\/"},"modified":"2026-04-20T01:44:11","modified_gmt":"2026-04-19T22:44:11","slug":"mathey-tissot-evasion-chrono-h152chas","status":"publish","type":"product","link":"https:\/\/ceasuri.md\/ru\/shop\/branduri\/mathey-tissot\/mathey-tissot-evasion-chrono-h152chas\/","title":{"rendered":"\u0427\u0430\u0441\u044b MATHEY-TISSOT Evasion Chrono H152CHAS"},"content":{"rendered":"<p>\u00cen satul elve\u021bian Le Pont-de-Martel, situat \u00eentr-una dintre cele mai frumoase v\u0103i ale Elve\u021biei, compania de ceasuri Mathey-Tissot a fost fondat\u0103 \u00een 1886. A\u0219a a \u00eenceput o poveste unic\u0103 despre calitate, integritate \u0219i o abordare personalizat\u0103 a fiec\u0103rui client.<\/p>\n<p>Ini\u021bial, Mathey-Tissot s-a specializat \u00een ceasuri cu repeti\u021bie care marcau orele \u0219i jum\u0103t\u0103\u021bile de or\u0103. Compania a trecut cur\u00e2nd la producerea de cronografe (ceasuri de oprire), realizate cu at\u00e2ta ingeniozitate \u0219i precizie \u00eenc\u00e2t au devenit un succes instantaneu.<\/p>\n<p>Pentru calitatea sa excep\u021bional\u0103, compania a primit numeroase premii \u0219i titluri onorifice \u00een \u00eentreaga Europ\u0103.<\/p>\n<p>Ast\u0103zi, colec\u021bia de ceasuri de m\u00e2n\u0103 Mathey-Tissot include at\u00e2t modele pentru b\u0103rba\u021bi, c\u00e2t \u0219i pentru femei. Toate modelele se disting printr-un design rafinat, elegant \u0219i un \u0219ic discret.<\/p>\n<p>Temeiul succesului Mathey-Tissot este calitatea \u00eenalt\u0103. Toate ceasurile sunt asamblate exclusiv manual.<\/p>\n<p>De asemenea, merit\u0103 men\u021bionat faptul c\u0103 Mathey-Tissot a fost o companie independent\u0103 \u00eenc\u0103 de la \u00eenceput, ceea ce o diferen\u021biaz\u0103 de alte m\u0103rci care au fost achizi\u021bionate de mari concernuri interna\u021bionale \u00een ultimii ani.<\/p>","protected":false},"excerpt":{"rendered":"<p>\u00cen satul elve\u021bian Le Pont-de-Martel, situat \u00eentr-una dintre cele mai frumoase v\u0103i ale Elve\u021biei, compania de ceasuri Mathey-Tissot a fost fondat\u0103 \u00een 1886. A\u0219a a \u00eenceput o poveste unic\u0103 despre calitate, integritate \u0219i o abordare personalizat\u0103 a fiec\u0103rui client. Ini\u021bial, Mathey-Tissot s-a specializat \u00een ceasuri cu repeti\u021bie care marcau orele \u0219i jum\u0103t\u0103\u021bile de or\u0103. Compania [&hellip;]<\/p>\n","protected":false},"featured_media":56173,"comment_status":"closed","ping_status":"open","template":"","meta":{"_acf_changed":false},"product_brand":[],"product_cat":[20,634],"product_tag":[],"class_list":{"0":"post-56172","1":"product","2":"type-product","3":"status-publish","4":"has-post-thumbnail","6":"product_cat-ceasuri-barbati","7":"product_cat-mathey-tissot","8":"pa_brand-mathey-tissot","9":"pa_braslet-otel-inoxidabil","10":"pa_corpus-42-mm","11":"pa_forma-patrat","12":"pa_funcii-cronograf","13":"pa_funcii-data","14":"pa_funcii-special-edition","15":"pa_garatia-24-luni","16":"pa_korpus-argintiu","17":"pa_kvarc-quartz","18":"pa_material-otel-inoxidabil","19":"pa_mehanizm-quartz","20":"pa_remeshok-argintiu","21":"pa_steklo-cristal-safir","22":"pa_strana-elvetia","23":"pa_voda-10-atm","25":"first","26":"instock","27":"purchasable","28":"product-type-simple"},"acf":[],"_links":{"self":[{"href":"https:\/\/ceasuri.md\/ru\/wp-json\/wp\/v2\/product\/56172","targetHints":{"allow":["GET"]}}],"collection":[{"href":"https:\/\/ceasuri.md\/ru\/wp-json\/wp\/v2\/product"}],"about":[{"href":"https:\/\/ceasuri.md\/ru\/wp-json\/wp\/v2\/types\/product"}],"replies":[{"embeddable":true,"href":"https:\/\/ceasuri.md\/ru\/wp-json\/wp\/v2\/comments?post=56172"}],"wp:featuredmedia":[{"embeddable":true,"href":"https:\/\/ceasuri.md\/ru\/wp-json\/wp\/v2\/media\/56173"}],"wp:attachment":[{"href":"https:\/\/ceasuri.md\/ru\/wp-json\/wp\/v2\/media?parent=56172"}],"wp:term":[{"taxonomy":"product_brand","embeddable":true,"href":"https:\/\/ceasuri.md\/ru\/wp-json\/wp\/v2\/product_brand?post=56172"},{"taxonomy":"product_cat","embeddable":true,"href":"https:\/\/ceasuri.md\/ru\/wp-json\/wp\/v2\/product_cat?post=56172"},{"taxonomy":"product_tag","embeddable":true,"href":"https:\/\/ceasuri.md\/ru\/wp-json\/wp\/v2\/product_tag?post=56172"}],"curies":[{"name":"wp","href":"https:\/\/api.w.org\/{rel}","templated":true}]}}