{"id":55767,"date":"2026-04-03T00:22:42","date_gmt":"2026-04-02T21:22:42","guid":{"rendered":"http:\/\/new.ceasuri.md\/shop\/uncategorized\/mathey-tissot-mathy-iii-automatic-h1810atbi\/"},"modified":"2026-04-07T04:52:14","modified_gmt":"2026-04-07T01:52:14","slug":"mathey-tissot-mathy-iii-automatic-h1810atbi","status":"publish","type":"product","link":"https:\/\/ceasuri.md\/ru\/shop\/branduri\/mathey-tissot\/mathey-tissot-mathy-iii-automatic-h1810atbi\/","title":{"rendered":"Ceas MATHEY-TISSOT Mathy III Automatic H1810ATBI"},"content":{"rendered":"<p>\u00cen satul elve\u021bian Le Pont de Martel, situat \u00eentr-una dintre cele mai frumoase v\u0103i din Elve\u021bia, compania orologer\u0103 Mathey-Tissot a fost fondat\u0103 \u00een 1886. A \u00eenceput o poveste unic\u0103 de calitate, integritate \u0219i servicii personalizate.<br \/>\nMathey-Tissot s-a specializat ini\u021bial \u00een ceasuri cu \u201erepeti\u021bie\u201d, care b\u0103teau ora \u0219i jum\u0103tatea de or\u0103. \u00een cur\u00e2nd, compania a trecut la produc\u021bia de cronografe (cronometre), implementate cu at\u00e2ta ingeniozitate \u0219i precizie \u00eenc\u00e2t au devenit un succes instantaneu. Numeroase premii \u0219i distinc\u021bii au fost colectate \u00een \u00eentreaga Europ\u0103 pentru cea mai \u00eenalt\u0103 calitate.<br \/>\nAst\u0103zi, colec\u021bia de ceasuri de m\u00e2n\u0103 Mathey-Tissot include at\u00e2t linii pentru b\u0103rba\u021bi, c\u00e2t \u0219i pentru femei. Toate modelele sunt caracterizate de un design subtil, elegant \u0219i de un \u0219ic discret. Baza succesului Mathey-Tissot este calitatea \u00eenalt\u0103. Ceasurile sunt asamblate exclusiv manual.<br \/>\nDe asemenea, este demn de remarcat faptul c\u0103 Mathey-Tissot a fost din prima zi o companie independent\u0103, ceea ce o distinge de alte m\u0103rci care, \u00een ultimii ani, au fost absorbite de mari concerne interna\u021bionale.<\/p>","protected":false},"excerpt":{"rendered":"<p>\u00cen satul elve\u021bian Le Pont de Martel, situat \u00eentr-una dintre cele mai frumoase v\u0103i din Elve\u021bia, compania orologer\u0103 Mathey-Tissot a fost fondat\u0103 \u00een 1886. A \u00eenceput o poveste unic\u0103 de calitate, integritate \u0219i servicii personalizate. Mathey-Tissot s-a specializat ini\u021bial \u00een ceasuri cu \u201erepeti\u021bie\u201d, care b\u0103teau ora \u0219i jum\u0103tatea de or\u0103. \u00een cur\u00e2nd, compania a trecut [&hellip;]<\/p>\n","protected":false},"featured_media":55768,"comment_status":"closed","ping_status":"open","template":"","meta":{"_acf_changed":false},"product_brand":[],"product_cat":[20,634],"product_tag":[],"class_list":{"0":"post-55767","1":"product","2":"type-product","3":"status-publish","4":"has-post-thumbnail","6":"product_cat-ceasuri-barbati","7":"product_cat-mathey-tissot","8":"pa_brand-mathey-tissot","9":"pa_braslet-otel-inoxidabil","10":"pa_corpus-40-mm","11":"pa_forma-rotund","12":"pa_funcii-data","13":"pa_garatia-24-luni","14":"pa_korpus-argintiu","15":"pa_material-otel-inoxidabil","16":"pa_mehanizm-mecanic","17":"pa_mehanizm-mecanism-automatic","18":"pa_remeshok-bicolor","19":"pa_steklo-cristal-safir","20":"pa_strana-elvetia","21":"pa_voda-5-atm","23":"first","24":"outofstock","25":"purchasable","26":"product-type-simple"},"acf":[],"yoast_head":"<!-- This site is optimized with the Yoast SEO plugin v27.3 - https:\/\/yoast.com\/product\/yoast-seo-wordpress\/ -->\n<title>MATHEY-TISSOT Mathy III Automatic H1810ATBI - Cronograf<\/title>\n<meta name=\"robots\" content=\"index, follow, max-snippet:-1, max-image-preview:large, max-video-preview:-1\" \/>\n<link rel=\"canonical\" href=\"https:\/\/ceasuri.md\/ru\/shop\/branduri\/mathey-tissot\/mathey-tissot-mathy-iii-automatic-h1810atbi\/\" \/>\n<meta property=\"og:locale\" content=\"ru_RU\" \/>\n<meta property=\"og:type\" content=\"article\" \/>\n<meta property=\"og:title\" content=\"MATHEY-TISSOT Mathy III Automatic H1810ATBI - Cronograf\" \/>\n<meta property=\"og:description\" content=\"\u00cen satul elve\u021bian Le Pont de Martel, situat \u00eentr-una dintre cele mai frumoase v\u0103i din Elve\u021bia, compania orologer\u0103 Mathey-Tissot a fost fondat\u0103 \u00een 1886. A \u00eenceput o poveste unic\u0103 de calitate, integritate \u0219i servicii personalizate. Mathey-Tissot s-a specializat ini\u021bial \u00een ceasuri cu \u201erepeti\u021bie\u201d, care b\u0103teau ora \u0219i jum\u0103tatea de or\u0103. \u00een cur\u00e2nd, compania a trecut [&hellip;]\" \/>\n<meta property=\"og:url\" content=\"https:\/\/ceasuri.md\/ru\/shop\/branduri\/mathey-tissot\/mathey-tissot-mathy-iii-automatic-h1810atbi\/\" \/>\n<meta property=\"og:site_name\" content=\"Cronograf\" \/>\n<meta property=\"article:modified_time\" content=\"2026-04-07T01:52:14+00:00\" \/>\n<meta property=\"og:image\" content=\"https:\/\/ceasuri.md\/wp-content\/uploads\/h1810atbi.webp\" \/>\n\t<meta property=\"og:image:width\" content=\"600\" \/>\n\t<meta property=\"og:image:height\" content=\"800\" \/>\n\t<meta property=\"og:image:type\" content=\"image\/webp\" \/>\n<meta name=\"twitter:card\" content=\"summary_large_image\" \/>\n<meta name=\"twitter:label1\" content=\"\u041f\u0440\u0438\u043c\u0435\u0440\u043d\u043e\u0435 \u0432\u0440\u0435\u043c\u044f \u0434\u043b\u044f \u0447\u0442\u0435\u043d\u0438\u044f\" \/>\n\t<meta name=\"twitter:data1\" content=\"1 \u043c\u0438\u043d\u0443\u0442\u0430\" \/>\n<script type=\"application\/ld+json\" class=\"yoast-schema-graph\">{\"@context\":\"https:\\\/\\\/schema.org\",\"@graph\":[{\"@type\":\"WebPage\",\"@id\":\"https:\\\/\\\/ceasuri.md\\\/shop\\\/branduri\\\/mathey-tissot\\\/mathey-tissot-mathy-iii-automatic-h1810atbi\\\/\",\"url\":\"https:\\\/\\\/ceasuri.md\\\/shop\\\/branduri\\\/mathey-tissot\\\/mathey-tissot-mathy-iii-automatic-h1810atbi\\\/\",\"name\":\"MATHEY-TISSOT Mathy III Automatic H1810ATBI - Cronograf\",\"isPartOf\":{\"@id\":\"https:\\\/\\\/ceasuri.md\\\/ru\\\/#website\"},\"primaryImageOfPage\":{\"@id\":\"https:\\\/\\\/ceasuri.md\\\/shop\\\/branduri\\\/mathey-tissot\\\/mathey-tissot-mathy-iii-automatic-h1810atbi\\\/#primaryimage\"},\"image\":{\"@id\":\"https:\\\/\\\/ceasuri.md\\\/shop\\\/branduri\\\/mathey-tissot\\\/mathey-tissot-mathy-iii-automatic-h1810atbi\\\/#primaryimage\"},\"thumbnailUrl\":\"https:\\\/\\\/ceasuri.md\\\/wp-content\\\/uploads\\\/h1810atbi.webp\",\"datePublished\":\"2026-04-02T21:22:42+00:00\",\"dateModified\":\"2026-04-07T01:52:14+00:00\",\"breadcrumb\":{\"@id\":\"https:\\\/\\\/ceasuri.md\\\/shop\\\/branduri\\\/mathey-tissot\\\/mathey-tissot-mathy-iii-automatic-h1810atbi\\\/#breadcrumb\"},\"inLanguage\":\"ru-RU\",\"potentialAction\":[{\"@type\":\"ReadAction\",\"target\":[\"https:\\\/\\\/ceasuri.md\\\/shop\\\/branduri\\\/mathey-tissot\\\/mathey-tissot-mathy-iii-automatic-h1810atbi\\\/\"]}]},{\"@type\":\"ImageObject\",\"inLanguage\":\"ru-RU\",\"@id\":\"https:\\\/\\\/ceasuri.md\\\/shop\\\/branduri\\\/mathey-tissot\\\/mathey-tissot-mathy-iii-automatic-h1810atbi\\\/#primaryimage\",\"url\":\"https:\\\/\\\/ceasuri.md\\\/wp-content\\\/uploads\\\/h1810atbi.webp\",\"contentUrl\":\"https:\\\/\\\/ceasuri.md\\\/wp-content\\\/uploads\\\/h1810atbi.webp\",\"width\":600,\"height\":800},{\"@type\":\"BreadcrumbList\",\"@id\":\"https:\\\/\\\/ceasuri.md\\\/shop\\\/branduri\\\/mathey-tissot\\\/mathey-tissot-mathy-iii-automatic-h1810atbi\\\/#breadcrumb\",\"itemListElement\":[{\"@type\":\"ListItem\",\"position\":1,\"name\":\"Home\",\"item\":\"https:\\\/\\\/ceasuri.md\\\/\"},{\"@type\":\"ListItem\",\"position\":2,\"name\":\"Magazin\",\"item\":\"https:\\\/\\\/ceasuri.md\\\/shop\\\/\"},{\"@type\":\"ListItem\",\"position\":3,\"name\":\"Ceas MATHEY-TISSOT Mathy III Automatic H1810ATBI\"}]},{\"@type\":\"WebSite\",\"@id\":\"https:\\\/\\\/ceasuri.md\\\/ru\\\/#website\",\"url\":\"https:\\\/\\\/ceasuri.md\\\/ru\\\/\",\"name\":\"Cronograf\",\"description\":\"\",\"publisher\":{\"@id\":\"https:\\\/\\\/ceasuri.md\\\/ru\\\/#organization\"},\"potentialAction\":[{\"@type\":\"SearchAction\",\"target\":{\"@type\":\"EntryPoint\",\"urlTemplate\":\"https:\\\/\\\/ceasuri.md\\\/ru\\\/?s={search_term_string}\"},\"query-input\":{\"@type\":\"PropertyValueSpecification\",\"valueRequired\":true,\"valueName\":\"search_term_string\"}}],\"inLanguage\":\"ru-RU\"},{\"@type\":\"Organization\",\"@id\":\"https:\\\/\\\/ceasuri.md\\\/ru\\\/#organization\",\"name\":\"Cronograf\",\"url\":\"https:\\\/\\\/ceasuri.md\\\/ru\\\/\",\"logo\":{\"@type\":\"ImageObject\",\"inLanguage\":\"ru-RU\",\"@id\":\"https:\\\/\\\/ceasuri.md\\\/ru\\\/#\\\/schema\\\/logo\\\/image\\\/\",\"url\":\"https:\\\/\\\/ceasuri.md\\\/wp-content\\\/uploads\\\/2025\\\/12\\\/Logo.svg\",\"contentUrl\":\"https:\\\/\\\/ceasuri.md\\\/wp-content\\\/uploads\\\/2025\\\/12\\\/Logo.svg\",\"width\":3338,\"height\":811,\"caption\":\"Cronograf\"},\"image\":{\"@id\":\"https:\\\/\\\/ceasuri.md\\\/ru\\\/#\\\/schema\\\/logo\\\/image\\\/\"}}]}<\/script>\n<!-- \/ Yoast SEO plugin. -->","yoast_head_json":{"title":"MATHEY-TISSOT Mathy III Automatic H1810ATBI - Cronograf","robots":{"index":"index","follow":"follow","max-snippet":"max-snippet:-1","max-image-preview":"max-image-preview:large","max-video-preview":"max-video-preview:-1"},"canonical":"https:\/\/ceasuri.md\/ru\/shop\/branduri\/mathey-tissot\/mathey-tissot-mathy-iii-automatic-h1810atbi\/","og_locale":"ru_RU","og_type":"article","og_title":"MATHEY-TISSOT Mathy III Automatic H1810ATBI - Cronograf","og_description":"\u00cen satul elve\u021bian Le Pont de Martel, situat \u00eentr-una dintre cele mai frumoase v\u0103i din Elve\u021bia, compania orologer\u0103 Mathey-Tissot a fost fondat\u0103 \u00een 1886. A \u00eenceput o poveste unic\u0103 de calitate, integritate \u0219i servicii personalizate. Mathey-Tissot s-a specializat ini\u021bial \u00een ceasuri cu \u201erepeti\u021bie\u201d, care b\u0103teau ora \u0219i jum\u0103tatea de or\u0103. \u00een cur\u00e2nd, compania a trecut [&hellip;]","og_url":"https:\/\/ceasuri.md\/ru\/shop\/branduri\/mathey-tissot\/mathey-tissot-mathy-iii-automatic-h1810atbi\/","og_site_name":"Cronograf","article_modified_time":"2026-04-07T01:52:14+00:00","og_image":[{"width":600,"height":800,"url":"https:\/\/ceasuri.md\/wp-content\/uploads\/h1810atbi.webp","type":"image\/webp"}],"twitter_card":"summary_large_image","twitter_misc":{"\u041f\u0440\u0438\u043c\u0435\u0440\u043d\u043e\u0435 \u0432\u0440\u0435\u043c\u044f \u0434\u043b\u044f \u0447\u0442\u0435\u043d\u0438\u044f":"1 \u043c\u0438\u043d\u0443\u0442\u0430"},"schema":{"@context":"https:\/\/schema.org","@graph":[{"@type":"WebPage","@id":"https:\/\/ceasuri.md\/shop\/branduri\/mathey-tissot\/mathey-tissot-mathy-iii-automatic-h1810atbi\/","url":"https:\/\/ceasuri.md\/shop\/branduri\/mathey-tissot\/mathey-tissot-mathy-iii-automatic-h1810atbi\/","name":"MATHEY-TISSOT Mathy III Automatic H1810ATBI - Cronograf","isPartOf":{"@id":"https:\/\/ceasuri.md\/ru\/#website"},"primaryImageOfPage":{"@id":"https:\/\/ceasuri.md\/shop\/branduri\/mathey-tissot\/mathey-tissot-mathy-iii-automatic-h1810atbi\/#primaryimage"},"image":{"@id":"https:\/\/ceasuri.md\/shop\/branduri\/mathey-tissot\/mathey-tissot-mathy-iii-automatic-h1810atbi\/#primaryimage"},"thumbnailUrl":"https:\/\/ceasuri.md\/wp-content\/uploads\/h1810atbi.webp","datePublished":"2026-04-02T21:22:42+00:00","dateModified":"2026-04-07T01:52:14+00:00","breadcrumb":{"@id":"https:\/\/ceasuri.md\/shop\/branduri\/mathey-tissot\/mathey-tissot-mathy-iii-automatic-h1810atbi\/#breadcrumb"},"inLanguage":"ru-RU","potentialAction":[{"@type":"ReadAction","target":["https:\/\/ceasuri.md\/shop\/branduri\/mathey-tissot\/mathey-tissot-mathy-iii-automatic-h1810atbi\/"]}]},{"@type":"ImageObject","inLanguage":"ru-RU","@id":"https:\/\/ceasuri.md\/shop\/branduri\/mathey-tissot\/mathey-tissot-mathy-iii-automatic-h1810atbi\/#primaryimage","url":"https:\/\/ceasuri.md\/wp-content\/uploads\/h1810atbi.webp","contentUrl":"https:\/\/ceasuri.md\/wp-content\/uploads\/h1810atbi.webp","width":600,"height":800},{"@type":"BreadcrumbList","@id":"https:\/\/ceasuri.md\/shop\/branduri\/mathey-tissot\/mathey-tissot-mathy-iii-automatic-h1810atbi\/#breadcrumb","itemListElement":[{"@type":"ListItem","position":1,"name":"Home","item":"https:\/\/ceasuri.md\/"},{"@type":"ListItem","position":2,"name":"Magazin","item":"https:\/\/ceasuri.md\/shop\/"},{"@type":"ListItem","position":3,"name":"Ceas MATHEY-TISSOT Mathy III Automatic H1810ATBI"}]},{"@type":"WebSite","@id":"https:\/\/ceasuri.md\/ru\/#website","url":"https:\/\/ceasuri.md\/ru\/","name":"Cronograf","description":"","publisher":{"@id":"https:\/\/ceasuri.md\/ru\/#organization"},"potentialAction":[{"@type":"SearchAction","target":{"@type":"EntryPoint","urlTemplate":"https:\/\/ceasuri.md\/ru\/?s={search_term_string}"},"query-input":{"@type":"PropertyValueSpecification","valueRequired":true,"valueName":"search_term_string"}}],"inLanguage":"ru-RU"},{"@type":"Organization","@id":"https:\/\/ceasuri.md\/ru\/#organization","name":"Cronograf","url":"https:\/\/ceasuri.md\/ru\/","logo":{"@type":"ImageObject","inLanguage":"ru-RU","@id":"https:\/\/ceasuri.md\/ru\/#\/schema\/logo\/image\/","url":"https:\/\/ceasuri.md\/wp-content\/uploads\/2025\/12\/Logo.svg","contentUrl":"https:\/\/ceasuri.md\/wp-content\/uploads\/2025\/12\/Logo.svg","width":3338,"height":811,"caption":"Cronograf"},"image":{"@id":"https:\/\/ceasuri.md\/ru\/#\/schema\/logo\/image\/"}}]}},"_links":{"self":[{"href":"https:\/\/ceasuri.md\/ru\/wp-json\/wp\/v2\/product\/55767","targetHints":{"allow":["GET"]}}],"collection":[{"href":"https:\/\/ceasuri.md\/ru\/wp-json\/wp\/v2\/product"}],"about":[{"href":"https:\/\/ceasuri.md\/ru\/wp-json\/wp\/v2\/types\/product"}],"replies":[{"embeddable":true,"href":"https:\/\/ceasuri.md\/ru\/wp-json\/wp\/v2\/comments?post=55767"}],"wp:featuredmedia":[{"embeddable":true,"href":"https:\/\/ceasuri.md\/ru\/wp-json\/wp\/v2\/media\/55768"}],"wp:attachment":[{"href":"https:\/\/ceasuri.md\/ru\/wp-json\/wp\/v2\/media?parent=55767"}],"wp:term":[{"taxonomy":"product_brand","embeddable":true,"href":"https:\/\/ceasuri.md\/ru\/wp-json\/wp\/v2\/product_brand?post=55767"},{"taxonomy":"product_cat","embeddable":true,"href":"https:\/\/ceasuri.md\/ru\/wp-json\/wp\/v2\/product_cat?post=55767"},{"taxonomy":"product_tag","embeddable":true,"href":"https:\/\/ceasuri.md\/ru\/wp-json\/wp\/v2\/product_tag?post=55767"}],"curies":[{"name":"wp","href":"https:\/\/api.w.org\/{rel}","templated":true}]}}