{"id":55590,"date":"2024-11-11T16:03:11","date_gmt":"2024-11-11T14:03:11","guid":{"rendered":"http:\/\/new.ceasuri.md\/shop\/uncategorized\/mathey-tissot-city-metal-d31186mai\/"},"modified":"2026-05-01T18:58:35","modified_gmt":"2026-05-01T15:58:35","slug":"mathey-tissot-city-metal-d31186mai","status":"publish","type":"product","link":"https:\/\/ceasuri.md\/ru\/shop\/branduri\/mathey-tissot\/mathey-tissot-city-metal-d31186mai\/","title":{"rendered":"\u0427\u0430\u0441\u044b MATHEY-TISSOT City Metal D31186MAI"},"content":{"rendered":"<p>\u00cen satul elve\u021bian Le Pont de Martel, situat \u00eentr-una dintre cele mai frumoase v\u0103i din Elve\u021bia, compania orologer\u0103 Mathey-Tissot a fost fondat\u0103 \u00een 1886. A \u00eenceput o istorie unic\u0103 de calitate, integritate \u0219i servicii personalizate.<br \/>\nIni\u021bial, Mathey-Tissot s-a specializat \u00een produc\u021bia de ceasuri cu repeti\u021bie care b\u0103teau la or\u0103 \u0219i la jum\u0103tate de or\u0103. \u00cen cur\u00e2nd, compania a trecut la produc\u021bia de cronografe (cronometre), realizate cu at\u00e2ta ingeniozitate \u0219i precizie \u00eenc\u00e2t au devenit un succes instantaneu. Numeroase premii \u0219i distinc\u021bii au fost primite \u00een \u00eentreaga Europ\u0103 pentru calitatea lor superioar\u0103.<br \/>\nAst\u0103zi, colec\u021bia de ceasuri de m\u00e2n\u0103 Mathey-Tissot include at\u00e2t linii pentru b\u0103rba\u021bi, c\u00e2t \u0219i pentru femei. Toate modelele sunt caracterizate de un design subtil, elegant \u0219i de un farmec discret. Baza succesului Mathey-Tissot este calitatea \u00eenalt\u0103. Ceasurile sunt asamblate exclusiv manual.<br \/>\nDe asemenea, este demn de remarcat faptul c\u0103, \u00eenc\u0103 din prima zi a existen\u021bei sale, Mathey-Tissot a fost o companie independent\u0103, ceea ce o distinge de alte m\u0103rci care, \u00een ultimii ani, au fost absorbite de mari concerne interna\u021bionale.<br \/>\nCarcasa miniatural\u0103 str\u0103lucitoare a acestui ceas va fi preferata dvs. atunci c\u00e2nd crea\u021bi un look impecabil. Ultra-sub\u021bire. Carcas\u0103 rotund\u0103 din o\u021bel lustruit. Cadranul este decorat cu un model de linii intersectate. Marcaje cu liniu\u021be. Fereastr\u0103 pentru dat\u0103 la ora 3. Coroan\u0103 canelat\u0103. Br\u0103\u021bar\u0103 robust\u0103 din o\u021bel.<\/p>","protected":false},"excerpt":{"rendered":"<p>\u00cen satul elve\u021bian Le Pont de Martel, situat \u00eentr-una dintre cele mai frumoase v\u0103i din Elve\u021bia, compania orologer\u0103 Mathey-Tissot a fost fondat\u0103 \u00een 1886. A \u00eenceput o istorie unic\u0103 de calitate, integritate \u0219i servicii personalizate. Ini\u021bial, Mathey-Tissot s-a specializat \u00een produc\u021bia de ceasuri cu repeti\u021bie care b\u0103teau la or\u0103 \u0219i la jum\u0103tate de or\u0103. \u00cen [&hellip;]<\/p>\n","protected":false},"featured_media":55591,"comment_status":"closed","ping_status":"open","template":"","meta":{"_acf_changed":false},"product_brand":[],"product_cat":[25,634],"product_tag":[],"class_list":{"0":"post-55590","1":"product","2":"type-product","3":"status-publish","4":"has-post-thumbnail","6":"product_cat-ceasuri-dama","7":"product_cat-mathey-tissot","8":"pa_brand-mathey-tissot","9":"pa_braslet-otel-inoxidabil","10":"pa_corpus-28-mm","11":"pa_forma-rotund","12":"pa_funcii-data","13":"pa_garatia-24-luni","14":"pa_korpus-argintiu","15":"pa_kvarc-quartz","16":"pa_material-otel-inoxidabil","17":"pa_mehanizm-quartz","18":"pa_remeshok-argintiu","19":"pa_steklo-cristal-safir","20":"pa_strana-elvetia","21":"pa_voda-5-atm","23":"first","24":"instock","25":"purchasable","26":"product-type-simple"},"acf":[],"_links":{"self":[{"href":"https:\/\/ceasuri.md\/ru\/wp-json\/wp\/v2\/product\/55590","targetHints":{"allow":["GET"]}}],"collection":[{"href":"https:\/\/ceasuri.md\/ru\/wp-json\/wp\/v2\/product"}],"about":[{"href":"https:\/\/ceasuri.md\/ru\/wp-json\/wp\/v2\/types\/product"}],"replies":[{"embeddable":true,"href":"https:\/\/ceasuri.md\/ru\/wp-json\/wp\/v2\/comments?post=55590"}],"wp:featuredmedia":[{"embeddable":true,"href":"https:\/\/ceasuri.md\/ru\/wp-json\/wp\/v2\/media\/55591"}],"wp:attachment":[{"href":"https:\/\/ceasuri.md\/ru\/wp-json\/wp\/v2\/media?parent=55590"}],"wp:term":[{"taxonomy":"product_brand","embeddable":true,"href":"https:\/\/ceasuri.md\/ru\/wp-json\/wp\/v2\/product_brand?post=55590"},{"taxonomy":"product_cat","embeddable":true,"href":"https:\/\/ceasuri.md\/ru\/wp-json\/wp\/v2\/product_cat?post=55590"},{"taxonomy":"product_tag","embeddable":true,"href":"https:\/\/ceasuri.md\/ru\/wp-json\/wp\/v2\/product_tag?post=55590"}],"curies":[{"name":"wp","href":"https:\/\/api.w.org\/{rel}","templated":true}]}}