{"id":55556,"date":"2026-04-03T00:21:12","date_gmt":"2026-04-02T21:21:12","guid":{"rendered":"http:\/\/new.ceasuri.md\/shop\/uncategorized\/boccia-bracelet-03057-01\/"},"modified":"2026-04-17T14:57:06","modified_gmt":"2026-04-17T11:57:06","slug":"boccia-bracelet-03057-01","status":"publish","type":"product","link":"https:\/\/ceasuri.md\/ru\/shop\/accesorii\/accesorii-dama\/bratari\/boccia-bracelet-03057-01\/","title":{"rendered":"BOCCIA BRACELET 03057-01"},"content":{"rendered":"<p>Br\u0103\u021bara elegant\u0103 din colec\u021bia Boccia Titanium impresioneaz\u0103 la prima vedere prin designul s\u0103u atemporal \u0219i prelucrarea modern\u0103. Verigile individuale \u00eentr-o combina\u021bie de finisaje lucioase \u0219i mate formeaz\u0103 un \u00eentreg armonios \u00een ciuda contrastului. Br\u0103\u021bara este fabricat\u0103 din titan de \u00eenalt\u0103 calitate, astfel \u00eenc\u00e2t este pl\u0103cut de u\u0219oar\u0103, puternic\u0103 \u0219i hipoalergenic\u0103 \u00een acela\u0219i timp. Propriet\u0103\u021bile sale vor fi apreciate \u00een special de persoanele cu o sensibilitate mai mare la metale.<\/p>","protected":false},"excerpt":{"rendered":"<p>Br\u0103\u021bara elegant\u0103 din colec\u021bia Boccia Titanium impresioneaz\u0103 la prima vedere prin designul s\u0103u atemporal \u0219i prelucrarea modern\u0103. Verigile individuale \u00eentr-o combina\u021bie de finisaje lucioase \u0219i mate formeaz\u0103 un \u00eentreg armonios \u00een ciuda contrastului. Br\u0103\u021bara este fabricat\u0103 din titan de \u00eenalt\u0103 calitate, astfel \u00eenc\u00e2t este pl\u0103cut de u\u0219oar\u0103, puternic\u0103 \u0219i hipoalergenic\u0103 \u00een acela\u0219i timp. Propriet\u0103\u021bile sale [&hellip;]<\/p>\n","protected":false},"featured_media":55557,"comment_status":"closed","ping_status":"open","template":"","meta":{"_acf_changed":false},"product_brand":[],"product_cat":[626,577],"product_tag":[],"class_list":{"0":"post-55556","1":"product","2":"type-product","3":"status-publish","4":"has-post-thumbnail","6":"product_cat-boccia","7":"product_cat-bratari","8":"pa_brand-boccia","9":"pa_corpus-21-cm","10":"pa_korpus-argintiu","11":"pa_material-titan","12":"pa_strana-germania","14":"first","15":"instock","16":"purchasable","17":"product-type-simple"},"acf":[],"_links":{"self":[{"href":"https:\/\/ceasuri.md\/ru\/wp-json\/wp\/v2\/product\/55556","targetHints":{"allow":["GET"]}}],"collection":[{"href":"https:\/\/ceasuri.md\/ru\/wp-json\/wp\/v2\/product"}],"about":[{"href":"https:\/\/ceasuri.md\/ru\/wp-json\/wp\/v2\/types\/product"}],"replies":[{"embeddable":true,"href":"https:\/\/ceasuri.md\/ru\/wp-json\/wp\/v2\/comments?post=55556"}],"wp:featuredmedia":[{"embeddable":true,"href":"https:\/\/ceasuri.md\/ru\/wp-json\/wp\/v2\/media\/55557"}],"wp:attachment":[{"href":"https:\/\/ceasuri.md\/ru\/wp-json\/wp\/v2\/media?parent=55556"}],"wp:term":[{"taxonomy":"product_brand","embeddable":true,"href":"https:\/\/ceasuri.md\/ru\/wp-json\/wp\/v2\/product_brand?post=55556"},{"taxonomy":"product_cat","embeddable":true,"href":"https:\/\/ceasuri.md\/ru\/wp-json\/wp\/v2\/product_cat?post=55556"},{"taxonomy":"product_tag","embeddable":true,"href":"https:\/\/ceasuri.md\/ru\/wp-json\/wp\/v2\/product_tag?post=55556"}],"curies":[{"name":"wp","href":"https:\/\/api.w.org\/{rel}","templated":true}]}}