{"id":55553,"date":"2026-04-03T00:21:12","date_gmt":"2026-04-02T21:21:12","guid":{"rendered":"http:\/\/new.ceasuri.md\/shop\/uncategorized\/boccia-necklace-08074-01\/"},"modified":"2026-04-20T01:40:29","modified_gmt":"2026-04-19T22:40:29","slug":"boccia-necklace-08074-01","status":"publish","type":"product","link":"https:\/\/ceasuri.md\/ru\/shop\/accesorii\/accesorii-dama\/coliere\/boccia-necklace-08074-01\/","title":{"rendered":"BOCCIA NECKLACE 08074-01"},"content":{"rendered":"<p>O combina\u021bie uluitoare pentru iubitorii de unicitate. La prima vedere, colierul din colec\u021bia Boccia Titanium iese \u00een eviden\u021b\u0103 prin designul s\u0103u luxos. Verigile individuale \u00eentr-o combina\u021bie de finisaje lucioase \u0219i mate formeaz\u0103 un \u00eentreg armonios \u00een ciuda contrastului. Rezultatul este o bijuterie cu adev\u0103rat atr\u0103g\u0103toare, care transform\u0103 o zi neobi\u0219nuit\u0103 \u00eentr-o experien\u021b\u0103 luxoas\u0103. Deoarece colierul este fabricat din titan, este, de asemenea, minunat de u\u0219or, puternic \u0219i durabil. De asemenea, este hipoalergenic, ceea ce va fi apreciat \u00een special de cei cu sensibilitate la metale.<\/p>","protected":false},"excerpt":{"rendered":"<p>O combina\u021bie uluitoare pentru iubitorii de unicitate. La prima vedere, colierul din colec\u021bia Boccia Titanium iese \u00een eviden\u021b\u0103 prin designul s\u0103u luxos. Verigile individuale \u00eentr-o combina\u021bie de finisaje lucioase \u0219i mate formeaz\u0103 un \u00eentreg armonios \u00een ciuda contrastului. Rezultatul este o bijuterie cu adev\u0103rat atr\u0103g\u0103toare, care transform\u0103 o zi neobi\u0219nuit\u0103 \u00eentr-o experien\u021b\u0103 luxoas\u0103. Deoarece colierul [&hellip;]<\/p>\n","protected":false},"featured_media":55554,"comment_status":"closed","ping_status":"open","template":"","meta":{"_acf_changed":false},"product_brand":[],"product_cat":[626,583],"product_tag":[],"class_list":{"0":"post-55553","1":"product","2":"type-product","3":"status-publish","4":"has-post-thumbnail","6":"product_cat-boccia","7":"product_cat-coliere","8":"pa_brand-boccia","9":"pa_corpus-47cm","10":"pa_korpus-argintiu","11":"pa_material-titan","12":"pa_strana-germania","14":"first","15":"instock","16":"purchasable","17":"product-type-simple"},"acf":[],"_links":{"self":[{"href":"https:\/\/ceasuri.md\/ru\/wp-json\/wp\/v2\/product\/55553","targetHints":{"allow":["GET"]}}],"collection":[{"href":"https:\/\/ceasuri.md\/ru\/wp-json\/wp\/v2\/product"}],"about":[{"href":"https:\/\/ceasuri.md\/ru\/wp-json\/wp\/v2\/types\/product"}],"replies":[{"embeddable":true,"href":"https:\/\/ceasuri.md\/ru\/wp-json\/wp\/v2\/comments?post=55553"}],"wp:featuredmedia":[{"embeddable":true,"href":"https:\/\/ceasuri.md\/ru\/wp-json\/wp\/v2\/media\/55554"}],"wp:attachment":[{"href":"https:\/\/ceasuri.md\/ru\/wp-json\/wp\/v2\/media?parent=55553"}],"wp:term":[{"taxonomy":"product_brand","embeddable":true,"href":"https:\/\/ceasuri.md\/ru\/wp-json\/wp\/v2\/product_brand?post=55553"},{"taxonomy":"product_cat","embeddable":true,"href":"https:\/\/ceasuri.md\/ru\/wp-json\/wp\/v2\/product_cat?post=55553"},{"taxonomy":"product_tag","embeddable":true,"href":"https:\/\/ceasuri.md\/ru\/wp-json\/wp\/v2\/product_tag?post=55553"}],"curies":[{"name":"wp","href":"https:\/\/api.w.org\/{rel}","templated":true}]}}