{"id":55536,"date":"2026-04-03T00:21:12","date_gmt":"2026-04-02T21:21:12","guid":{"rendered":"http:\/\/new.ceasuri.md\/shop\/uncategorized\/orient-classic-bambino-ra-ac0m03s30b\/"},"modified":"2026-04-20T01:40:19","modified_gmt":"2026-04-19T22:40:19","slug":"orient-classic-bambino-ra-ac0m03s30b","status":"publish","type":"product","link":"https:\/\/ceasuri.md\/ru\/shop\/branduri\/orient\/orient-classic-bambino-ra-ac0m03s30b\/","title":{"rendered":"\u0427\u0430\u0441\u044b ORIENT CLASSIC BAMBINO RA-AC0M03S30B"},"content":{"rendered":"<p>Ceasul Orient Bambino este un ceas frumos \u0219i elegant, care combin\u0103 m\u0103iestria modern\u0103 cu un design clasic. Ceasul are o carcas\u0103 din o\u021bel inoxidabil de 38 mm cu un finisaj argintiu lustruit, oferind un aspect elegant \u0219i rafinat. Cadranul alb este completat de m\u00e2ini \u0219i indicatoare orare argintii, oferind ceasului un aspect minimalist, dar sofisticat.<\/p>\n<p>Propulsat de mi\u0219carea automat\u0103 de \u00eencredere Orient F6724, acest ceas ofer\u0103 o rezerv\u0103 de putere de 40 de ore, asigur\u00e2nd func\u021bionarea continu\u0103 f\u0103r\u0103 \u00eenf\u0103\u0219ur\u0103ri frecvente. Spatele transparent al carcasei v\u0103 permite s\u0103 admira\u021bi func\u021bionarea complex\u0103 a mi\u0219c\u0103rii.<\/p>\n<p>Cadranul este protejat de un cristal mineral durabil, protej\u00e2ndu-l \u00eempotriva uzurii zilnice.<\/p>\n<p>Echipat cu o curea confortabil\u0103 din piele neagr\u0103, ceasul este fixat cu o \u00eenchidere cu cataram\u0103 argintie.<\/p>\n<p>Rezisten\u021ba sa la ap\u0103 de 3 ATM \u00eel face rezistent la stropire, f\u0103c\u00e2ndu-l ideal pentru purtarea zilnic\u0103, men\u021bin\u00e2ndu-\u0219i \u00een acela\u0219i timp aspectul sofisticat.<\/p>","protected":false},"excerpt":{"rendered":"<p>Ceasul Orient Bambino este un ceas frumos \u0219i elegant, care combin\u0103 m\u0103iestria modern\u0103 cu un design clasic. Ceasul are o carcas\u0103 din o\u021bel inoxidabil de 38 mm cu un finisaj argintiu lustruit, oferind un aspect elegant \u0219i rafinat. Cadranul alb este completat de m\u00e2ini \u0219i indicatoare orare argintii, oferind ceasului un aspect minimalist, dar sofisticat. [&hellip;]<\/p>\n","protected":false},"featured_media":55537,"comment_status":"closed","ping_status":"open","template":"","meta":{"_acf_changed":false},"product_brand":[],"product_cat":[20,596],"product_tag":[],"class_list":{"0":"post-55536","1":"product","2":"type-product","3":"status-publish","4":"has-post-thumbnail","6":"product_cat-ceasuri-barbati","7":"product_cat-orient","8":"pa_brand-orient","9":"pa_braslet-piele","10":"pa_corpus-38-mm","11":"pa_forma-rotund","12":"pa_funcii-data","13":"pa_garatia-24-luni","14":"pa_korpus-argintiu","15":"pa_material-otel-inoxidabil","16":"pa_mehanizm-mecanic","17":"pa_mehanizm-mecanism-automatic","18":"pa_remeshok-negru","19":"pa_steklo-cristal-mineral","20":"pa_strana-japonia","21":"pa_voda-3-atm","23":"first","24":"instock","25":"purchasable","26":"product-type-simple"},"acf":[],"_links":{"self":[{"href":"https:\/\/ceasuri.md\/ru\/wp-json\/wp\/v2\/product\/55536","targetHints":{"allow":["GET"]}}],"collection":[{"href":"https:\/\/ceasuri.md\/ru\/wp-json\/wp\/v2\/product"}],"about":[{"href":"https:\/\/ceasuri.md\/ru\/wp-json\/wp\/v2\/types\/product"}],"replies":[{"embeddable":true,"href":"https:\/\/ceasuri.md\/ru\/wp-json\/wp\/v2\/comments?post=55536"}],"wp:featuredmedia":[{"embeddable":true,"href":"https:\/\/ceasuri.md\/ru\/wp-json\/wp\/v2\/media\/55537"}],"wp:attachment":[{"href":"https:\/\/ceasuri.md\/ru\/wp-json\/wp\/v2\/media?parent=55536"}],"wp:term":[{"taxonomy":"product_brand","embeddable":true,"href":"https:\/\/ceasuri.md\/ru\/wp-json\/wp\/v2\/product_brand?post=55536"},{"taxonomy":"product_cat","embeddable":true,"href":"https:\/\/ceasuri.md\/ru\/wp-json\/wp\/v2\/product_cat?post=55536"},{"taxonomy":"product_tag","embeddable":true,"href":"https:\/\/ceasuri.md\/ru\/wp-json\/wp\/v2\/product_tag?post=55536"}],"curies":[{"name":"wp","href":"https:\/\/api.w.org\/{rel}","templated":true}]}}