{"id":55530,"date":"2026-04-03T00:21:12","date_gmt":"2026-04-02T21:21:12","guid":{"rendered":"http:\/\/new.ceasuri.md\/shop\/uncategorized\/orient-classic-bambino-ra-ac0p01e30b\/"},"modified":"2026-04-20T01:40:19","modified_gmt":"2026-04-19T22:40:19","slug":"orient-classic-bambino-ra-ac0p01e30b","status":"publish","type":"product","link":"https:\/\/ceasuri.md\/ru\/shop\/branduri\/orient\/orient-classic-bambino-ra-ac0p01e30b\/","title":{"rendered":"\u0427\u0430\u0441\u044b ORIENT CLASSIC BAMBINO RA-AC0P01E30B"},"content":{"rendered":"<p>Ceasul pentru b\u0103rba\u021bi Orient Bambino 2nd Generation Automatic este un model clasic, care \u00eembin\u0103 stilul elegant \u0219i tehnologia avansat\u0103.<\/p>\n<p>Echipat cu mecanismul automat japonez Orient F6724, acesta asigur\u0103 o rezerv\u0103 de mar\u0219 de 40 de ore, are 22 de pietre \u0219i func\u021bie stop-secund\u0103.<\/p>\n<p>Cadranul verde, protejat de sticl\u0103 mineral\u0103, confer\u0103 ceasului un caracter unic.<\/p>\n<p>Carcasa argintie din o\u021bel inoxidabil \u0219i cureaua din piele maro asigur\u0103 stil \u0219i confort. Rezisten\u021ba la ap\u0103 p\u00e2n\u0103 la 30 de metri face ceasul rezistent la stropi mici.<\/p>","protected":false},"excerpt":{"rendered":"<p>Ceasul pentru b\u0103rba\u021bi Orient Bambino 2nd Generation Automatic este un model clasic, care \u00eembin\u0103 stilul elegant \u0219i tehnologia avansat\u0103. Echipat cu mecanismul automat japonez Orient F6724, acesta asigur\u0103 o rezerv\u0103 de mar\u0219 de 40 de ore, are 22 de pietre \u0219i func\u021bie stop-secund\u0103. Cadranul verde, protejat de sticl\u0103 mineral\u0103, confer\u0103 ceasului un caracter unic. Carcasa [&hellip;]<\/p>\n","protected":false},"featured_media":55531,"comment_status":"closed","ping_status":"open","template":"","meta":{"_acf_changed":false},"product_brand":[],"product_cat":[20,596],"product_tag":[],"class_list":{"0":"post-55530","1":"product","2":"type-product","3":"status-publish","4":"has-post-thumbnail","6":"product_cat-ceasuri-barbati","7":"product_cat-orient","8":"pa_brand-orient","9":"pa_braslet-piele","10":"pa_corpus-42-mm","11":"pa_forma-rotund","12":"pa_funcii-data","13":"pa_garatia-24-luni","14":"pa_korpus-argintiu","15":"pa_material-otel-inoxidabil","16":"pa_mehanizm-mecanic","17":"pa_mehanizm-mecanism-automatic","18":"pa_remeshok-maro","19":"pa_steklo-cristal-mineral","20":"pa_strana-japonia","21":"pa_voda-3-atm","23":"first","24":"instock","25":"purchasable","26":"product-type-simple"},"acf":[],"_links":{"self":[{"href":"https:\/\/ceasuri.md\/ru\/wp-json\/wp\/v2\/product\/55530","targetHints":{"allow":["GET"]}}],"collection":[{"href":"https:\/\/ceasuri.md\/ru\/wp-json\/wp\/v2\/product"}],"about":[{"href":"https:\/\/ceasuri.md\/ru\/wp-json\/wp\/v2\/types\/product"}],"replies":[{"embeddable":true,"href":"https:\/\/ceasuri.md\/ru\/wp-json\/wp\/v2\/comments?post=55530"}],"wp:featuredmedia":[{"embeddable":true,"href":"https:\/\/ceasuri.md\/ru\/wp-json\/wp\/v2\/media\/55531"}],"wp:attachment":[{"href":"https:\/\/ceasuri.md\/ru\/wp-json\/wp\/v2\/media?parent=55530"}],"wp:term":[{"taxonomy":"product_brand","embeddable":true,"href":"https:\/\/ceasuri.md\/ru\/wp-json\/wp\/v2\/product_brand?post=55530"},{"taxonomy":"product_cat","embeddable":true,"href":"https:\/\/ceasuri.md\/ru\/wp-json\/wp\/v2\/product_cat?post=55530"},{"taxonomy":"product_tag","embeddable":true,"href":"https:\/\/ceasuri.md\/ru\/wp-json\/wp\/v2\/product_tag?post=55530"}],"curies":[{"name":"wp","href":"https:\/\/api.w.org\/{rel}","templated":true}]}}