{"id":55526,"date":"2026-04-03T00:21:12","date_gmt":"2026-04-02T21:21:12","guid":{"rendered":"http:\/\/new.ceasuri.md\/shop\/uncategorized\/orient-classic-ra-ag0001s30b\/"},"modified":"2026-04-07T04:51:26","modified_gmt":"2026-04-07T01:51:26","slug":"orient-classic-ra-ag0001s30b","status":"publish","type":"product","link":"https:\/\/ceasuri.md\/ru\/shop\/branduri\/orient\/orient-classic-ra-ag0001s30b\/","title":{"rendered":"Ceas ORIENT CLASSIC RA-AG0001S30B"},"content":{"rendered":"<p>Orient RA-AG0001S30B este un ceas elegant pentru b\u0103rba\u021bi, care combin\u0103 un stil clasic cu o not\u0103 modern\u0103. \u00cenveli\u0219ul din o\u021bel inoxidabil acoperit cu PVD roz gold \u0219i cadranul alb cu o fereastr\u0103 deschis\u0103 atrag privirile, eviden\u021biind caracterul unic al acestui model. Ceasul este propulsat de mi\u0219carea automat\u0103 japonez\u0103 Orient F6T22 cu func\u021bie stop-secunde, asigur\u00e2nd fiabilitate. Sticla mineral\u0103 protejeaz\u0103 cadranul, \u00een timp ce o curea din piele maro adaug\u0103 elegan\u021b\u0103 \u0219i confort purt\u0103torului. Cu o rezisten\u021b\u0103 la ap\u0103 de 30 de metri, ceasul va fi perfect pentru purtarea zilnic\u0103.<\/p>","protected":false},"excerpt":{"rendered":"<p>Orient RA-AG0001S30B este un ceas elegant pentru b\u0103rba\u021bi, care combin\u0103 un stil clasic cu o not\u0103 modern\u0103. \u00cenveli\u0219ul din o\u021bel inoxidabil acoperit cu PVD roz gold \u0219i cadranul alb cu o fereastr\u0103 deschis\u0103 atrag privirile, eviden\u021biind caracterul unic al acestui model. Ceasul este propulsat de mi\u0219carea automat\u0103 japonez\u0103 Orient F6T22 cu func\u021bie stop-secunde, asigur\u00e2nd fiabilitate. [&hellip;]<\/p>\n","protected":false},"featured_media":55527,"comment_status":"closed","ping_status":"open","template":"","meta":{"_acf_changed":false},"product_brand":[],"product_cat":[20,596],"product_tag":[],"class_list":{"0":"post-55526","1":"product","2":"type-product","3":"status-publish","4":"has-post-thumbnail","6":"product_cat-ceasuri-barbati","7":"product_cat-orient","8":"pa_brand-orient","9":"pa_braslet-piele","10":"pa_corpus-41-mm","11":"pa_forma-rotund","12":"pa_funcii-semischelet","13":"pa_garatia-24-luni","14":"pa_korpus-roz-gold","15":"pa_material-otel-inoxidabil","16":"pa_mehanizm-mecanic","17":"pa_mehanizm-mecanism-automatic","18":"pa_remeshok-maro","19":"pa_steklo-cristal-mineral","20":"pa_strana-japonia","21":"pa_voda-3-atm","23":"first","24":"instock","25":"purchasable","26":"product-type-simple"},"acf":[],"_links":{"self":[{"href":"https:\/\/ceasuri.md\/ru\/wp-json\/wp\/v2\/product\/55526","targetHints":{"allow":["GET"]}}],"collection":[{"href":"https:\/\/ceasuri.md\/ru\/wp-json\/wp\/v2\/product"}],"about":[{"href":"https:\/\/ceasuri.md\/ru\/wp-json\/wp\/v2\/types\/product"}],"replies":[{"embeddable":true,"href":"https:\/\/ceasuri.md\/ru\/wp-json\/wp\/v2\/comments?post=55526"}],"wp:featuredmedia":[{"embeddable":true,"href":"https:\/\/ceasuri.md\/ru\/wp-json\/wp\/v2\/media\/55527"}],"wp:attachment":[{"href":"https:\/\/ceasuri.md\/ru\/wp-json\/wp\/v2\/media?parent=55526"}],"wp:term":[{"taxonomy":"product_brand","embeddable":true,"href":"https:\/\/ceasuri.md\/ru\/wp-json\/wp\/v2\/product_brand?post=55526"},{"taxonomy":"product_cat","embeddable":true,"href":"https:\/\/ceasuri.md\/ru\/wp-json\/wp\/v2\/product_cat?post=55526"},{"taxonomy":"product_tag","embeddable":true,"href":"https:\/\/ceasuri.md\/ru\/wp-json\/wp\/v2\/product_tag?post=55526"}],"curies":[{"name":"wp","href":"https:\/\/api.w.org\/{rel}","templated":true}]}}