{"id":55515,"date":"2024-11-01T08:25:19","date_gmt":"2024-11-01T06:25:19","guid":{"rendered":"http:\/\/new.ceasuri.md\/shop\/uncategorized\/orient-classic-sun-moon-ra-ak0803y30b\/"},"modified":"2026-05-01T18:57:28","modified_gmt":"2026-05-01T15:57:28","slug":"orient-classic-sun-moon-ra-ak0803y30b","status":"publish","type":"product","link":"https:\/\/ceasuri.md\/ru\/shop\/branduri\/orient\/orient-classic-sun-moon-ra-ak0803y30b\/","title":{"rendered":"\u0427\u0430\u0441\u044b ORIENT CLASSIC Sun &#038; Moon RA-AK0803Y30B"},"content":{"rendered":"<p>Classic and Simple Style este o serie popular\u0103 care a fost un bestseller \u00een \u00eentreaga lume, reprezent\u00e2nd tot ceea ce este Orient. Seria este cunoscut\u0103 pentru cadranul s\u0103u clasic tradi\u021bional, un geam bombat cu un aer retro \u0219i un design delicat al carcasei cu anse sub\u021biri.<\/p>\n<p>Noile modele Classic \u0219i Simple Style prezint\u0103 un afi\u0219aj de zi \u0219i de noapte cu designul soarelui \u0219i al lunii, care arat\u0103 trecerea timpului cu ajutorul unui disc cu soare \u0219i lun\u0103 care se rote\u0219te o dat\u0103 la 24 de ore. Asimetria afi\u0219ajului de zi \u0219i noapte cu designul soarelui \u0219i al lunii la ora 4 \u0219i m\u00e2na zilei la ora 10 confer\u0103 unicitate fe\u021bei ceasului.<\/p>\n<p>Construc\u021bia \u00een trei straturi a cadranului adaug\u0103 dimensiune, \u00een timp ce indicii populari cu cifre romane \u0219i bare din stilul clasic \u0219i simplu \u0219i designul elegant al sc\u0103rii duble pentru minute de-a lungul marginii exterioare sporesc, de asemenea, farmecul cadranului.<\/p>\n<p>Cadranul filde\u0219 rafinat descrie o scen\u0103 matinal\u0103, c\u00e2nd soarele r\u0103sare \u0219i \u00eencepe s\u0103 coloreze cerul \u0219i solul cu nuan\u021be calde.<\/p>","protected":false},"excerpt":{"rendered":"<p>Classic and Simple Style este o serie popular\u0103 care a fost un bestseller \u00een \u00eentreaga lume, reprezent\u00e2nd tot ceea ce este Orient. Seria este cunoscut\u0103 pentru cadranul s\u0103u clasic tradi\u021bional, un geam bombat cu un aer retro \u0219i un design delicat al carcasei cu anse sub\u021biri. Noile modele Classic \u0219i Simple Style prezint\u0103 un afi\u0219aj [&hellip;]<\/p>\n","protected":false},"featured_media":55516,"comment_status":"closed","ping_status":"open","template":"","meta":{"_acf_changed":false},"product_brand":[],"product_cat":[20,596],"product_tag":[],"class_list":{"0":"post-55515","1":"product","2":"type-product","3":"status-publish","4":"has-post-thumbnail","6":"product_cat-ceasuri-barbati","7":"product_cat-orient","8":"pa_brand-orient","9":"pa_braslet-piele","10":"pa_corpus-42-mm","11":"pa_forma-rotund","12":"pa_funcii-data","13":"pa_funcii-daynight","14":"pa_funcii-ziua-saptamanii","15":"pa_garatia-24-luni","16":"pa_korpus-argintiu","17":"pa_material-otel-inoxidabil","18":"pa_mehanizm-mecanic","19":"pa_mehanizm-mecanism-automatic","20":"pa_remeshok-maro","21":"pa_steklo-cristal-mineral","22":"pa_strana-japonia","23":"pa_voda-3-atm","25":"first","26":"instock","27":"purchasable","28":"product-type-simple"},"acf":[],"_links":{"self":[{"href":"https:\/\/ceasuri.md\/ru\/wp-json\/wp\/v2\/product\/55515","targetHints":{"allow":["GET"]}}],"collection":[{"href":"https:\/\/ceasuri.md\/ru\/wp-json\/wp\/v2\/product"}],"about":[{"href":"https:\/\/ceasuri.md\/ru\/wp-json\/wp\/v2\/types\/product"}],"replies":[{"embeddable":true,"href":"https:\/\/ceasuri.md\/ru\/wp-json\/wp\/v2\/comments?post=55515"}],"wp:featuredmedia":[{"embeddable":true,"href":"https:\/\/ceasuri.md\/ru\/wp-json\/wp\/v2\/media\/55516"}],"wp:attachment":[{"href":"https:\/\/ceasuri.md\/ru\/wp-json\/wp\/v2\/media?parent=55515"}],"wp:term":[{"taxonomy":"product_brand","embeddable":true,"href":"https:\/\/ceasuri.md\/ru\/wp-json\/wp\/v2\/product_brand?post=55515"},{"taxonomy":"product_cat","embeddable":true,"href":"https:\/\/ceasuri.md\/ru\/wp-json\/wp\/v2\/product_cat?post=55515"},{"taxonomy":"product_tag","embeddable":true,"href":"https:\/\/ceasuri.md\/ru\/wp-json\/wp\/v2\/product_tag?post=55515"}],"curies":[{"name":"wp","href":"https:\/\/api.w.org\/{rel}","templated":true}]}}