{"id":55510,"date":"2026-04-03T00:20:15","date_gmt":"2026-04-02T21:20:15","guid":{"rendered":"http:\/\/new.ceasuri.md\/shop\/uncategorized\/orient-classic-bambino-ra-ap0104s30b\/"},"modified":"2026-04-20T01:40:22","modified_gmt":"2026-04-19T22:40:22","slug":"orient-classic-bambino-ra-ap0104s30b","status":"publish","type":"product","link":"https:\/\/ceasuri.md\/ru\/shop\/branduri\/orient\/orient-classic-bambino-ra-ap0104s30b\/","title":{"rendered":"\u0427\u0430\u0441\u044b ORIENT CLASSIC BAMBINO RA-AP0104S30B"},"content":{"rendered":"<p>Orient Bambino a fost un bestseller \u00een \u00eentreaga lume timp de mul\u021bi ani \u0219i este iubit pentru cadranul s\u0103u clasic tradi\u021bional, geamul s\u0103u bombat care confer\u0103 un aer retro \u0219i carcasa sa delicat\u0103 cu anse sub\u021biri. Noile modele exploreaz\u0103 o lume complet nou\u0103 a designului prin combinarea cutiei de 38,4 mm introdus\u0103 \u00een 2022 pentru o potrivire mai confortabil\u0103.<br \/>\nModelul Orient Bambino 38 a fost ref\u0103cut pentru a acomoda subcadranul pentru secunde mici, oferind un aspect mai echilibrat, \u00een timp ce carcasa mai sub\u021bire \u00eembun\u0103t\u0103\u021be\u0219te purtarea.<br \/>\nAceste noi caracteristici de design se extind la noile variante de culori ale cadranului. Disponibil \u00een culorile clasice negru, argintiu \u0219i filde\u0219, purt\u0103torul poate alege un ceas care i se potrive\u0219te. Finisarea subtil\u0103 cu raze de soare a cadranului \u0219i acoperirea mat\u0103 confer\u0103 ceasului o c\u0103ldur\u0103 bl\u00e2nd\u0103 \u0219i un sentiment de calm. Curelele de vi\u021bel care \u00eenso\u021besc toate modelele completeaz\u0103 culorile \u0219i adaug\u0103 farmec ceasurilor.<br \/>\nCu cadrane elegante, colorate, un afi\u0219aj simplu format din m\u00e2ini pentru ore \u0219i minute, dat\u0103, secunde mici \u0219i o carcas\u0103 compact\u0103 pentru confort, Orient Bambino 38 poate fi purtat zilnic sau ca o pies\u0103 statement.<\/p>","protected":false},"excerpt":{"rendered":"<p>Orient Bambino a fost un bestseller \u00een \u00eentreaga lume timp de mul\u021bi ani \u0219i este iubit pentru cadranul s\u0103u clasic tradi\u021bional, geamul s\u0103u bombat care confer\u0103 un aer retro \u0219i carcasa sa delicat\u0103 cu anse sub\u021biri. Noile modele exploreaz\u0103 o lume complet nou\u0103 a designului prin combinarea cutiei de 38,4 mm introdus\u0103 \u00een 2022 pentru [&hellip;]<\/p>\n","protected":false},"featured_media":55511,"comment_status":"closed","ping_status":"open","template":"","meta":{"_acf_changed":false},"product_brand":[],"product_cat":[20,596],"product_tag":[],"class_list":{"0":"post-55510","1":"product","2":"type-product","3":"status-publish","4":"has-post-thumbnail","6":"product_cat-ceasuri-barbati","7":"product_cat-orient","8":"pa_brand-orient","9":"pa_braslet-piele","10":"pa_corpus-38-mm","11":"pa_forma-rotund","12":"pa_funcii-data","13":"pa_funcii-offset-second-hand","14":"pa_garatia-24-luni","15":"pa_korpus-argintiu","16":"pa_material-otel-inoxidabil","17":"pa_mehanizm-mecanic","18":"pa_mehanizm-mecanism-automatic","19":"pa_remeshok-negru","20":"pa_steklo-cristal-mineral","21":"pa_strana-japonia","22":"pa_voda-3-atm","24":"first","25":"instock","26":"purchasable","27":"product-type-simple"},"acf":[],"_links":{"self":[{"href":"https:\/\/ceasuri.md\/ru\/wp-json\/wp\/v2\/product\/55510","targetHints":{"allow":["GET"]}}],"collection":[{"href":"https:\/\/ceasuri.md\/ru\/wp-json\/wp\/v2\/product"}],"about":[{"href":"https:\/\/ceasuri.md\/ru\/wp-json\/wp\/v2\/types\/product"}],"replies":[{"embeddable":true,"href":"https:\/\/ceasuri.md\/ru\/wp-json\/wp\/v2\/comments?post=55510"}],"wp:featuredmedia":[{"embeddable":true,"href":"https:\/\/ceasuri.md\/ru\/wp-json\/wp\/v2\/media\/55511"}],"wp:attachment":[{"href":"https:\/\/ceasuri.md\/ru\/wp-json\/wp\/v2\/media?parent=55510"}],"wp:term":[{"taxonomy":"product_brand","embeddable":true,"href":"https:\/\/ceasuri.md\/ru\/wp-json\/wp\/v2\/product_brand?post=55510"},{"taxonomy":"product_cat","embeddable":true,"href":"https:\/\/ceasuri.md\/ru\/wp-json\/wp\/v2\/product_cat?post=55510"},{"taxonomy":"product_tag","embeddable":true,"href":"https:\/\/ceasuri.md\/ru\/wp-json\/wp\/v2\/product_tag?post=55510"}],"curies":[{"name":"wp","href":"https:\/\/api.w.org\/{rel}","templated":true}]}}