{"id":55496,"date":"2026-04-03T00:20:15","date_gmt":"2026-04-02T21:20:15","guid":{"rendered":"http:\/\/new.ceasuri.md\/shop\/uncategorized\/orient-contemporary-ra-ar0102s30b\/"},"modified":"2026-04-07T04:51:21","modified_gmt":"2026-04-07T01:51:21","slug":"orient-contemporary-ra-ar0102s30b","status":"publish","type":"product","link":"https:\/\/ceasuri.md\/ru\/shop\/branduri\/orient\/orient-contemporary-ra-ar0102s30b\/","title":{"rendered":"Ceas ORIENT CONTEMPORARY RA-AR0102S30B"},"content":{"rendered":"<p>O colec\u021bie de ceasuri cu un design bine cunoscut care oscileaz\u0103 \u00eentre estetica vintage \u0219i cea tradi\u021bional\u0103, aceast\u0103 colec\u021bie reprezint\u0103 perfect no\u021biunea de ceasuri Orient. Datorit\u0103 simplit\u0103\u021bii sale detaliate, utiliz\u0103rii unor mi\u0219c\u0103ri japoneze foarte fiabile \u0219i a raportului calitate-pre\u021b de neegalat, ceasurile Orient se adreseaz\u0103 celor pentru care calitatea este \u00eentotdeauna criteriul care le ghideaz\u0103 achizi\u021biile.<\/p>","protected":false},"excerpt":{"rendered":"<p>O colec\u021bie de ceasuri cu un design bine cunoscut care oscileaz\u0103 \u00eentre estetica vintage \u0219i cea tradi\u021bional\u0103, aceast\u0103 colec\u021bie reprezint\u0103 perfect no\u021biunea de ceasuri Orient. Datorit\u0103 simplit\u0103\u021bii sale detaliate, utiliz\u0103rii unor mi\u0219c\u0103ri japoneze foarte fiabile \u0219i a raportului calitate-pre\u021b de neegalat, ceasurile Orient se adreseaz\u0103 celor pentru care calitatea este \u00eentotdeauna criteriul care le ghideaz\u0103 [&hellip;]<\/p>\n","protected":false},"featured_media":55497,"comment_status":"closed","ping_status":"open","template":"","meta":{"_acf_changed":false},"product_brand":[],"product_cat":[20,596],"product_tag":[],"class_list":{"0":"post-55496","1":"product","2":"type-product","3":"status-publish","4":"has-post-thumbnail","6":"product_cat-ceasuri-barbati","7":"product_cat-orient","8":"pa_brand-orient","9":"pa_braslet-otel-inoxidabil","10":"pa_corpus-40-mm","11":"pa_forma-rotund","12":"pa_funcii-offset-second-hand","13":"pa_funcii-semischelet","14":"pa_garatia-24-luni","15":"pa_korpus-argintiu","16":"pa_material-otel-inoxidabil","17":"pa_mehanizm-mecanic","18":"pa_mehanizm-mecanism-automatic","19":"pa_remeshok-argintiu","20":"pa_steklo-cristal-mineral","21":"pa_strana-japonia","22":"pa_voda-10-atm","24":"first","25":"instock","26":"purchasable","27":"product-type-simple"},"acf":[],"_links":{"self":[{"href":"https:\/\/ceasuri.md\/ru\/wp-json\/wp\/v2\/product\/55496","targetHints":{"allow":["GET"]}}],"collection":[{"href":"https:\/\/ceasuri.md\/ru\/wp-json\/wp\/v2\/product"}],"about":[{"href":"https:\/\/ceasuri.md\/ru\/wp-json\/wp\/v2\/types\/product"}],"replies":[{"embeddable":true,"href":"https:\/\/ceasuri.md\/ru\/wp-json\/wp\/v2\/comments?post=55496"}],"wp:featuredmedia":[{"embeddable":true,"href":"https:\/\/ceasuri.md\/ru\/wp-json\/wp\/v2\/media\/55497"}],"wp:attachment":[{"href":"https:\/\/ceasuri.md\/ru\/wp-json\/wp\/v2\/media?parent=55496"}],"wp:term":[{"taxonomy":"product_brand","embeddable":true,"href":"https:\/\/ceasuri.md\/ru\/wp-json\/wp\/v2\/product_brand?post=55496"},{"taxonomy":"product_cat","embeddable":true,"href":"https:\/\/ceasuri.md\/ru\/wp-json\/wp\/v2\/product_cat?post=55496"},{"taxonomy":"product_tag","embeddable":true,"href":"https:\/\/ceasuri.md\/ru\/wp-json\/wp\/v2\/product_tag?post=55496"}],"curies":[{"name":"wp","href":"https:\/\/api.w.org\/{rel}","templated":true}]}}