{"id":55480,"date":"2026-04-03T00:20:15","date_gmt":"2026-04-02T21:20:15","guid":{"rendered":"http:\/\/new.ceasuri.md\/shop\/uncategorized\/orient-sports-mako-40-solar-ra-wj0003s10b\/"},"modified":"2026-04-20T01:40:27","modified_gmt":"2026-04-19T22:40:27","slug":"orient-sports-mako-40-solar-ra-wj0003s10b","status":"publish","type":"product","link":"https:\/\/ceasuri.md\/ru\/shop\/branduri\/orient\/orient-sports-mako-40-solar-ra-wj0003s10b\/","title":{"rendered":"\u0427\u0430\u0441\u044b ORIENT SPORTS Mako 40 Solar RA-WJ0003S10B"},"content":{"rendered":"<p>Modelele Orient cu design de scafandru sunt o parte important\u0103 a istoriei sale \u0219i au reprezentat tot ceea ce reprezint\u0103 brandul de la lansarea lor \u00een anii 1960. Modelul cunoscut afectuos ca Orient Mako, care s\u0103rb\u0103tore\u0219te anul acesta 20 de ani de existen\u021b\u0103, a p\u0103strat caracteristici precum designul sportiv \u0219i rezisten\u021ba la ap\u0103 p\u00e2n\u0103 la 20 de bari. Noile modele introduc varia\u021bii de culoare pentru modelul Orient Mako 40 cu alimentare solar\u0103, care a fost dezvoltat al\u0103turi de ceasurile mecanice existente pentru fanii care caut\u0103 un plus de confort.<br \/>\nOrient Mako 40 aduce o nou\u0103 dimensiune modelelor cu design de scafandru, care este popular at\u00e2t ca obiect la mod\u0103, c\u00e2t \u0219i pentru utilizarea zilnic\u0103, cu un nou stil compact, simplu \u0219i u\u0219or. Prima diferen\u021b\u0103 este dimensiunea carcasei: noul model are o carcas\u0103 mai compact\u0103 de 39,9 mm, comparativ cu diametrul de 41,8 mm al predecesorului s\u0103u, \u0219i este, de asemenea, cu 1,6 mm mai sub\u021bire, la 11,2 mm.<br \/>\n\u00cen interiorul acestor carcase compacte, mi\u0219carea solar\u0103 in-house converte\u0219te energia din sursele de lumin\u0103 \u00een energie electric\u0103, oferind o precizie de +20 p\u00e2n\u0103 la -20 secunde pe lun\u0103 \u0219i o rezerv\u0103 de putere de aproximativ 12 luni la \u00eenc\u0103rcare complet\u0103. Cadranele cu finisaj Sunburst \u0219i indici tridimensionali sporesc designul sportiv \u0219i sunt disponibile \u00een patru culori: verde, baby blue, filde\u0219 \u0219i maro cacao. Cadranele \u00een culori lucioase sunt frumos puse \u00een valoare de contrastul lunetei rotative cu un inel din aluminiu anodizat gri. Lumina luminoas\u0103 este utilizat\u0103 pentru indici \u0219i m\u00e2ini, permi\u021b\u00e2nd purt\u0103torului s\u0103 citeasc\u0103 ora chiar \u0219i \u00een \u00eentuneric.<br \/>\nCu o dimensiune compact\u0103 pentru confort la purtare, culori casual ale cadranelor \u0219i mi\u0219care convenabil\u0103 alimentat\u0103 cu energie solar\u0103, modelul Orient Mako 40 alimentat cu energie solar\u0103 este atr\u0103g\u0103tor \u00een moduri noi \u0219i este un ceas ideal proiectat de scafandru, potrivit pentru orice stil sau ocazie.<\/p>","protected":false},"excerpt":{"rendered":"<p>Modelele Orient cu design de scafandru sunt o parte important\u0103 a istoriei sale \u0219i au reprezentat tot ceea ce reprezint\u0103 brandul de la lansarea lor \u00een anii 1960. Modelul cunoscut afectuos ca Orient Mako, care s\u0103rb\u0103tore\u0219te anul acesta 20 de ani de existen\u021b\u0103, a p\u0103strat caracteristici precum designul sportiv \u0219i rezisten\u021ba la ap\u0103 p\u00e2n\u0103 la [&hellip;]<\/p>\n","protected":false},"featured_media":55481,"comment_status":"closed","ping_status":"open","template":"","meta":{"_acf_changed":false},"product_brand":[],"product_cat":[20,596],"product_tag":[],"class_list":{"0":"post-55480","1":"product","2":"type-product","3":"status-publish","4":"has-post-thumbnail","6":"product_cat-ceasuri-barbati","7":"product_cat-orient","8":"pa_brand-orient","9":"pa_braslet-otel-inoxidabil","10":"pa_corpus-40-mm","11":"pa_forma-rotund","12":"pa_funcii-data","13":"pa_garatia-24-luni","14":"pa_korpus-argintiu","15":"pa_kvarc-quartz","16":"pa_material-otel-inoxidabil","17":"pa_mehanizm-baterie-solara","18":"pa_mehanizm-quartz","19":"pa_remeshok-argintiu","20":"pa_steklo-cristal-safir","21":"pa_strana-japonia","22":"pa_voda-20-atm","24":"first","25":"instock","26":"purchasable","27":"product-type-simple"},"acf":[],"_links":{"self":[{"href":"https:\/\/ceasuri.md\/ru\/wp-json\/wp\/v2\/product\/55480","targetHints":{"allow":["GET"]}}],"collection":[{"href":"https:\/\/ceasuri.md\/ru\/wp-json\/wp\/v2\/product"}],"about":[{"href":"https:\/\/ceasuri.md\/ru\/wp-json\/wp\/v2\/types\/product"}],"replies":[{"embeddable":true,"href":"https:\/\/ceasuri.md\/ru\/wp-json\/wp\/v2\/comments?post=55480"}],"wp:featuredmedia":[{"embeddable":true,"href":"https:\/\/ceasuri.md\/ru\/wp-json\/wp\/v2\/media\/55481"}],"wp:attachment":[{"href":"https:\/\/ceasuri.md\/ru\/wp-json\/wp\/v2\/media?parent=55480"}],"wp:term":[{"taxonomy":"product_brand","embeddable":true,"href":"https:\/\/ceasuri.md\/ru\/wp-json\/wp\/v2\/product_brand?post=55480"},{"taxonomy":"product_cat","embeddable":true,"href":"https:\/\/ceasuri.md\/ru\/wp-json\/wp\/v2\/product_cat?post=55480"},{"taxonomy":"product_tag","embeddable":true,"href":"https:\/\/ceasuri.md\/ru\/wp-json\/wp\/v2\/product_tag?post=55480"}],"curies":[{"name":"wp","href":"https:\/\/api.w.org\/{rel}","templated":true}]}}