{"id":55471,"date":"2026-04-03T00:20:15","date_gmt":"2026-04-02T21:20:15","guid":{"rendered":"http:\/\/new.ceasuri.md\/shop\/uncategorized\/orient-classic-tac00007w0\/"},"modified":"2026-04-17T14:56:14","modified_gmt":"2026-04-17T11:56:14","slug":"orient-classic-tac00007w0","status":"publish","type":"product","link":"https:\/\/ceasuri.md\/ru\/shop\/branduri\/orient\/orient-classic-tac00007w0\/","title":{"rendered":"Ceas ORIENT CLASSIC TAC00007W0"},"content":{"rendered":"<p>Orient TAC00007W0 este un ceas automat pentru b\u0103rba\u021bi conceput pentru cei care apreciaz\u0103 stilul clasic, elegant. Carcasa din o\u021bel inoxidabil acoperit cu PVD auriu combinat\u0103 cu cadranul alb creeaz\u0103 un design armonios, \u00een timp ce mi\u0219carea Orient F6724 cu func\u021bie stop-secund\u0103 garanteaz\u0103 fiabilitate. Ceasul este echipat cu un cristal mineral \u0219i o curea din piele maro care \u00eei subliniaz\u0103 caracterul sofisticat. Rezisten\u021ba la ap\u0103 de 30 de metri face din acest ceas o alegere excelent\u0103 at\u00e2t pentru ocaziile casual, c\u00e2t \u0219i pentru cele formale.<\/p>","protected":false},"excerpt":{"rendered":"<p>Orient TAC00007W0 este un ceas automat pentru b\u0103rba\u021bi conceput pentru cei care apreciaz\u0103 stilul clasic, elegant. Carcasa din o\u021bel inoxidabil acoperit cu PVD auriu combinat\u0103 cu cadranul alb creeaz\u0103 un design armonios, \u00een timp ce mi\u0219carea Orient F6724 cu func\u021bie stop-secund\u0103 garanteaz\u0103 fiabilitate. Ceasul este echipat cu un cristal mineral \u0219i o curea din piele [&hellip;]<\/p>\n","protected":false},"featured_media":55472,"comment_status":"closed","ping_status":"open","template":"","meta":{"_acf_changed":false},"product_brand":[],"product_cat":[20,596],"product_tag":[],"class_list":{"0":"post-55471","1":"product","2":"type-product","3":"status-publish","4":"has-post-thumbnail","6":"product_cat-ceasuri-barbati","7":"product_cat-orient","8":"pa_brand-orient","9":"pa_braslet-piele","10":"pa_corpus-41-mm","11":"pa_forma-rotund","12":"pa_funcii-data","13":"pa_garatia-24-luni","14":"pa_korpus-auriu","15":"pa_material-otel-inoxidabil","16":"pa_mehanizm-mecanic","17":"pa_mehanizm-mecanism-automatic","18":"pa_remeshok-maro","19":"pa_steklo-cristal-mineral","20":"pa_strana-japonia","21":"pa_voda-3-atm","23":"first","24":"instock","25":"purchasable","26":"product-type-simple"},"acf":[],"_links":{"self":[{"href":"https:\/\/ceasuri.md\/ru\/wp-json\/wp\/v2\/product\/55471","targetHints":{"allow":["GET"]}}],"collection":[{"href":"https:\/\/ceasuri.md\/ru\/wp-json\/wp\/v2\/product"}],"about":[{"href":"https:\/\/ceasuri.md\/ru\/wp-json\/wp\/v2\/types\/product"}],"replies":[{"embeddable":true,"href":"https:\/\/ceasuri.md\/ru\/wp-json\/wp\/v2\/comments?post=55471"}],"wp:featuredmedia":[{"embeddable":true,"href":"https:\/\/ceasuri.md\/ru\/wp-json\/wp\/v2\/media\/55472"}],"wp:attachment":[{"href":"https:\/\/ceasuri.md\/ru\/wp-json\/wp\/v2\/media?parent=55471"}],"wp:term":[{"taxonomy":"product_brand","embeddable":true,"href":"https:\/\/ceasuri.md\/ru\/wp-json\/wp\/v2\/product_brand?post=55471"},{"taxonomy":"product_cat","embeddable":true,"href":"https:\/\/ceasuri.md\/ru\/wp-json\/wp\/v2\/product_cat?post=55471"},{"taxonomy":"product_tag","embeddable":true,"href":"https:\/\/ceasuri.md\/ru\/wp-json\/wp\/v2\/product_tag?post=55471"}],"curies":[{"name":"wp","href":"https:\/\/api.w.org\/{rel}","templated":true}]}}