{"id":55380,"date":"2026-04-03T00:19:16","date_gmt":"2026-04-02T21:19:16","guid":{"rendered":"http:\/\/new.ceasuri.md\/shop\/uncategorized\/berney-marquises-2389\/"},"modified":"2026-04-07T04:51:02","modified_gmt":"2026-04-07T01:51:02","slug":"berney-marquises-2389","status":"publish","type":"product","link":"https:\/\/ceasuri.md\/ru\/shop\/accesorii\/accesorii-dama\/bratari\/berney-marquises-2389\/","title":{"rendered":"Ceas BERNEY MARQUISES 2389"},"content":{"rendered":"<p>Berney este un nume care va deveni un cuv\u00e2nt de cod pentru ceasuri bijuterii elve\u021biene atemporale \u0219i originale.<br \/>\nBijuteriile sunt discrete pentru a l\u0103sa loc ceasurilor, \u0219i viceversa. Afi\u0219area timpului nu este doar un detaliu, ci defini\u021bia timpului \u00een crea\u021biile de ceasuri bijuterie Berney.<br \/>\nDesignul simplu \u0219i atemporal confer\u0103 acestor crea\u021bii un stil care este \u00een acela\u0219i timp \u00eendr\u0103zne\u021b \u0219i discret.<br \/>\nAceste bijuterii par s\u0103 fi fost dezgropate din podurile bunicilor noastre, \u00eens\u0103 ceasurile marquise sunt modele surprinz\u0103toare \u0219i excentrice.<br \/>\nEle adaug\u0103 o not\u0103 diferit\u0103, unic\u0103, fiec\u0103rei \u021binute.<\/p>","protected":false},"excerpt":{"rendered":"<p>Berney este un nume care va deveni un cuv\u00e2nt de cod pentru ceasuri bijuterii elve\u021biene atemporale \u0219i originale. Bijuteriile sunt discrete pentru a l\u0103sa loc ceasurilor, \u0219i viceversa. Afi\u0219area timpului nu este doar un detaliu, ci defini\u021bia timpului \u00een crea\u021biile de ceasuri bijuterie Berney. Designul simplu \u0219i atemporal confer\u0103 acestor crea\u021bii un stil care este [&hellip;]<\/p>\n","protected":false},"featured_media":55381,"comment_status":"closed","ping_status":"open","template":"","meta":{"_acf_changed":false},"product_brand":[],"product_cat":[632,577,25],"product_tag":[],"class_list":{"0":"post-55380","1":"product","2":"type-product","3":"status-publish","4":"has-post-thumbnail","6":"product_cat-berney","7":"product_cat-bratari","8":"product_cat-ceasuri-dama","9":"pa_brand-berney","10":"pa_braslet-otel-inoxidabil","11":"pa_corpus-18-mm","12":"pa_decor-lac","13":"pa_forma-atipica","14":"pa_garatia-24-luni","15":"pa_korpus-auriu","16":"pa_korpus-multicolor","17":"pa_material-otel-inoxidabil","18":"pa_mehanizm-quartz","19":"pa_remeshok-auriu","20":"pa_remeshok-multicolor","21":"pa_steklo-cristal-mineral","22":"pa_strana-elvetia","23":"pa_voda-3-atm","25":"first","26":"instock","27":"purchasable","28":"product-type-simple"},"acf":[],"yoast_head":"<!-- This site is optimized with the Yoast SEO plugin v27.3 - https:\/\/yoast.com\/product\/yoast-seo-wordpress\/ -->\n<title>BERNEY MARQUISES 2389 - Cronograf<\/title>\n<meta name=\"robots\" content=\"index, follow, max-snippet:-1, max-image-preview:large, max-video-preview:-1\" \/>\n<link rel=\"canonical\" href=\"https:\/\/ceasuri.md\/ru\/shop\/accesorii\/accesorii-dama\/bratari\/berney-marquises-2389\/\" \/>\n<meta property=\"og:locale\" content=\"ru_RU\" \/>\n<meta property=\"og:type\" content=\"article\" \/>\n<meta property=\"og:title\" content=\"BERNEY MARQUISES 2389 - Cronograf\" \/>\n<meta property=\"og:description\" content=\"Berney este un nume care va deveni un cuv\u00e2nt de cod pentru ceasuri bijuterii elve\u021biene atemporale \u0219i originale. Bijuteriile sunt discrete pentru a l\u0103sa loc ceasurilor, \u0219i viceversa. Afi\u0219area timpului nu este doar un detaliu, ci defini\u021bia timpului \u00een crea\u021biile de ceasuri bijuterie Berney. Designul simplu \u0219i atemporal confer\u0103 acestor crea\u021bii un stil care este [&hellip;]\" \/>\n<meta property=\"og:url\" content=\"https:\/\/ceasuri.md\/ru\/shop\/accesorii\/accesorii-dama\/bratari\/berney-marquises-2389\/\" \/>\n<meta property=\"og:site_name\" content=\"Cronograf\" \/>\n<meta property=\"article:modified_time\" content=\"2026-04-07T01:51:02+00:00\" \/>\n<meta property=\"og:image\" content=\"https:\/\/ceasuri.md\/wp-content\/uploads\/foto0121.png\" \/>\n\t<meta property=\"og:image:width\" content=\"600\" \/>\n\t<meta property=\"og:image:height\" content=\"800\" \/>\n\t<meta property=\"og:image:type\" content=\"image\/png\" \/>\n<meta name=\"twitter:card\" content=\"summary_large_image\" \/>\n<script type=\"application\/ld+json\" class=\"yoast-schema-graph\">{\"@context\":\"https:\\\/\\\/schema.org\",\"@graph\":[{\"@type\":\"WebPage\",\"@id\":\"https:\\\/\\\/ceasuri.md\\\/shop\\\/accesorii\\\/accesorii-dama\\\/bratari\\\/berney-marquises-2389\\\/\",\"url\":\"https:\\\/\\\/ceasuri.md\\\/shop\\\/accesorii\\\/accesorii-dama\\\/bratari\\\/berney-marquises-2389\\\/\",\"name\":\"BERNEY MARQUISES 2389 - Cronograf\",\"isPartOf\":{\"@id\":\"https:\\\/\\\/ceasuri.md\\\/ru\\\/#website\"},\"primaryImageOfPage\":{\"@id\":\"https:\\\/\\\/ceasuri.md\\\/shop\\\/accesorii\\\/accesorii-dama\\\/bratari\\\/berney-marquises-2389\\\/#primaryimage\"},\"image\":{\"@id\":\"https:\\\/\\\/ceasuri.md\\\/shop\\\/accesorii\\\/accesorii-dama\\\/bratari\\\/berney-marquises-2389\\\/#primaryimage\"},\"thumbnailUrl\":\"https:\\\/\\\/ceasuri.md\\\/wp-content\\\/uploads\\\/foto0121.png\",\"datePublished\":\"2026-04-02T21:19:16+00:00\",\"dateModified\":\"2026-04-07T01:51:02+00:00\",\"breadcrumb\":{\"@id\":\"https:\\\/\\\/ceasuri.md\\\/shop\\\/accesorii\\\/accesorii-dama\\\/bratari\\\/berney-marquises-2389\\\/#breadcrumb\"},\"inLanguage\":\"ru-RU\",\"potentialAction\":[{\"@type\":\"ReadAction\",\"target\":[\"https:\\\/\\\/ceasuri.md\\\/shop\\\/accesorii\\\/accesorii-dama\\\/bratari\\\/berney-marquises-2389\\\/\"]}]},{\"@type\":\"ImageObject\",\"inLanguage\":\"ru-RU\",\"@id\":\"https:\\\/\\\/ceasuri.md\\\/shop\\\/accesorii\\\/accesorii-dama\\\/bratari\\\/berney-marquises-2389\\\/#primaryimage\",\"url\":\"https:\\\/\\\/ceasuri.md\\\/wp-content\\\/uploads\\\/foto0121.png\",\"contentUrl\":\"https:\\\/\\\/ceasuri.md\\\/wp-content\\\/uploads\\\/foto0121.png\",\"width\":600,\"height\":800},{\"@type\":\"BreadcrumbList\",\"@id\":\"https:\\\/\\\/ceasuri.md\\\/shop\\\/accesorii\\\/accesorii-dama\\\/bratari\\\/berney-marquises-2389\\\/#breadcrumb\",\"itemListElement\":[{\"@type\":\"ListItem\",\"position\":1,\"name\":\"Home\",\"item\":\"https:\\\/\\\/ceasuri.md\\\/\"},{\"@type\":\"ListItem\",\"position\":2,\"name\":\"Magazin\",\"item\":\"https:\\\/\\\/ceasuri.md\\\/shop\\\/\"},{\"@type\":\"ListItem\",\"position\":3,\"name\":\"Ceas BERNEY MARQUISES 2389\"}]},{\"@type\":\"WebSite\",\"@id\":\"https:\\\/\\\/ceasuri.md\\\/ru\\\/#website\",\"url\":\"https:\\\/\\\/ceasuri.md\\\/ru\\\/\",\"name\":\"Cronograf\",\"description\":\"\",\"publisher\":{\"@id\":\"https:\\\/\\\/ceasuri.md\\\/ru\\\/#organization\"},\"potentialAction\":[{\"@type\":\"SearchAction\",\"target\":{\"@type\":\"EntryPoint\",\"urlTemplate\":\"https:\\\/\\\/ceasuri.md\\\/ru\\\/?s={search_term_string}\"},\"query-input\":{\"@type\":\"PropertyValueSpecification\",\"valueRequired\":true,\"valueName\":\"search_term_string\"}}],\"inLanguage\":\"ru-RU\"},{\"@type\":\"Organization\",\"@id\":\"https:\\\/\\\/ceasuri.md\\\/ru\\\/#organization\",\"name\":\"Cronograf\",\"url\":\"https:\\\/\\\/ceasuri.md\\\/ru\\\/\",\"logo\":{\"@type\":\"ImageObject\",\"inLanguage\":\"ru-RU\",\"@id\":\"https:\\\/\\\/ceasuri.md\\\/ru\\\/#\\\/schema\\\/logo\\\/image\\\/\",\"url\":\"https:\\\/\\\/ceasuri.md\\\/wp-content\\\/uploads\\\/2025\\\/12\\\/Logo.svg\",\"contentUrl\":\"https:\\\/\\\/ceasuri.md\\\/wp-content\\\/uploads\\\/2025\\\/12\\\/Logo.svg\",\"width\":3338,\"height\":811,\"caption\":\"Cronograf\"},\"image\":{\"@id\":\"https:\\\/\\\/ceasuri.md\\\/ru\\\/#\\\/schema\\\/logo\\\/image\\\/\"}}]}<\/script>\n<!-- \/ Yoast SEO plugin. -->","yoast_head_json":{"title":"BERNEY MARQUISES 2389 - Cronograf","robots":{"index":"index","follow":"follow","max-snippet":"max-snippet:-1","max-image-preview":"max-image-preview:large","max-video-preview":"max-video-preview:-1"},"canonical":"https:\/\/ceasuri.md\/ru\/shop\/accesorii\/accesorii-dama\/bratari\/berney-marquises-2389\/","og_locale":"ru_RU","og_type":"article","og_title":"BERNEY MARQUISES 2389 - Cronograf","og_description":"Berney este un nume care va deveni un cuv\u00e2nt de cod pentru ceasuri bijuterii elve\u021biene atemporale \u0219i originale. Bijuteriile sunt discrete pentru a l\u0103sa loc ceasurilor, \u0219i viceversa. Afi\u0219area timpului nu este doar un detaliu, ci defini\u021bia timpului \u00een crea\u021biile de ceasuri bijuterie Berney. Designul simplu \u0219i atemporal confer\u0103 acestor crea\u021bii un stil care este [&hellip;]","og_url":"https:\/\/ceasuri.md\/ru\/shop\/accesorii\/accesorii-dama\/bratari\/berney-marquises-2389\/","og_site_name":"Cronograf","article_modified_time":"2026-04-07T01:51:02+00:00","og_image":[{"width":600,"height":800,"url":"https:\/\/ceasuri.md\/wp-content\/uploads\/foto0121.png","type":"image\/png"}],"twitter_card":"summary_large_image","schema":{"@context":"https:\/\/schema.org","@graph":[{"@type":"WebPage","@id":"https:\/\/ceasuri.md\/shop\/accesorii\/accesorii-dama\/bratari\/berney-marquises-2389\/","url":"https:\/\/ceasuri.md\/shop\/accesorii\/accesorii-dama\/bratari\/berney-marquises-2389\/","name":"BERNEY MARQUISES 2389 - Cronograf","isPartOf":{"@id":"https:\/\/ceasuri.md\/ru\/#website"},"primaryImageOfPage":{"@id":"https:\/\/ceasuri.md\/shop\/accesorii\/accesorii-dama\/bratari\/berney-marquises-2389\/#primaryimage"},"image":{"@id":"https:\/\/ceasuri.md\/shop\/accesorii\/accesorii-dama\/bratari\/berney-marquises-2389\/#primaryimage"},"thumbnailUrl":"https:\/\/ceasuri.md\/wp-content\/uploads\/foto0121.png","datePublished":"2026-04-02T21:19:16+00:00","dateModified":"2026-04-07T01:51:02+00:00","breadcrumb":{"@id":"https:\/\/ceasuri.md\/shop\/accesorii\/accesorii-dama\/bratari\/berney-marquises-2389\/#breadcrumb"},"inLanguage":"ru-RU","potentialAction":[{"@type":"ReadAction","target":["https:\/\/ceasuri.md\/shop\/accesorii\/accesorii-dama\/bratari\/berney-marquises-2389\/"]}]},{"@type":"ImageObject","inLanguage":"ru-RU","@id":"https:\/\/ceasuri.md\/shop\/accesorii\/accesorii-dama\/bratari\/berney-marquises-2389\/#primaryimage","url":"https:\/\/ceasuri.md\/wp-content\/uploads\/foto0121.png","contentUrl":"https:\/\/ceasuri.md\/wp-content\/uploads\/foto0121.png","width":600,"height":800},{"@type":"BreadcrumbList","@id":"https:\/\/ceasuri.md\/shop\/accesorii\/accesorii-dama\/bratari\/berney-marquises-2389\/#breadcrumb","itemListElement":[{"@type":"ListItem","position":1,"name":"Home","item":"https:\/\/ceasuri.md\/"},{"@type":"ListItem","position":2,"name":"Magazin","item":"https:\/\/ceasuri.md\/shop\/"},{"@type":"ListItem","position":3,"name":"Ceas BERNEY MARQUISES 2389"}]},{"@type":"WebSite","@id":"https:\/\/ceasuri.md\/ru\/#website","url":"https:\/\/ceasuri.md\/ru\/","name":"Cronograf","description":"","publisher":{"@id":"https:\/\/ceasuri.md\/ru\/#organization"},"potentialAction":[{"@type":"SearchAction","target":{"@type":"EntryPoint","urlTemplate":"https:\/\/ceasuri.md\/ru\/?s={search_term_string}"},"query-input":{"@type":"PropertyValueSpecification","valueRequired":true,"valueName":"search_term_string"}}],"inLanguage":"ru-RU"},{"@type":"Organization","@id":"https:\/\/ceasuri.md\/ru\/#organization","name":"Cronograf","url":"https:\/\/ceasuri.md\/ru\/","logo":{"@type":"ImageObject","inLanguage":"ru-RU","@id":"https:\/\/ceasuri.md\/ru\/#\/schema\/logo\/image\/","url":"https:\/\/ceasuri.md\/wp-content\/uploads\/2025\/12\/Logo.svg","contentUrl":"https:\/\/ceasuri.md\/wp-content\/uploads\/2025\/12\/Logo.svg","width":3338,"height":811,"caption":"Cronograf"},"image":{"@id":"https:\/\/ceasuri.md\/ru\/#\/schema\/logo\/image\/"}}]}},"_links":{"self":[{"href":"https:\/\/ceasuri.md\/ru\/wp-json\/wp\/v2\/product\/55380","targetHints":{"allow":["GET"]}}],"collection":[{"href":"https:\/\/ceasuri.md\/ru\/wp-json\/wp\/v2\/product"}],"about":[{"href":"https:\/\/ceasuri.md\/ru\/wp-json\/wp\/v2\/types\/product"}],"replies":[{"embeddable":true,"href":"https:\/\/ceasuri.md\/ru\/wp-json\/wp\/v2\/comments?post=55380"}],"wp:featuredmedia":[{"embeddable":true,"href":"https:\/\/ceasuri.md\/ru\/wp-json\/wp\/v2\/media\/55381"}],"wp:attachment":[{"href":"https:\/\/ceasuri.md\/ru\/wp-json\/wp\/v2\/media?parent=55380"}],"wp:term":[{"taxonomy":"product_brand","embeddable":true,"href":"https:\/\/ceasuri.md\/ru\/wp-json\/wp\/v2\/product_brand?post=55380"},{"taxonomy":"product_cat","embeddable":true,"href":"https:\/\/ceasuri.md\/ru\/wp-json\/wp\/v2\/product_cat?post=55380"},{"taxonomy":"product_tag","embeddable":true,"href":"https:\/\/ceasuri.md\/ru\/wp-json\/wp\/v2\/product_tag?post=55380"}],"curies":[{"name":"wp","href":"https:\/\/api.w.org\/{rel}","templated":true}]}}