{"id":55368,"date":"2026-04-03T00:19:16","date_gmt":"2026-04-02T21:19:16","guid":{"rendered":"http:\/\/new.ceasuri.md\/shop\/uncategorized\/berney-montres-pendentifs-3016-2\/"},"modified":"2026-04-20T01:39:50","modified_gmt":"2026-04-19T22:39:50","slug":"berney-montres-pendentifs-3016-2","status":"publish","type":"product","link":"https:\/\/ceasuri.md\/ru\/shop\/accesorii\/accesorii-dama\/lanturi-accesorii-dama\/berney-montres-pendentifs-3016-2\/","title":{"rendered":"\u0427\u0430\u0441\u044b BERNEY MONTRES PENDENTIFS 3016"},"content":{"rendered":"<p>Berney este un nume care va deveni un cuv\u00e2nt de cod pentru ceasuri bijuterii elve\u021biene atemporale \u0219i originale.<br \/>\nBijuteriile sunt discrete pentru a l\u0103sa loc ceasurilor, \u0219i viceversa. Afi\u0219area timpului nu este doar un detaliu, ci defini\u021bia timpului \u00een crea\u021biile de ceasuri bijuterie Berney.<br \/>\nDesignul simplu \u0219i atemporal confer\u0103 acestor crea\u021bii un stil care este \u00een acela\u0219i timp \u00eendr\u0103zne\u021b \u0219i discret.<br \/>\nCunoscute pentru faptul c\u0103 sunt excentrice \u0219i elegante, departe de a fi ponosite, ceasurile cu pandantiv amintesc de farmecul feminin al anilor &#8217;50.<br \/>\nEle sunt disponibile \u00eentr-o gam\u0103 larg\u0103 de modele \u0219i pot fi purtate ca bijuterii moderne.<\/p>","protected":false},"excerpt":{"rendered":"<p>Berney este un nume care va deveni un cuv\u00e2nt de cod pentru ceasuri bijuterii elve\u021biene atemporale \u0219i originale. Bijuteriile sunt discrete pentru a l\u0103sa loc ceasurilor, \u0219i viceversa. Afi\u0219area timpului nu este doar un detaliu, ci defini\u021bia timpului \u00een crea\u021biile de ceasuri bijuterie Berney. Designul simplu \u0219i atemporal confer\u0103 acestor crea\u021bii un stil care este [&hellip;]<\/p>\n","protected":false},"featured_media":55369,"comment_status":"closed","ping_status":"open","template":"","meta":{"_acf_changed":false},"product_brand":[],"product_cat":[632,25,607],"product_tag":[],"class_list":{"0":"post-55368","1":"product","2":"type-product","3":"status-publish","4":"has-post-thumbnail","6":"product_cat-berney","7":"product_cat-ceasuri-dama","8":"product_cat-lanturi-accesorii-dama","9":"pa_brand-berney","10":"pa_corpus-26-mm","11":"pa_decor-lac","12":"pa_forma-rotund","13":"pa_garatia-24-luni","14":"pa_korpus-albastru","15":"pa_korpus-auriu","16":"pa_kvarc-quartz","17":"pa_material-otel-inoxidabil","18":"pa_mehanizm-quartz","19":"pa_steklo-cristal-mineral","20":"pa_strana-elvetia","21":"pa_voda-3-atm","23":"first","24":"instock","25":"purchasable","26":"product-type-simple"},"acf":[],"_links":{"self":[{"href":"https:\/\/ceasuri.md\/ru\/wp-json\/wp\/v2\/product\/55368","targetHints":{"allow":["GET"]}}],"collection":[{"href":"https:\/\/ceasuri.md\/ru\/wp-json\/wp\/v2\/product"}],"about":[{"href":"https:\/\/ceasuri.md\/ru\/wp-json\/wp\/v2\/types\/product"}],"replies":[{"embeddable":true,"href":"https:\/\/ceasuri.md\/ru\/wp-json\/wp\/v2\/comments?post=55368"}],"wp:featuredmedia":[{"embeddable":true,"href":"https:\/\/ceasuri.md\/ru\/wp-json\/wp\/v2\/media\/55369"}],"wp:attachment":[{"href":"https:\/\/ceasuri.md\/ru\/wp-json\/wp\/v2\/media?parent=55368"}],"wp:term":[{"taxonomy":"product_brand","embeddable":true,"href":"https:\/\/ceasuri.md\/ru\/wp-json\/wp\/v2\/product_brand?post=55368"},{"taxonomy":"product_cat","embeddable":true,"href":"https:\/\/ceasuri.md\/ru\/wp-json\/wp\/v2\/product_cat?post=55368"},{"taxonomy":"product_tag","embeddable":true,"href":"https:\/\/ceasuri.md\/ru\/wp-json\/wp\/v2\/product_tag?post=55368"}],"curies":[{"name":"wp","href":"https:\/\/api.w.org\/{rel}","templated":true}]}}