{"id":55260,"date":"2024-10-22T07:42:15","date_gmt":"2024-10-22T04:42:15","guid":{"rendered":"http:\/\/new.ceasuri.md\/shop\/uncategorized\/bulova-classic-super-seville-96b440\/"},"modified":"2026-05-01T18:54:33","modified_gmt":"2026-05-01T15:54:33","slug":"bulova-classic-super-seville-96b440","status":"publish","type":"product","link":"https:\/\/ceasuri.md\/ru\/shop\/branduri\/bulova\/bulova-classic-super-seville-96b440\/","title":{"rendered":"\u0427\u0430\u0441\u044b BULOVA CLASSIC  Super Seville 96B440"},"content":{"rendered":"<p>Inspir\u00e2ndu-se din incredibilul Bulova Super Seville Day-Date din anii 1970, noul Super Seville \u00eembin\u0103 estetica retro cu tehnologia Precisionist de ultim\u0103 genera\u021bie pentru un apel modern atemporal. Carcasa din o\u021bel inoxidabil argintiu de 38 mm are versatilitatea de a se potrivi tuturor stilurilor \u0219i face o declara\u021bie \u00eendr\u0103znea\u021b\u0103 cu o siluet\u0103 f\u0103r\u0103 sudur\u0103 creat\u0103 de carcasa retro \u00een form\u0103 de televizor care trece \u00een br\u0103\u021bara integrat\u0103 din o\u021bel inoxidabil cu 3 verigi, care are o \u00eenchidere sigur\u0103 \u0219i convenabil\u0103 cu buton de deschidere. Un luneta elegant, canelat margine moned\u0103 \u00eembun\u0103t\u0103\u021be\u0219te cazul \u0219i \u00eenconjoar\u0103 cristal de safir plat \u0219i lupa sa data. Cadranul conving\u0103tor este de un albastru periat vertical profund, cu m\u00e2ini \u0219i indici lustrui\u021bi \u0219i o dat\u0103 situat\u0103 perfect la ora 3. Noul Bulova Super Seville este propulsat de mi\u0219carea noastr\u0103 de \u00eenalt\u0103 precizie cu cuar\u021b Precisionist, un mecanism revolu\u021bionar cu cuar\u021b cu 8 giuvaeruri care vibreaz\u0103 la o frecven\u021b\u0103 remarcabil\u0103 de 262 kHz, cu o precizie de c\u00e2teva secunde pe an, cu o rezisten\u021b\u0103 sporit\u0103 la schimb\u0103rile de temperatur\u0103 \u0219i cu o man\u0103 a secundelor care m\u0103tur\u0103 lin. \u00cembr\u0103\u021bi\u0219a\u021bi un tip de elegan\u021b\u0103 f\u0103r\u0103 efort cu Bulova Super Seville pentru b\u0103rba\u021bi.<\/p>","protected":false},"excerpt":{"rendered":"<p>Inspir\u00e2ndu-se din incredibilul Bulova Super Seville Day-Date din anii 1970, noul Super Seville \u00eembin\u0103 estetica retro cu tehnologia Precisionist de ultim\u0103 genera\u021bie pentru un apel modern atemporal. Carcasa din o\u021bel inoxidabil argintiu de 38 mm are versatilitatea de a se potrivi tuturor stilurilor \u0219i face o declara\u021bie \u00eendr\u0103znea\u021b\u0103 cu o siluet\u0103 f\u0103r\u0103 sudur\u0103 creat\u0103 de [&hellip;]<\/p>\n","protected":false},"featured_media":55261,"comment_status":"closed","ping_status":"open","template":"","meta":{"_acf_changed":false},"product_brand":[],"product_cat":[624,20,106],"product_tag":[],"class_list":{"0":"post-55260","1":"product","2":"type-product","3":"status-publish","4":"has-post-thumbnail","6":"product_cat-bulova","7":"product_cat-ceasuri-barbati","8":"product_cat-ceasuri-premium","9":"pa_brand-bulova","10":"pa_braslet-otel-inoxidabil","11":"pa_corpus-38-mm","12":"pa_forma-patrat","13":"pa_funcii-data","14":"pa_garatia-24-luni","15":"pa_korpus-argintiu","16":"pa_kvarc-quartz","17":"pa_material-otel-inoxidabil","18":"pa_mehanizm-quartz","19":"pa_remeshok-argintiu","20":"pa_steklo-cristal-safir","21":"pa_strana-sua","22":"pa_voda-3-atm","24":"first","25":"instock","26":"purchasable","27":"product-type-simple"},"acf":[],"_links":{"self":[{"href":"https:\/\/ceasuri.md\/ru\/wp-json\/wp\/v2\/product\/55260","targetHints":{"allow":["GET"]}}],"collection":[{"href":"https:\/\/ceasuri.md\/ru\/wp-json\/wp\/v2\/product"}],"about":[{"href":"https:\/\/ceasuri.md\/ru\/wp-json\/wp\/v2\/types\/product"}],"replies":[{"embeddable":true,"href":"https:\/\/ceasuri.md\/ru\/wp-json\/wp\/v2\/comments?post=55260"}],"wp:featuredmedia":[{"embeddable":true,"href":"https:\/\/ceasuri.md\/ru\/wp-json\/wp\/v2\/media\/55261"}],"wp:attachment":[{"href":"https:\/\/ceasuri.md\/ru\/wp-json\/wp\/v2\/media?parent=55260"}],"wp:term":[{"taxonomy":"product_brand","embeddable":true,"href":"https:\/\/ceasuri.md\/ru\/wp-json\/wp\/v2\/product_brand?post=55260"},{"taxonomy":"product_cat","embeddable":true,"href":"https:\/\/ceasuri.md\/ru\/wp-json\/wp\/v2\/product_cat?post=55260"},{"taxonomy":"product_tag","embeddable":true,"href":"https:\/\/ceasuri.md\/ru\/wp-json\/wp\/v2\/product_tag?post=55260"}],"curies":[{"name":"wp","href":"https:\/\/api.w.org\/{rel}","templated":true}]}}