{"id":55246,"date":"2026-04-03T00:17:27","date_gmt":"2026-04-02T21:17:27","guid":{"rendered":"http:\/\/new.ceasuri.md\/shop\/uncategorized\/bulova-classic-hudson-96b447\/"},"modified":"2026-04-20T01:40:33","modified_gmt":"2026-04-19T22:40:33","slug":"bulova-classic-hudson-96b447","status":"publish","type":"product","link":"https:\/\/ceasuri.md\/ru\/shop\/branduri\/bulova\/bulova-classic-hudson-96b447\/","title":{"rendered":"\u0427\u0430\u0441\u044b BULOVA CLASSIC Hudson 96B447"},"content":{"rendered":"<p>Noul \u0219i \u00eembun\u0103t\u0103\u021bitul Bulova Hudson clasic va deveni noua dvs. op\u021biune de ceas preferat. Cu un design complet nou al carcasei \u0219i un cadran atent detaliat, acest ceas deschide noi drumuri \u00een materie de elegan\u021b\u0103 \u0219i ofer\u0103 o prezen\u021b\u0103 rafinat\u0103. Carcasa argintie din o\u021bel inoxidabil de 39 mm are o form\u0103 convex\u0103 \u0219i contururi moi care arat\u0103 perfect pe orice \u00eencheietur\u0103 \u0219i este completat\u0103 de un cristal de safir cu cupol\u0103 dubl\u0103, o coroan\u0103 elegant\u0103 \u00een form\u0103 de arc \u0219i urechi u\u0219or curbate. Cadranul albastru \u00eenchis este un exerci\u021biu de echilibru, textur\u0103 \u0219i stil, cu patru finisaje texturate izbitoare care culmineaz\u0103 cu un model de \u021bes\u0103tur\u0103 atr\u0103g\u0103tor \u00een centru. Cifrele romane dramatice \u00een form\u0103 de arc marcheaz\u0103 orele 6 \u0219i 12 \u0219i sunt completate de indicatoarele baton de culoare argintie lustruit\u0103 \u0219i de un indicator al datei la ora 3. M\u00e2inile argintii lustruite completeaz\u0103 imaginea de sofisticare simpl\u0103. \u00cen interiorul ceasului se afl\u0103 o mi\u0219care automat\u0103 cu 21 de bijuterii \u0219i o rezerv\u0103 de putere de 42 de ore. Ceasul este completat de o br\u0103\u021bar\u0103 argintie din o\u021bel inoxidabil cu \u00eenchidere pliabil\u0103. C\u00e2nd dori\u021bi ce este mai bun, nu c\u0103uta\u021bi mai departe de ceasul Bulova Hudson pentru b\u0103rba\u021bi.<\/p>","protected":false},"excerpt":{"rendered":"<p>Noul \u0219i \u00eembun\u0103t\u0103\u021bitul Bulova Hudson clasic va deveni noua dvs. op\u021biune de ceas preferat. Cu un design complet nou al carcasei \u0219i un cadran atent detaliat, acest ceas deschide noi drumuri \u00een materie de elegan\u021b\u0103 \u0219i ofer\u0103 o prezen\u021b\u0103 rafinat\u0103. Carcasa argintie din o\u021bel inoxidabil de 39 mm are o form\u0103 convex\u0103 \u0219i contururi moi [&hellip;]<\/p>\n","protected":false},"featured_media":55247,"comment_status":"closed","ping_status":"open","template":"","meta":{"_acf_changed":false},"product_brand":[],"product_cat":[624,20,106],"product_tag":[],"class_list":{"0":"post-55246","1":"product","2":"type-product","3":"status-publish","4":"has-post-thumbnail","6":"product_cat-bulova","7":"product_cat-ceasuri-barbati","8":"product_cat-ceasuri-premium","9":"pa_brand-bulova","10":"pa_braslet-otel-inoxidabil","11":"pa_corpus-39-mm","12":"pa_forma-rotund","13":"pa_funcii-data","14":"pa_garatia-24-luni","15":"pa_korpus-argintiu","16":"pa_material-otel-inoxidabil","17":"pa_mehanizm-mecanic","18":"pa_mehanizm-mecanism-automatic","19":"pa_remeshok-argintiu","20":"pa_steklo-cristal-safir","21":"pa_strana-sua","22":"pa_voda-3-atm","24":"first","25":"instock","26":"purchasable","27":"product-type-simple"},"acf":[],"_links":{"self":[{"href":"https:\/\/ceasuri.md\/ru\/wp-json\/wp\/v2\/product\/55246","targetHints":{"allow":["GET"]}}],"collection":[{"href":"https:\/\/ceasuri.md\/ru\/wp-json\/wp\/v2\/product"}],"about":[{"href":"https:\/\/ceasuri.md\/ru\/wp-json\/wp\/v2\/types\/product"}],"replies":[{"embeddable":true,"href":"https:\/\/ceasuri.md\/ru\/wp-json\/wp\/v2\/comments?post=55246"}],"wp:featuredmedia":[{"embeddable":true,"href":"https:\/\/ceasuri.md\/ru\/wp-json\/wp\/v2\/media\/55247"}],"wp:attachment":[{"href":"https:\/\/ceasuri.md\/ru\/wp-json\/wp\/v2\/media?parent=55246"}],"wp:term":[{"taxonomy":"product_brand","embeddable":true,"href":"https:\/\/ceasuri.md\/ru\/wp-json\/wp\/v2\/product_brand?post=55246"},{"taxonomy":"product_cat","embeddable":true,"href":"https:\/\/ceasuri.md\/ru\/wp-json\/wp\/v2\/product_cat?post=55246"},{"taxonomy":"product_tag","embeddable":true,"href":"https:\/\/ceasuri.md\/ru\/wp-json\/wp\/v2\/product_tag?post=55246"}],"curies":[{"name":"wp","href":"https:\/\/api.w.org\/{rel}","templated":true}]}}