{"id":55238,"date":"2026-04-03T00:17:27","date_gmt":"2026-04-02T21:17:27","guid":{"rendered":"http:\/\/new.ceasuri.md\/shop\/uncategorized\/bulova-jet-star-le-96k112-set\/"},"modified":"2026-04-20T01:40:34","modified_gmt":"2026-04-19T22:40:34","slug":"bulova-jet-star-le-96k112-set","status":"publish","type":"product","link":"https:\/\/ceasuri.md\/ru\/shop\/branduri\/bulova\/bulova-jet-star-le-96k112-set\/","title":{"rendered":"\u0427\u0430\u0441\u044b BULOVA JET STAR LE 96K112 SET"},"content":{"rendered":"<p>Direct din anii 1970 vine aceast\u0103 edi\u021bie limitat\u0103 Bulova 1973 Jet Star \u201eF\u201d, un model iconic din istoria impresionant\u0103 a m\u0103rcii, echipat acum cu o mi\u0219care la fel de impresionant\u0103. \u00cemprumut\u00e2nd de la predecesorul s\u0103u istoric, carcasa din o\u021bel inoxidabil are un design unghiular izbitor, cu fa\u021bete largi \u0219i un cristal de safir bombat. Cadranul Sunburst \u00een nuan\u021be argintii vii este accentuat de un inel capitol albastru \u0219i ro\u0219u, indicatoare orare aplicate albastre \u0219i ro\u0219ii \u0219i m\u00e2ini ro\u0219ii \u00eendr\u0103zne\u021be. Parcelele luminescente la fiecare or\u0103 \u0219i umplerea m\u00e2inilor permit o lizibilitate excep\u021bional\u0103 \u00een orice mediu, \u00een timp ce un afi\u0219aj al datei se afl\u0103 perfect la ora 3. Jet Star este alimentat de mi\u0219carea Precisionist de la Bulova, un mecanism revolu\u021bionar cu cuar\u021b cu 8 bijuterii, care vibreaz\u0103 la o frecven\u021b\u0103 remarcabil\u0103 de 262 kHz, cu o precizie de 5 secunde pe lun\u0103, cu o rezisten\u021b\u0103 sporit\u0103 la schimb\u0103rile de temperatur\u0103 \u0219i cu o m\u00e2n\u0103 de secunde care m\u0103tur\u0103. Carcasa din o\u021bel inoxidabil este completat\u0103 de o br\u0103\u021bar\u0103 asortat\u0103. Acest model \u00een edi\u021bie limitat\u0103 include \u0219i o curea din piele albastr\u0103 \u0219i este prezentat \u00eentr-un ambalaj special. Limitat la 7.300 de exemplare \u00een \u00eentreaga lume.Disponibil N 5085, 5591 din cele 7300 de exemplare.<\/p>","protected":false},"excerpt":{"rendered":"<p>Direct din anii 1970 vine aceast\u0103 edi\u021bie limitat\u0103 Bulova 1973 Jet Star \u201eF\u201d, un model iconic din istoria impresionant\u0103 a m\u0103rcii, echipat acum cu o mi\u0219care la fel de impresionant\u0103. \u00cemprumut\u00e2nd de la predecesorul s\u0103u istoric, carcasa din o\u021bel inoxidabil are un design unghiular izbitor, cu fa\u021bete largi \u0219i un cristal de safir bombat. Cadranul [&hellip;]<\/p>\n","protected":false},"featured_media":55239,"comment_status":"closed","ping_status":"open","template":"","meta":{"_acf_changed":false},"product_brand":[],"product_cat":[624,20,106,205],"product_tag":[],"class_list":{"0":"post-55238","1":"product","2":"type-product","3":"status-publish","4":"has-post-thumbnail","6":"product_cat-bulova","7":"product_cat-ceasuri-barbati","8":"product_cat-ceasuri-premium","9":"product_cat-limited-edition","10":"pa_brand-bulova","11":"pa_braslet-otel-inoxidabil","12":"pa_braslet-piele","13":"pa_corpus-40-mm","14":"pa_forma-octogonala","15":"pa_funcii-data","16":"pa_funcii-limited-edition","17":"pa_funcii-set-cadou","18":"pa_garatia-24-luni","19":"pa_korpus-argintiu","20":"pa_kvarc-quartz","21":"pa_material-otel-inoxidabil","22":"pa_mehanizm-quartz","23":"pa_remeshok-albastru","24":"pa_remeshok-argintiu","25":"pa_steklo-cristal-safir","26":"pa_strana-sua","27":"pa_voda-5-atm","29":"first","30":"instock","31":"purchasable","32":"product-type-simple"},"acf":[],"_links":{"self":[{"href":"https:\/\/ceasuri.md\/ru\/wp-json\/wp\/v2\/product\/55238","targetHints":{"allow":["GET"]}}],"collection":[{"href":"https:\/\/ceasuri.md\/ru\/wp-json\/wp\/v2\/product"}],"about":[{"href":"https:\/\/ceasuri.md\/ru\/wp-json\/wp\/v2\/types\/product"}],"replies":[{"embeddable":true,"href":"https:\/\/ceasuri.md\/ru\/wp-json\/wp\/v2\/comments?post=55238"}],"wp:featuredmedia":[{"embeddable":true,"href":"https:\/\/ceasuri.md\/ru\/wp-json\/wp\/v2\/media\/55239"}],"wp:attachment":[{"href":"https:\/\/ceasuri.md\/ru\/wp-json\/wp\/v2\/media?parent=55238"}],"wp:term":[{"taxonomy":"product_brand","embeddable":true,"href":"https:\/\/ceasuri.md\/ru\/wp-json\/wp\/v2\/product_brand?post=55238"},{"taxonomy":"product_cat","embeddable":true,"href":"https:\/\/ceasuri.md\/ru\/wp-json\/wp\/v2\/product_cat?post=55238"},{"taxonomy":"product_tag","embeddable":true,"href":"https:\/\/ceasuri.md\/ru\/wp-json\/wp\/v2\/product_tag?post=55238"}],"curies":[{"name":"wp","href":"https:\/\/api.w.org\/{rel}","templated":true}]}}