{"id":55224,"date":"2026-04-03T00:17:27","date_gmt":"2026-04-02T21:17:27","guid":{"rendered":"http:\/\/new.ceasuri.md\/shop\/uncategorized\/bulova-marine-star-series-a-automatic-96l326\/"},"modified":"2026-04-20T01:40:37","modified_gmt":"2026-04-19T22:40:37","slug":"bulova-marine-star-series-a-automatic-96l326","status":"publish","type":"product","link":"https:\/\/ceasuri.md\/ru\/shop\/branduri\/bulova\/bulova-marine-star-series-a-automatic-96l326\/","title":{"rendered":"\u0427\u0430\u0441\u044b BULOVA MARINE STAR Series A Automatic 96L326"},"content":{"rendered":"<p>\u00cembr\u0103\u021bi\u0219a\u021bi o nou\u0103 persoan\u0103 \u00eendr\u0103znea\u021b\u0103 cu elegantul Bulova Marine Star automat de dam\u0103. Carcasa izbitoare din o\u021bel inoxidabil prezint\u0103 un amestec atr\u0103g\u0103tor de finisaje pentru o prezen\u021b\u0103 dinamic\u0103 la \u00eencheietura m\u00e2inii, \u00een timp ce cristalul safir \u0219i coroana protejat\u0103 ofer\u0103 fiabilitate modern\u0103, care este sporit\u0103 de rezisten\u021ba la ap\u0103 de 100 m. Cadranul din nuc\u0103 de nuc\u0103 lucioas\u0103* prezint\u0103 accente \u00een nuan\u021be de albastru, cu indicatoare orare cu cifre romane, cu m\u00e2ini spectaculoase cu umplutur\u0103 luminescent\u0103 pentru a asigura lizibilitatea \u00een orice situa\u021bie. \u00cen jum\u0103tatea inferioar\u0103 a cadranului, un inel argintiu \u00eencadreaz\u0103 o deschidere care ofer\u0103 o privire asupra inimii mi\u0219c\u0103rii automate premium sub\u021biri, care are 24 de bijuterii \u0219i o rezerv\u0103 de putere de 42 de ore. Ceasul este completat de o br\u0103\u021bar\u0103 asortat\u0103 din o\u021bel inoxidabil cu eliberare rapid\u0103 \u0219i \u00eenchidere cu buton, pentru confort \u0219i siguran\u021b\u0103 excep\u021bionale. Cu luxul s\u0103u elegant \u0219i sufletul s\u0103u mecanic, acest ceas de dam\u0103 Bulova v\u0103 va purta cu siguran\u021b\u0103 prin zi \u00eentr-un stil atemporal.<\/p>","protected":false},"excerpt":{"rendered":"<p>\u00cembr\u0103\u021bi\u0219a\u021bi o nou\u0103 persoan\u0103 \u00eendr\u0103znea\u021b\u0103 cu elegantul Bulova Marine Star automat de dam\u0103. Carcasa izbitoare din o\u021bel inoxidabil prezint\u0103 un amestec atr\u0103g\u0103tor de finisaje pentru o prezen\u021b\u0103 dinamic\u0103 la \u00eencheietura m\u00e2inii, \u00een timp ce cristalul safir \u0219i coroana protejat\u0103 ofer\u0103 fiabilitate modern\u0103, care este sporit\u0103 de rezisten\u021ba la ap\u0103 de 100 m. Cadranul din nuc\u0103 [&hellip;]<\/p>\n","protected":false},"featured_media":55225,"comment_status":"closed","ping_status":"open","template":"","meta":{"_acf_changed":false},"product_brand":[],"product_cat":[624,25,106],"product_tag":[],"class_list":{"0":"post-55224","1":"product","2":"type-product","3":"status-publish","4":"has-post-thumbnail","6":"product_cat-bulova","7":"product_cat-ceasuri-dama","8":"product_cat-ceasuri-premium","9":"pa_brand-bulova","10":"pa_braslet-otel-inoxidabil","11":"pa_corpus-35-mm","12":"pa_forma-rotund","13":"pa_funcii-semischelet","14":"pa_garatia-24-luni","15":"pa_korpus-argintiu","16":"pa_material-otel-inoxidabil","17":"pa_mehanizm-mecanic","18":"pa_mehanizm-mecanism-automatic","19":"pa_remeshok-argintiu","20":"pa_steklo-cristal-safir","21":"pa_strana-sua","22":"pa_voda-10-atm","24":"first","25":"instock","26":"purchasable","27":"product-type-simple"},"acf":[],"_links":{"self":[{"href":"https:\/\/ceasuri.md\/ru\/wp-json\/wp\/v2\/product\/55224","targetHints":{"allow":["GET"]}}],"collection":[{"href":"https:\/\/ceasuri.md\/ru\/wp-json\/wp\/v2\/product"}],"about":[{"href":"https:\/\/ceasuri.md\/ru\/wp-json\/wp\/v2\/types\/product"}],"replies":[{"embeddable":true,"href":"https:\/\/ceasuri.md\/ru\/wp-json\/wp\/v2\/comments?post=55224"}],"wp:featuredmedia":[{"embeddable":true,"href":"https:\/\/ceasuri.md\/ru\/wp-json\/wp\/v2\/media\/55225"}],"wp:attachment":[{"href":"https:\/\/ceasuri.md\/ru\/wp-json\/wp\/v2\/media?parent=55224"}],"wp:term":[{"taxonomy":"product_brand","embeddable":true,"href":"https:\/\/ceasuri.md\/ru\/wp-json\/wp\/v2\/product_brand?post=55224"},{"taxonomy":"product_cat","embeddable":true,"href":"https:\/\/ceasuri.md\/ru\/wp-json\/wp\/v2\/product_cat?post=55224"},{"taxonomy":"product_tag","embeddable":true,"href":"https:\/\/ceasuri.md\/ru\/wp-json\/wp\/v2\/product_tag?post=55224"}],"curies":[{"name":"wp","href":"https:\/\/api.w.org\/{rel}","templated":true}]}}