{"id":55218,"date":"2026-04-03T00:17:27","date_gmt":"2026-04-02T21:17:27","guid":{"rendered":"http:\/\/new.ceasuri.md\/shop\/uncategorized\/bulova-classic-sutton-rectangle-96p245\/"},"modified":"2026-04-20T01:40:39","modified_gmt":"2026-04-19T22:40:39","slug":"bulova-classic-sutton-rectangle-96p245","status":"publish","type":"product","link":"https:\/\/ceasuri.md\/ru\/shop\/branduri\/bulova\/bulova-classic-sutton-rectangle-96p245\/","title":{"rendered":"\u0427\u0430\u0441\u044b BULOVA CLASSIC Sutton Rectangle 96P245"},"content":{"rendered":"<p>Acest ceas de dam\u0103 Bulova adaug\u0103 \u0219i mai mult caracter colec\u021biei deja impresionante Sutton. Carcasa rafinat\u0103 din o\u021bel inoxidabil argintiu prezint\u0103 o finisare care str\u0103luce\u0219te \u00een lumin\u0103. Cadranul str\u0103lucitor din nuc\u0103 de nuc\u0103 albastr\u0103 autentic\u0103 este accentuat cu 3 indicatoare orare cu diamante, indici argintii \u0219i m\u00e2ini asortate, pentru un aspect de o frumuse\u021be de neegalat. O br\u0103\u021bar\u0103 asortat\u0103 din o\u021bel inoxidabil argintiu cu cinci verigi completeaz\u0103 perfect aspectul. Un ceas de dam\u0103 Bulova perfect stilat pentru o femeie preg\u0103tit\u0103 s\u0103 fac\u0103 o declara\u021bie.<\/p>","protected":false},"excerpt":{"rendered":"<p>Acest ceas de dam\u0103 Bulova adaug\u0103 \u0219i mai mult caracter colec\u021biei deja impresionante Sutton. Carcasa rafinat\u0103 din o\u021bel inoxidabil argintiu prezint\u0103 o finisare care str\u0103luce\u0219te \u00een lumin\u0103. Cadranul str\u0103lucitor din nuc\u0103 de nuc\u0103 albastr\u0103 autentic\u0103 este accentuat cu 3 indicatoare orare cu diamante, indici argintii \u0219i m\u00e2ini asortate, pentru un aspect de o frumuse\u021be de [&hellip;]<\/p>\n","protected":false},"featured_media":55219,"comment_status":"closed","ping_status":"open","template":"","meta":{"_acf_changed":false},"product_brand":[],"product_cat":[624,25],"product_tag":[],"class_list":{"0":"post-55218","1":"product","2":"type-product","3":"status-publish","4":"has-post-thumbnail","6":"product_cat-bulova","7":"product_cat-ceasuri-dama","8":"pa_brand-bulova","9":"pa_braslet-otel-inoxidabil","10":"pa_corpus-21x32mm","11":"pa_decor-diamante","12":"pa_forma-dreptunghiular","13":"pa_garatia-24-luni","14":"pa_korpus-argintiu","15":"pa_kvarc-quartz","16":"pa_material-otel-inoxidabil","17":"pa_mehanizm-quartz","18":"pa_remeshok-argintiu","19":"pa_steklo-cristal-mineral","20":"pa_strana-sua","21":"pa_voda-3-atm","23":"first","24":"instock","25":"purchasable","26":"product-type-simple"},"acf":[],"_links":{"self":[{"href":"https:\/\/ceasuri.md\/ru\/wp-json\/wp\/v2\/product\/55218","targetHints":{"allow":["GET"]}}],"collection":[{"href":"https:\/\/ceasuri.md\/ru\/wp-json\/wp\/v2\/product"}],"about":[{"href":"https:\/\/ceasuri.md\/ru\/wp-json\/wp\/v2\/types\/product"}],"replies":[{"embeddable":true,"href":"https:\/\/ceasuri.md\/ru\/wp-json\/wp\/v2\/comments?post=55218"}],"wp:featuredmedia":[{"embeddable":true,"href":"https:\/\/ceasuri.md\/ru\/wp-json\/wp\/v2\/media\/55219"}],"wp:attachment":[{"href":"https:\/\/ceasuri.md\/ru\/wp-json\/wp\/v2\/media?parent=55218"}],"wp:term":[{"taxonomy":"product_brand","embeddable":true,"href":"https:\/\/ceasuri.md\/ru\/wp-json\/wp\/v2\/product_brand?post=55218"},{"taxonomy":"product_cat","embeddable":true,"href":"https:\/\/ceasuri.md\/ru\/wp-json\/wp\/v2\/product_cat?post=55218"},{"taxonomy":"product_tag","embeddable":true,"href":"https:\/\/ceasuri.md\/ru\/wp-json\/wp\/v2\/product_tag?post=55218"}],"curies":[{"name":"wp","href":"https:\/\/api.w.org\/{rel}","templated":true}]}}