{"id":55212,"date":"2024-10-22T07:42:13","date_gmt":"2024-10-22T04:42:13","guid":{"rendered":"http:\/\/new.ceasuri.md\/shop\/uncategorized\/bulova-marine-star-series-c-96p248\/"},"modified":"2026-05-01T18:54:13","modified_gmt":"2026-05-01T15:54:13","slug":"bulova-marine-star-series-c-96p248","status":"publish","type":"product","link":"https:\/\/ceasuri.md\/ru\/shop\/branduri\/bulova\/bulova-marine-star-series-c-96p248\/","title":{"rendered":"\u0427\u0430\u0441\u044b BULOVA MARINE STAR Series C 96P248"},"content":{"rendered":"<p>Din legendara colec\u021bie Bulova Marine Star, acest ceas elegant de dam\u0103 ofer\u0103 un stil de neegalat.<br \/>\nCarcasa din o\u021bel inoxidabil argintiu prezint\u0103 un design modern cu un luneta fix\u0103 \u00eendr\u0103znea\u021b\u0103 \u0219i flancuri simetrice ale carcasei.<br \/>\nUn cristal de safir plat \u0219i o coroan\u0103 protejat\u0103 ofer\u0103 fiabilitate modern\u0103, care este sporit\u0103 de rezisten\u021ba la ap\u0103 de 100 m.<br \/>\nCadranul albastru lucios din nuc\u0103 de perle adaug\u0103 un strop de culoare ceasului, cu opt indicatoare orare cu diamante \u0219i un handset rafinat cu umplutur\u0103 luminescent\u0103 pentru o lizibilitate superb\u0103 \u00een toate condi\u021biile.<br \/>\nCeasul este \u00eemperecheat cu o br\u0103\u021bar\u0103 din o\u021bel inoxidabil cu eliberare rapid\u0103 \u00een ton argintiu \u0219i finisaj dublu, cu o \u00eenchidere cu buton desf\u0103\u0219ur\u0103tor, care ofer\u0103 at\u00e2t confort, c\u00e2t \u0219i siguran\u021b\u0103.<br \/>\nPentru o elegan\u021b\u0103 atemporal\u0103 indiferent de ocazie, acest ceas Bulova pentru femei este partenerul perfect.<\/p>","protected":false},"excerpt":{"rendered":"<p>Din legendara colec\u021bie Bulova Marine Star, acest ceas elegant de dam\u0103 ofer\u0103 un stil de neegalat. Carcasa din o\u021bel inoxidabil argintiu prezint\u0103 un design modern cu un luneta fix\u0103 \u00eendr\u0103znea\u021b\u0103 \u0219i flancuri simetrice ale carcasei. Un cristal de safir plat \u0219i o coroan\u0103 protejat\u0103 ofer\u0103 fiabilitate modern\u0103, care este sporit\u0103 de rezisten\u021ba la ap\u0103 de [&hellip;]<\/p>\n","protected":false},"featured_media":55213,"comment_status":"closed","ping_status":"open","template":"","meta":{"_acf_changed":false},"product_brand":[],"product_cat":[624,25],"product_tag":[],"class_list":{"0":"post-55212","1":"product","2":"type-product","3":"status-publish","4":"has-post-thumbnail","6":"product_cat-bulova","7":"product_cat-ceasuri-dama","8":"pa_brand-bulova","9":"pa_braslet-otel-inoxidabil","10":"pa_corpus-36-mm","11":"pa_decor-diamante","12":"pa_garatia-24-luni","13":"pa_korpus-argintiu","14":"pa_kvarc-quartz","15":"pa_material-otel-inoxidabil","16":"pa_mehanizm-quartz","17":"pa_remeshok-argintiu","18":"pa_steklo-cristal-safir","19":"pa_strana-sua","20":"pa_voda-10-atm","22":"first","23":"instock","24":"purchasable","25":"product-type-simple"},"acf":[],"_links":{"self":[{"href":"https:\/\/ceasuri.md\/ru\/wp-json\/wp\/v2\/product\/55212","targetHints":{"allow":["GET"]}}],"collection":[{"href":"https:\/\/ceasuri.md\/ru\/wp-json\/wp\/v2\/product"}],"about":[{"href":"https:\/\/ceasuri.md\/ru\/wp-json\/wp\/v2\/types\/product"}],"replies":[{"embeddable":true,"href":"https:\/\/ceasuri.md\/ru\/wp-json\/wp\/v2\/comments?post=55212"}],"wp:featuredmedia":[{"embeddable":true,"href":"https:\/\/ceasuri.md\/ru\/wp-json\/wp\/v2\/media\/55213"}],"wp:attachment":[{"href":"https:\/\/ceasuri.md\/ru\/wp-json\/wp\/v2\/media?parent=55212"}],"wp:term":[{"taxonomy":"product_brand","embeddable":true,"href":"https:\/\/ceasuri.md\/ru\/wp-json\/wp\/v2\/product_brand?post=55212"},{"taxonomy":"product_cat","embeddable":true,"href":"https:\/\/ceasuri.md\/ru\/wp-json\/wp\/v2\/product_cat?post=55212"},{"taxonomy":"product_tag","embeddable":true,"href":"https:\/\/ceasuri.md\/ru\/wp-json\/wp\/v2\/product_tag?post=55212"}],"curies":[{"name":"wp","href":"https:\/\/api.w.org\/{rel}","templated":true}]}}