{"id":55207,"date":"2026-04-03T00:17:27","date_gmt":"2026-04-02T21:17:27","guid":{"rendered":"http:\/\/new.ceasuri.md\/shop\/uncategorized\/bulova-classic-sutton-96p250\/"},"modified":"2026-04-07T04:50:30","modified_gmt":"2026-04-07T01:50:30","slug":"bulova-classic-sutton-96p250","status":"publish","type":"product","link":"https:\/\/ceasuri.md\/ru\/shop\/branduri\/bulova\/bulova-classic-sutton-96p250\/","title":{"rendered":"Ceas BULOVA CLASSIC Sutton 96P250"},"content":{"rendered":"<p>Ad\u0103uga\u021bi o not\u0103 de culoare garderobei dvs. cu acest ceas elegant Bulova pentru femei din colec\u021bia Sutton. Carcasa din o\u021bel inoxidabil argintiu este finisat\u0103 cu gust prin periere \u0219i lustruire, cu un cristal de safir bombat pentru claritate. Cadranul albastru pastel cu raze de soare este un exerci\u021biu de simplitate elegant\u0103, cu 11 indicatoare orare cu diamante orbitoare, m\u00e2ini sub\u021biri \u0219i logo-ul diapazonului la ora 12. Ceasul este asortat cu o br\u0103\u021bar\u0103 din o\u021bel inoxidabil cu 3 verigi, cu \u00eenchidere rabatabil\u0103. \u00cempinge\u021bi-v\u0103 paleta la limit\u0103 cu acest mic ceas Bulova de dam\u0103.<\/p>","protected":false},"excerpt":{"rendered":"<p>Ad\u0103uga\u021bi o not\u0103 de culoare garderobei dvs. cu acest ceas elegant Bulova pentru femei din colec\u021bia Sutton. Carcasa din o\u021bel inoxidabil argintiu este finisat\u0103 cu gust prin periere \u0219i lustruire, cu un cristal de safir bombat pentru claritate. Cadranul albastru pastel cu raze de soare este un exerci\u021biu de simplitate elegant\u0103, cu 11 indicatoare orare [&hellip;]<\/p>\n","protected":false},"featured_media":55208,"comment_status":"closed","ping_status":"open","template":"","meta":{"_acf_changed":false},"product_brand":[],"product_cat":[624,25],"product_tag":[],"class_list":{"0":"post-55207","1":"product","2":"type-product","3":"status-publish","4":"has-post-thumbnail","6":"product_cat-bulova","7":"product_cat-ceasuri-dama","8":"pa_brand-bulova","9":"pa_braslet-otel-inoxidabil","10":"pa_corpus-28-mm","11":"pa_decor-diamante","12":"pa_forma-rotund","13":"pa_garatia-24-luni","14":"pa_korpus-argintiu","15":"pa_material-otel-inoxidabil","16":"pa_mehanizm-quartz","17":"pa_remeshok-argintiu","18":"pa_steklo-cristal-safir","19":"pa_strana-sua","20":"pa_voda-3-atm","22":"first","23":"instock","24":"purchasable","25":"product-type-simple"},"acf":[],"_links":{"self":[{"href":"https:\/\/ceasuri.md\/ru\/wp-json\/wp\/v2\/product\/55207","targetHints":{"allow":["GET"]}}],"collection":[{"href":"https:\/\/ceasuri.md\/ru\/wp-json\/wp\/v2\/product"}],"about":[{"href":"https:\/\/ceasuri.md\/ru\/wp-json\/wp\/v2\/types\/product"}],"replies":[{"embeddable":true,"href":"https:\/\/ceasuri.md\/ru\/wp-json\/wp\/v2\/comments?post=55207"}],"wp:featuredmedia":[{"embeddable":true,"href":"https:\/\/ceasuri.md\/ru\/wp-json\/wp\/v2\/media\/55208"}],"wp:attachment":[{"href":"https:\/\/ceasuri.md\/ru\/wp-json\/wp\/v2\/media?parent=55207"}],"wp:term":[{"taxonomy":"product_brand","embeddable":true,"href":"https:\/\/ceasuri.md\/ru\/wp-json\/wp\/v2\/product_brand?post=55207"},{"taxonomy":"product_cat","embeddable":true,"href":"https:\/\/ceasuri.md\/ru\/wp-json\/wp\/v2\/product_cat?post=55207"},{"taxonomy":"product_tag","embeddable":true,"href":"https:\/\/ceasuri.md\/ru\/wp-json\/wp\/v2\/product_tag?post=55207"}],"curies":[{"name":"wp","href":"https:\/\/api.w.org\/{rel}","templated":true}]}}