{"id":55197,"date":"2026-04-03T00:17:27","date_gmt":"2026-04-02T21:17:27","guid":{"rendered":"http:\/\/new.ceasuri.md\/shop\/uncategorized\/bulova-classic-surveyor-96r245\/"},"modified":"2026-04-20T01:40:42","modified_gmt":"2026-04-19T22:40:42","slug":"bulova-classic-surveyor-96r245","status":"publish","type":"product","link":"https:\/\/ceasuri.md\/ru\/shop\/branduri\/bulova\/bulova-classic-surveyor-96r245\/","title":{"rendered":"\u0427\u0430\u0441\u044b BULOVA CLASSIC Surveyor 96R245"},"content":{"rendered":"<p>Un ceas clasic pentru femei care nu se va demoda niciodat\u0103 din colec\u021bia noastr\u0103 Surveyor, cu un plus de str\u0103lucire. O carcas\u0103 \u0219i o br\u0103\u021bar\u0103 din o\u021bel inoxidabil sunt asociate cu un cadran din nuc\u0103 de perl\u0103 cu m\u00e2ini \u0219i indicatoare argintii \u0219i accentuate de un luneta cu 22 de diamante. O fereastr\u0103 pentru dat\u0103 apare la ora 6.<\/p>","protected":false},"excerpt":{"rendered":"<p>Un ceas clasic pentru femei care nu se va demoda niciodat\u0103 din colec\u021bia noastr\u0103 Surveyor, cu un plus de str\u0103lucire. O carcas\u0103 \u0219i o br\u0103\u021bar\u0103 din o\u021bel inoxidabil sunt asociate cu un cadran din nuc\u0103 de perl\u0103 cu m\u00e2ini \u0219i indicatoare argintii \u0219i accentuate de un luneta cu 22 de diamante. O fereastr\u0103 pentru dat\u0103 [&hellip;]<\/p>\n","protected":false},"featured_media":55198,"comment_status":"closed","ping_status":"open","template":"","meta":{"_acf_changed":false},"product_brand":[],"product_cat":[624,25],"product_tag":[],"class_list":{"0":"post-55197","1":"product","2":"type-product","3":"status-publish","4":"has-post-thumbnail","6":"product_cat-bulova","7":"product_cat-ceasuri-dama","8":"pa_brand-bulova","9":"pa_braslet-otel-inoxidabil","10":"pa_corpus-31-mm","11":"pa_decor-diamante","12":"pa_forma-rotund","13":"pa_funcii-data","14":"pa_garatia-24-luni","15":"pa_korpus-argintiu","16":"pa_kvarc-quartz","17":"pa_material-otel-inoxidabil","18":"pa_mehanizm-quartz","19":"pa_remeshok-argintiu","20":"pa_steklo-cristal-mineral","21":"pa_strana-sua","22":"pa_voda-3-atm","24":"first","25":"instock","26":"purchasable","27":"product-type-simple"},"acf":[],"_links":{"self":[{"href":"https:\/\/ceasuri.md\/ru\/wp-json\/wp\/v2\/product\/55197","targetHints":{"allow":["GET"]}}],"collection":[{"href":"https:\/\/ceasuri.md\/ru\/wp-json\/wp\/v2\/product"}],"about":[{"href":"https:\/\/ceasuri.md\/ru\/wp-json\/wp\/v2\/types\/product"}],"replies":[{"embeddable":true,"href":"https:\/\/ceasuri.md\/ru\/wp-json\/wp\/v2\/comments?post=55197"}],"wp:featuredmedia":[{"embeddable":true,"href":"https:\/\/ceasuri.md\/ru\/wp-json\/wp\/v2\/media\/55198"}],"wp:attachment":[{"href":"https:\/\/ceasuri.md\/ru\/wp-json\/wp\/v2\/media?parent=55197"}],"wp:term":[{"taxonomy":"product_brand","embeddable":true,"href":"https:\/\/ceasuri.md\/ru\/wp-json\/wp\/v2\/product_brand?post=55197"},{"taxonomy":"product_cat","embeddable":true,"href":"https:\/\/ceasuri.md\/ru\/wp-json\/wp\/v2\/product_cat?post=55197"},{"taxonomy":"product_tag","embeddable":true,"href":"https:\/\/ceasuri.md\/ru\/wp-json\/wp\/v2\/product_tag?post=55197"}],"curies":[{"name":"wp","href":"https:\/\/api.w.org\/{rel}","templated":true}]}}