{"id":55192,"date":"2026-04-03T00:17:27","date_gmt":"2026-04-02T21:17:27","guid":{"rendered":"http:\/\/new.ceasuri.md\/shop\/uncategorized\/bulova-classic-sutton-petite-96r253\/"},"modified":"2026-04-20T01:40:43","modified_gmt":"2026-04-19T22:40:43","slug":"bulova-classic-sutton-petite-96r253","status":"publish","type":"product","link":"https:\/\/ceasuri.md\/ru\/shop\/branduri\/bulova\/bulova-classic-sutton-petite-96r253\/","title":{"rendered":"\u0427\u0430\u0441\u044b BULOVA CLASSIC Sutton Petite 96R253"},"content":{"rendered":"<p>Aceast\u0103 ad\u0103ugare frumoas\u0103 la colec\u021bia Bulova Ladies&#8217; Sutton ofer\u0103 un ceas sofisticat pentru orice ocazie. Carcasa sub\u021bire din o\u021bel inoxidabil argintiu este decorat\u0103 cu 16 diamante orbitoare \u0219i are un cristal de safir bombat pentru o claritate excep\u021bional\u0103. Cadranul lucios din nuc\u0103 de nuc\u0103 autentic\u0103 este accentuat cu 3 diamante \u0219i m\u00e2ini \u0219i indicatoare orare argintii. Ceasul este completat de o br\u0103\u021bar\u0103 argintie asortat\u0103, cu o \u00eencuietoare deployant\u0103 cu buton. Pentru femeia rafinat\u0103, Bulova Ladies&#8217; Sutton ofer\u0103 o pies\u0103 de ceas care nu face compromisuri.<\/p>","protected":false},"excerpt":{"rendered":"<p>Aceast\u0103 ad\u0103ugare frumoas\u0103 la colec\u021bia Bulova Ladies&#8217; Sutton ofer\u0103 un ceas sofisticat pentru orice ocazie. Carcasa sub\u021bire din o\u021bel inoxidabil argintiu este decorat\u0103 cu 16 diamante orbitoare \u0219i are un cristal de safir bombat pentru o claritate excep\u021bional\u0103. Cadranul lucios din nuc\u0103 de nuc\u0103 autentic\u0103 este accentuat cu 3 diamante \u0219i m\u00e2ini \u0219i indicatoare orare [&hellip;]<\/p>\n","protected":false},"featured_media":55193,"comment_status":"closed","ping_status":"open","template":"","meta":{"_acf_changed":false},"product_brand":[],"product_cat":[624,25],"product_tag":[],"class_list":{"0":"post-55192","1":"product","2":"type-product","3":"status-publish","4":"has-post-thumbnail","6":"product_cat-bulova","7":"product_cat-ceasuri-dama","8":"pa_brand-bulova","9":"pa_braslet-otel-inoxidabil","10":"pa_corpus-28-mm","11":"pa_decor-diamante","12":"pa_forma-rotund","13":"pa_garatia-24-luni","14":"pa_korpus-argintiu","15":"pa_kvarc-quartz","16":"pa_material-otel-inoxidabil","17":"pa_mehanizm-quartz","18":"pa_remeshok-argintiu","19":"pa_steklo-cristal-safir","20":"pa_strana-sua","21":"pa_voda-3-atm","23":"first","24":"instock","25":"purchasable","26":"product-type-simple"},"acf":[],"_links":{"self":[{"href":"https:\/\/ceasuri.md\/ru\/wp-json\/wp\/v2\/product\/55192","targetHints":{"allow":["GET"]}}],"collection":[{"href":"https:\/\/ceasuri.md\/ru\/wp-json\/wp\/v2\/product"}],"about":[{"href":"https:\/\/ceasuri.md\/ru\/wp-json\/wp\/v2\/types\/product"}],"replies":[{"embeddable":true,"href":"https:\/\/ceasuri.md\/ru\/wp-json\/wp\/v2\/comments?post=55192"}],"wp:featuredmedia":[{"embeddable":true,"href":"https:\/\/ceasuri.md\/ru\/wp-json\/wp\/v2\/media\/55193"}],"wp:attachment":[{"href":"https:\/\/ceasuri.md\/ru\/wp-json\/wp\/v2\/media?parent=55192"}],"wp:term":[{"taxonomy":"product_brand","embeddable":true,"href":"https:\/\/ceasuri.md\/ru\/wp-json\/wp\/v2\/product_brand?post=55192"},{"taxonomy":"product_cat","embeddable":true,"href":"https:\/\/ceasuri.md\/ru\/wp-json\/wp\/v2\/product_cat?post=55192"},{"taxonomy":"product_tag","embeddable":true,"href":"https:\/\/ceasuri.md\/ru\/wp-json\/wp\/v2\/product_tag?post=55192"}],"curies":[{"name":"wp","href":"https:\/\/api.w.org\/{rel}","templated":true}]}}