{"id":55188,"date":"2026-04-03T00:16:27","date_gmt":"2026-04-02T21:16:27","guid":{"rendered":"http:\/\/new.ceasuri.md\/shop\/uncategorized\/bulova-crystal-boxed-set-96x153-set\/"},"modified":"2026-04-20T01:40:44","modified_gmt":"2026-04-19T22:40:44","slug":"bulova-crystal-boxed-set-96x153-set","status":"publish","type":"product","link":"https:\/\/ceasuri.md\/ru\/shop\/branduri\/bulova\/bulova-crystal-boxed-set-96x153-set\/","title":{"rendered":"\u0427\u0430\u0441\u044b BULOVA CRYSTAL Boxed Set 96X153 SET"},"content":{"rendered":"<p>De la Bulova, acest set \u00een cutie este o idee excelent\u0103 de cadou pentru doamna din via\u021ba dvs. Ceasul sofisticat este conceput pentru femeile care apreciaz\u0103 un aspect curat, adaptat, cu o not\u0103 de dramatism. Carcasa din o\u021bel inoxidabil de 30 mm ad\u0103poste\u0219te un cadran romantic din nuc\u0103 de nuc\u0103 alb\u0103, care prezint\u0103 m\u00e2ini argintii, indici cu baston \u0219i indicatoare cu cifre romane. Cristalele str\u0103lucitoare \u00eempodobesc carcasa, ad\u0103ug\u00e2nd str\u0103lucire la fiecare \u00eentoarcere. Aspectul este completat de o br\u0103\u021bar\u0103 din o\u021bel inoxidabil. O br\u0103\u021bar\u0103 bolo coordonat\u0103, care se m\u00e2ndre\u0219te cu cristale \u00eentr-un design elegant, este inclus\u0103 cu achizi\u021bia dvs. Br\u0103\u021bara este reglabil\u0103 p\u00e2n\u0103 la 24 cm \u00een lungime.<\/p>","protected":false},"excerpt":{"rendered":"<p>De la Bulova, acest set \u00een cutie este o idee excelent\u0103 de cadou pentru doamna din via\u021ba dvs. Ceasul sofisticat este conceput pentru femeile care apreciaz\u0103 un aspect curat, adaptat, cu o not\u0103 de dramatism. Carcasa din o\u021bel inoxidabil de 30 mm ad\u0103poste\u0219te un cadran romantic din nuc\u0103 de nuc\u0103 alb\u0103, care prezint\u0103 m\u00e2ini argintii, [&hellip;]<\/p>\n","protected":false},"featured_media":55189,"comment_status":"closed","ping_status":"open","template":"","meta":{"_acf_changed":false},"product_brand":[],"product_cat":[624,25],"product_tag":[],"class_list":{"0":"post-55188","1":"product","2":"type-product","3":"status-publish","4":"has-post-thumbnail","6":"product_cat-bulova","7":"product_cat-ceasuri-dama","8":"pa_brand-bulova","9":"pa_braslet-otel-inoxidabil","10":"pa_corpus-30-mm","11":"pa_decor-cristale-swarowski","12":"pa_forma-rotund","13":"pa_funcii-set-cadou","14":"pa_garatia-24-luni","15":"pa_korpus-argintiu","16":"pa_kvarc-quartz","17":"pa_material-otel-inoxidabil","18":"pa_mehanizm-quartz","19":"pa_remeshok-argintiu","20":"pa_steklo-cristal-mineral","21":"pa_strana-sua","22":"pa_voda-3-atm","24":"first","25":"instock","26":"purchasable","27":"product-type-simple"},"acf":[],"_links":{"self":[{"href":"https:\/\/ceasuri.md\/ru\/wp-json\/wp\/v2\/product\/55188","targetHints":{"allow":["GET"]}}],"collection":[{"href":"https:\/\/ceasuri.md\/ru\/wp-json\/wp\/v2\/product"}],"about":[{"href":"https:\/\/ceasuri.md\/ru\/wp-json\/wp\/v2\/types\/product"}],"replies":[{"embeddable":true,"href":"https:\/\/ceasuri.md\/ru\/wp-json\/wp\/v2\/comments?post=55188"}],"wp:featuredmedia":[{"embeddable":true,"href":"https:\/\/ceasuri.md\/ru\/wp-json\/wp\/v2\/media\/55189"}],"wp:attachment":[{"href":"https:\/\/ceasuri.md\/ru\/wp-json\/wp\/v2\/media?parent=55188"}],"wp:term":[{"taxonomy":"product_brand","embeddable":true,"href":"https:\/\/ceasuri.md\/ru\/wp-json\/wp\/v2\/product_brand?post=55188"},{"taxonomy":"product_cat","embeddable":true,"href":"https:\/\/ceasuri.md\/ru\/wp-json\/wp\/v2\/product_cat?post=55188"},{"taxonomy":"product_tag","embeddable":true,"href":"https:\/\/ceasuri.md\/ru\/wp-json\/wp\/v2\/product_tag?post=55188"}],"curies":[{"name":"wp","href":"https:\/\/api.w.org\/{rel}","templated":true}]}}