{"id":55180,"date":"2026-04-03T00:16:27","date_gmt":"2026-04-02T21:16:27","guid":{"rendered":"http:\/\/new.ceasuri.md\/shop\/uncategorized\/bulova-duality-96x160-set\/"},"modified":"2026-04-20T01:40:45","modified_gmt":"2026-04-19T22:40:45","slug":"bulova-duality-96x160-set","status":"publish","type":"product","link":"https:\/\/ceasuri.md\/ru\/shop\/branduri\/bulova\/bulova-duality-96x160-set\/","title":{"rendered":"\u0427\u0430\u0441\u044b BULOVA DUALITY 96X160 SET"},"content":{"rendered":"<p>O nou\u0103 achizi\u021bie superb\u0103 de la Bulova, acest ceas Duality de dam\u0103 ofer\u0103 elegan\u021b\u0103 \u0219i versatilitate de neegalat. O carcas\u0103 rotund\u0103 din o\u021bel inoxidabil argintiu prezint\u0103 un amestec luxos de finisaje periate \u0219i lustruite, cu curbe dramatice \u0219i o coroan\u0103 ascuns\u0103. Cadranul este cu adev\u0103rat uimitor: o suprafa\u021b\u0103 Denchu albastr\u0103 str\u0103lucitoare este \u00eempodobit\u0103 cu 51 de diamante montate manual, totaliz\u00e2nd 0,13 ctw \u0219i prev\u0103zut\u0103 cu m\u00e2ini lustruite. Procesul complex de realizare a fiec\u0103rui cadran Denchu asigur\u0103 c\u0103 nu exist\u0103 dou\u0103 la fel, permi\u021b\u00e2nd o experien\u021b\u0103 cu adev\u0103rat unic\u0103. Duality este perfect echipat cu o br\u0103\u021bar\u0103 asortat\u0103 din o\u021bel inoxidabil argintiu, cu o \u00eencuietoare mobil\u0103 pentru un confort excep\u021bional. \u00cen acest set unic sunt incluse dou\u0103 curele din piele, \u00een gri pewter \u0219i albastru marin, care pot fi ata\u0219ate cu ajutorul unui nou sistem de eliberare u\u0219oar\u0103, care este de asemenea prezentat pe br\u0103\u021bar\u0103. Cu o siluet\u0103 gra\u021bioas\u0103 \u0219i un cadran captivant, acest ceas Bulova pentru femei ofer\u0103 rafinament atemporal indiferent de ocazie.<\/p>","protected":false},"excerpt":{"rendered":"<p>O nou\u0103 achizi\u021bie superb\u0103 de la Bulova, acest ceas Duality de dam\u0103 ofer\u0103 elegan\u021b\u0103 \u0219i versatilitate de neegalat. O carcas\u0103 rotund\u0103 din o\u021bel inoxidabil argintiu prezint\u0103 un amestec luxos de finisaje periate \u0219i lustruite, cu curbe dramatice \u0219i o coroan\u0103 ascuns\u0103. Cadranul este cu adev\u0103rat uimitor: o suprafa\u021b\u0103 Denchu albastr\u0103 str\u0103lucitoare este \u00eempodobit\u0103 cu 51 [&hellip;]<\/p>\n","protected":false},"featured_media":55181,"comment_status":"closed","ping_status":"open","template":"","meta":{"_acf_changed":false},"product_brand":[],"product_cat":[624,25,106],"product_tag":[],"class_list":{"0":"post-55180","1":"product","2":"type-product","3":"status-publish","4":"has-post-thumbnail","6":"product_cat-bulova","7":"product_cat-ceasuri-dama","8":"product_cat-ceasuri-premium","9":"pa_brand-bulova","10":"pa_braslet-otel-inoxidabil","11":"pa_braslet-piele","12":"pa_corpus-34-mm","13":"pa_decor-diamante","14":"pa_forma-rotund","15":"pa_funcii-set-cadou","16":"pa_garatia-24-luni","17":"pa_korpus-argintiu","18":"pa_kvarc-quartz","19":"pa_material-otel-inoxidabil","20":"pa_mehanizm-quartz","21":"pa_remeshok-albastru-inchis","22":"pa_remeshok-argintiu","23":"pa_remeshok-gri","24":"pa_steklo-cristal-safir","25":"pa_strana-sua","26":"pa_voda-3-atm","28":"first","29":"instock","30":"purchasable","31":"product-type-simple"},"acf":[],"_links":{"self":[{"href":"https:\/\/ceasuri.md\/ru\/wp-json\/wp\/v2\/product\/55180","targetHints":{"allow":["GET"]}}],"collection":[{"href":"https:\/\/ceasuri.md\/ru\/wp-json\/wp\/v2\/product"}],"about":[{"href":"https:\/\/ceasuri.md\/ru\/wp-json\/wp\/v2\/types\/product"}],"replies":[{"embeddable":true,"href":"https:\/\/ceasuri.md\/ru\/wp-json\/wp\/v2\/comments?post=55180"}],"wp:featuredmedia":[{"embeddable":true,"href":"https:\/\/ceasuri.md\/ru\/wp-json\/wp\/v2\/media\/55181"}],"wp:attachment":[{"href":"https:\/\/ceasuri.md\/ru\/wp-json\/wp\/v2\/media?parent=55180"}],"wp:term":[{"taxonomy":"product_brand","embeddable":true,"href":"https:\/\/ceasuri.md\/ru\/wp-json\/wp\/v2\/product_brand?post=55180"},{"taxonomy":"product_cat","embeddable":true,"href":"https:\/\/ceasuri.md\/ru\/wp-json\/wp\/v2\/product_cat?post=55180"},{"taxonomy":"product_tag","embeddable":true,"href":"https:\/\/ceasuri.md\/ru\/wp-json\/wp\/v2\/product_tag?post=55180"}],"curies":[{"name":"wp","href":"https:\/\/api.w.org\/{rel}","templated":true}]}}