{"id":55175,"date":"2026-04-03T00:16:27","date_gmt":"2026-04-02T21:16:27","guid":{"rendered":"http:\/\/new.ceasuri.md\/shop\/uncategorized\/bulova-classic-surveyor-automatic-97a175\/"},"modified":"2026-04-20T01:40:46","modified_gmt":"2026-04-19T22:40:46","slug":"bulova-classic-surveyor-automatic-97a175","status":"publish","type":"product","link":"https:\/\/ceasuri.md\/ru\/shop\/branduri\/bulova\/bulova-classic-surveyor-automatic-97a175\/","title":{"rendered":"\u0427\u0430\u0441\u044b BULOVA CLASSIC Surveyor Automatic 97A175"},"content":{"rendered":"<p>Acest nou ceas automat pentru b\u0103rba\u021bi din colec\u021bia Bulova Surveyor ofer\u0103 elegan\u021b\u0103 modern\u0103 \u0219i m\u0103iestrie luxoas\u0103 la un pre\u021b excep\u021bional. Carcasa contemporan\u0103 din o\u021bel inoxidabil \u00een ton aur roz ofer\u0103 un amestec atr\u0103g\u0103tor de suprafe\u021be periate \u0219i lustruite, cu o unghiularitate subtil\u0103 \u0219i un cristal mineral bombat. Cadranul remarcabil este eviden\u021biat de afi\u0219area uimitoare a mi\u0219c\u0103rii automate scheletate cu 21 de bijuterii, care are o rezerv\u0103 de putere de 42 de ore. Cadranul este \u00eenconjurat de un inel capitol alb argintiu cu indici orari aplica\u021bi \u00een ton aur roz, care este completat de m\u00e2ini unghiulare asortate cu umplutur\u0103 luminescent\u0103. Ceasul este asociat cu o curea rafinat\u0103 din piele maro cu \u00eenchidere din 3 piese pentru o potrivire ideal\u0103. Ie\u0219i\u021bi \u00een eviden\u021b\u0103 \u00eentr-un stil sofisticat cu acest nou ceas Bulova pentru b\u0103rba\u021bi.<\/p>","protected":false},"excerpt":{"rendered":"<p>Acest nou ceas automat pentru b\u0103rba\u021bi din colec\u021bia Bulova Surveyor ofer\u0103 elegan\u021b\u0103 modern\u0103 \u0219i m\u0103iestrie luxoas\u0103 la un pre\u021b excep\u021bional. Carcasa contemporan\u0103 din o\u021bel inoxidabil \u00een ton aur roz ofer\u0103 un amestec atr\u0103g\u0103tor de suprafe\u021be periate \u0219i lustruite, cu o unghiularitate subtil\u0103 \u0219i un cristal mineral bombat. Cadranul remarcabil este eviden\u021biat de afi\u0219area uimitoare a [&hellip;]<\/p>\n","protected":false},"featured_media":55176,"comment_status":"closed","ping_status":"open","template":"","meta":{"_acf_changed":false},"product_brand":[],"product_cat":[624,20,106],"product_tag":[],"class_list":{"0":"post-55175","1":"product","2":"type-product","3":"status-publish","4":"has-post-thumbnail","6":"product_cat-bulova","7":"product_cat-ceasuri-barbati","8":"product_cat-ceasuri-premium","9":"pa_brand-bulova","10":"pa_braslet-piele","11":"pa_corpus-41-mm","12":"pa_forma-rotund","13":"pa_funcii-schelet","14":"pa_garatia-24-luni","15":"pa_korpus-roz-gold","16":"pa_material-otel-inoxidabil","17":"pa_mehanizm-mecanic","18":"pa_mehanizm-mecanism-automatic","19":"pa_remeshok-maro","20":"pa_steklo-cristal-mineral","21":"pa_strana-sua","22":"pa_voda-3-atm","24":"first","25":"instock","26":"purchasable","27":"product-type-simple"},"acf":[],"_links":{"self":[{"href":"https:\/\/ceasuri.md\/ru\/wp-json\/wp\/v2\/product\/55175","targetHints":{"allow":["GET"]}}],"collection":[{"href":"https:\/\/ceasuri.md\/ru\/wp-json\/wp\/v2\/product"}],"about":[{"href":"https:\/\/ceasuri.md\/ru\/wp-json\/wp\/v2\/types\/product"}],"replies":[{"embeddable":true,"href":"https:\/\/ceasuri.md\/ru\/wp-json\/wp\/v2\/comments?post=55175"}],"wp:featuredmedia":[{"embeddable":true,"href":"https:\/\/ceasuri.md\/ru\/wp-json\/wp\/v2\/media\/55176"}],"wp:attachment":[{"href":"https:\/\/ceasuri.md\/ru\/wp-json\/wp\/v2\/media?parent=55175"}],"wp:term":[{"taxonomy":"product_brand","embeddable":true,"href":"https:\/\/ceasuri.md\/ru\/wp-json\/wp\/v2\/product_brand?post=55175"},{"taxonomy":"product_cat","embeddable":true,"href":"https:\/\/ceasuri.md\/ru\/wp-json\/wp\/v2\/product_cat?post=55175"},{"taxonomy":"product_tag","embeddable":true,"href":"https:\/\/ceasuri.md\/ru\/wp-json\/wp\/v2\/product_tag?post=55175"}],"curies":[{"name":"wp","href":"https:\/\/api.w.org\/{rel}","templated":true}]}}