{"id":55171,"date":"2026-04-03T00:16:27","date_gmt":"2026-04-02T21:16:27","guid":{"rendered":"http:\/\/new.ceasuri.md\/shop\/uncategorized\/bulova-classic-surveyor-automatic-97a182\/"},"modified":"2026-04-07T04:50:25","modified_gmt":"2026-04-07T01:50:25","slug":"bulova-classic-surveyor-automatic-97a182","status":"publish","type":"product","link":"https:\/\/ceasuri.md\/ru\/shop\/branduri\/bulova\/bulova-classic-surveyor-automatic-97a182\/","title":{"rendered":"Ceas BULOVA CLASSIC Surveyor Automatic 97A182"},"content":{"rendered":"<p>Bulova Surveyor pentru b\u0103rba\u021bi ofer\u0103 o calitate excep\u021bional\u0103 \u0219i o estetic\u0103 sofisticat\u0103 la un pre\u021b accesibil. Carcasa din o\u021bel inoxidabil auriu prezint\u0103 margini sculptate \u0219i fa\u021bete care ofer\u0103 o purtare f\u0103r\u0103 efort la \u00eencheietura m\u00e2inii, cu finisaje lustruite \u0219i periate, un cristal de safir plat \u0219i o br\u0103\u021bar\u0103 din o\u021bel inoxidabil auriu cu 3 verigi asortate, cu file de eliberare rapid\u0103 \u0219i o \u00eenchidere cu buton desf\u0103\u0219ur\u0103tor. Cadranul \u0219ampanie radiant Sunburst eman\u0103 lux \u0219i are accente \u0219i m\u00e2ini aurii cu umplutur\u0103 luminescent\u0103. O deschidere a cadranului ofer\u0103 o privire la inima mi\u0219c\u0103rii automate cu 21 de bijuterii, care are o rezerv\u0103 de putere de 42 de ore \u0219i poate fi v\u0103zut\u0103 \u00een \u00eentregime printr-o fereastr\u0103 de expunere din cristal mineral \u00een spatele carcasei. Pentru cei cu un ochi exigent pentru luxul rafinat, acest ceas Bulova pentru b\u0103rba\u021bi este alegerea evident\u0103.<\/p>","protected":false},"excerpt":{"rendered":"<p>Bulova Surveyor pentru b\u0103rba\u021bi ofer\u0103 o calitate excep\u021bional\u0103 \u0219i o estetic\u0103 sofisticat\u0103 la un pre\u021b accesibil. Carcasa din o\u021bel inoxidabil auriu prezint\u0103 margini sculptate \u0219i fa\u021bete care ofer\u0103 o purtare f\u0103r\u0103 efort la \u00eencheietura m\u00e2inii, cu finisaje lustruite \u0219i periate, un cristal de safir plat \u0219i o br\u0103\u021bar\u0103 din o\u021bel inoxidabil auriu cu 3 verigi [&hellip;]<\/p>\n","protected":false},"featured_media":55172,"comment_status":"closed","ping_status":"open","template":"","meta":{"_acf_changed":false},"product_brand":[],"product_cat":[624,20,106],"product_tag":[],"class_list":{"0":"post-55171","1":"product","2":"type-product","3":"status-publish","4":"has-post-thumbnail","6":"product_cat-bulova","7":"product_cat-ceasuri-barbati","8":"product_cat-ceasuri-premium","9":"pa_brand-bulova","10":"pa_braslet-otel-inoxidabil","11":"pa_corpus-39-mm","12":"pa_forma-rotund","13":"pa_funcii-semischelet","14":"pa_garatia-24-luni","15":"pa_korpus-auriu","16":"pa_material-otel-inoxidabil","17":"pa_mehanizm-mecanic","18":"pa_mehanizm-mecanism-automatic","19":"pa_remeshok-auriu","20":"pa_steklo-cristal-safir","21":"pa_strana-sua","22":"pa_voda-3-atm","24":"first","25":"instock","26":"purchasable","27":"product-type-simple"},"acf":[],"_links":{"self":[{"href":"https:\/\/ceasuri.md\/ru\/wp-json\/wp\/v2\/product\/55171","targetHints":{"allow":["GET"]}}],"collection":[{"href":"https:\/\/ceasuri.md\/ru\/wp-json\/wp\/v2\/product"}],"about":[{"href":"https:\/\/ceasuri.md\/ru\/wp-json\/wp\/v2\/types\/product"}],"replies":[{"embeddable":true,"href":"https:\/\/ceasuri.md\/ru\/wp-json\/wp\/v2\/comments?post=55171"}],"wp:featuredmedia":[{"embeddable":true,"href":"https:\/\/ceasuri.md\/ru\/wp-json\/wp\/v2\/media\/55172"}],"wp:attachment":[{"href":"https:\/\/ceasuri.md\/ru\/wp-json\/wp\/v2\/media?parent=55171"}],"wp:term":[{"taxonomy":"product_brand","embeddable":true,"href":"https:\/\/ceasuri.md\/ru\/wp-json\/wp\/v2\/product_brand?post=55171"},{"taxonomy":"product_cat","embeddable":true,"href":"https:\/\/ceasuri.md\/ru\/wp-json\/wp\/v2\/product_cat?post=55171"},{"taxonomy":"product_tag","embeddable":true,"href":"https:\/\/ceasuri.md\/ru\/wp-json\/wp\/v2\/product_tag?post=55171"}],"curies":[{"name":"wp","href":"https:\/\/api.w.org\/{rel}","templated":true}]}}