{"id":55157,"date":"2026-04-03T00:16:27","date_gmt":"2026-04-02T21:16:27","guid":{"rendered":"http:\/\/new.ceasuri.md\/shop\/uncategorized\/bulova-classic-hudson-97b225\/"},"modified":"2026-04-20T01:40:49","modified_gmt":"2026-04-19T22:40:49","slug":"bulova-classic-hudson-97b225","status":"publish","type":"product","link":"https:\/\/ceasuri.md\/ru\/shop\/branduri\/bulova\/bulova-classic-hudson-97b225\/","title":{"rendered":"\u0427\u0430\u0441\u044b BULOVA CLASSIC Hudson 97B225"},"content":{"rendered":"<p>Noul Bulova Hudson clasic ridicat este destinat s\u0103 devin\u0103 noul dvs. ceas vestimentar preferat. Cu un design complet nou al carcasei \u0219i un cadran cu detalii complicate, acest ceas exploreaz\u0103 noi t\u0103r\u00e2muri ale elegan\u021bei \u0219i ofer\u0103 o prezen\u021b\u0103 rafinat\u0103. Carcasa de 39 mm din o\u021bel inoxidabil \u00een ton aur roz este sculptat\u0103 cu un design convex \u0219i contururi moi care se poart\u0103 perfect pe orice \u00eencheietur\u0103 \u0219i este finisat\u0103 cu un cristal safir cu dou\u0103 cupole, o coroan\u0103 elegant\u0103 \u00een form\u0103 de ceap\u0103 \u0219i anse u\u0219or curbate. Cadranul este un exerci\u021biu de echilibru, textur\u0103 \u0219i stil, cu patru finisaje texturale izbitoare care culmineaz\u0103 cu un model de \u00eempletitur\u0103 de co\u0219uri atr\u0103g\u0103tor \u00een centru. Cifrele romane dramatice, arcuite, marcheaz\u0103 orele 6 \u0219i 12, completate de indicatoarele baton din aur roz lustruit \u0219i de un afi\u0219aj al datei la ora 3. M\u00e2inile lucioase din aur roz completeaz\u0103 aspectul de rafinament simplu. \u00cen interiorul ceasului tic\u0103ie o mi\u0219care automat\u0103, cu 21 de bijuterii \u0219i o rezerv\u0103 de putere de 42 de ore. Ceasul este asociat \u00een mod natural cu o curea din piele maro prev\u0103zut\u0103 cu bare elastice cu eliberare rapid\u0103 pentru schimb\u0103ri u\u0219oare \u0219i \u00eenchidere din 3 piese pentru un confort ideal. C\u00e2nd ave\u021bi nevoie de cele mai bune, nu c\u0103uta\u021bi mai departe de Bulova Hudson pentru b\u0103rba\u021bi.<\/p>","protected":false},"excerpt":{"rendered":"<p>Noul Bulova Hudson clasic ridicat este destinat s\u0103 devin\u0103 noul dvs. ceas vestimentar preferat. Cu un design complet nou al carcasei \u0219i un cadran cu detalii complicate, acest ceas exploreaz\u0103 noi t\u0103r\u00e2muri ale elegan\u021bei \u0219i ofer\u0103 o prezen\u021b\u0103 rafinat\u0103. Carcasa de 39 mm din o\u021bel inoxidabil \u00een ton aur roz este sculptat\u0103 cu un design [&hellip;]<\/p>\n","protected":false},"featured_media":55158,"comment_status":"closed","ping_status":"open","template":"","meta":{"_acf_changed":false},"product_brand":[],"product_cat":[624,20,106],"product_tag":[],"class_list":{"0":"post-55157","1":"product","2":"type-product","3":"status-publish","4":"has-post-thumbnail","6":"product_cat-bulova","7":"product_cat-ceasuri-barbati","8":"product_cat-ceasuri-premium","9":"pa_brand-bulova","10":"pa_braslet-piele","11":"pa_corpus-39-mm","12":"pa_forma-rotund","13":"pa_funcii-data","14":"pa_garatia-24-luni","15":"pa_korpus-roz-gold","16":"pa_material-otel-inoxidabil","17":"pa_mehanizm-mecanic","18":"pa_mehanizm-mecanism-automatic","19":"pa_remeshok-maro","20":"pa_steklo-cristal-safir","21":"pa_strana-sua","22":"pa_voda-3-atm","24":"first","25":"instock","26":"purchasable","27":"product-type-simple"},"acf":[],"_links":{"self":[{"href":"https:\/\/ceasuri.md\/ru\/wp-json\/wp\/v2\/product\/55157","targetHints":{"allow":["GET"]}}],"collection":[{"href":"https:\/\/ceasuri.md\/ru\/wp-json\/wp\/v2\/product"}],"about":[{"href":"https:\/\/ceasuri.md\/ru\/wp-json\/wp\/v2\/types\/product"}],"replies":[{"embeddable":true,"href":"https:\/\/ceasuri.md\/ru\/wp-json\/wp\/v2\/comments?post=55157"}],"wp:featuredmedia":[{"embeddable":true,"href":"https:\/\/ceasuri.md\/ru\/wp-json\/wp\/v2\/media\/55158"}],"wp:attachment":[{"href":"https:\/\/ceasuri.md\/ru\/wp-json\/wp\/v2\/media?parent=55157"}],"wp:term":[{"taxonomy":"product_brand","embeddable":true,"href":"https:\/\/ceasuri.md\/ru\/wp-json\/wp\/v2\/product_brand?post=55157"},{"taxonomy":"product_cat","embeddable":true,"href":"https:\/\/ceasuri.md\/ru\/wp-json\/wp\/v2\/product_cat?post=55157"},{"taxonomy":"product_tag","embeddable":true,"href":"https:\/\/ceasuri.md\/ru\/wp-json\/wp\/v2\/product_tag?post=55157"}],"curies":[{"name":"wp","href":"https:\/\/api.w.org\/{rel}","templated":true}]}}