{"id":55152,"date":"2026-04-03T00:16:27","date_gmt":"2026-04-02T21:16:27","guid":{"rendered":"http:\/\/new.ceasuri.md\/shop\/uncategorized\/bulova-classic-sutton-automatic-97l172\/"},"modified":"2026-04-20T01:40:50","modified_gmt":"2026-04-19T22:40:50","slug":"bulova-classic-sutton-automatic-97l172","status":"publish","type":"product","link":"https:\/\/ceasuri.md\/ru\/shop\/branduri\/bulova\/bulova-classic-sutton-automatic-97l172\/","title":{"rendered":"\u0427\u0430\u0441\u044b BULOVA CLASSIC Sutton Automatic 97L172"},"content":{"rendered":"<p>Cu un rafinament inegalabil \u0219i un design atemporal, acest nou ceas Bulova pentru femei din colec\u021bia Sutton v\u0103 va ridica stilul. Carcasa din o\u021bel inoxidabil auriu este finisat\u0103 cu m\u0103iestrie prin lustruire \u0219i periere, cu un cristal de safir bombat pentru o claritate ideal\u0103. Cadranul uimitor din nuc\u0103 de perle prezint\u0103 un motiv gravat cu indicatoare orare \u0219i m\u00e2ini din nuan\u021b\u0103 aurie lustruit\u0103. \u00cencadrat de un inel auriu, un orificiu la ora 7 ofer\u0103 o vedere la inima mi\u0219c\u0103rii mecanice cu 21 de bijuterii, care are o rezerv\u0103 de putere de 42 de ore. \u00censo\u021bit de o br\u0103\u021bar\u0103 asortat\u0103 din o\u021bel inoxidabil auriu, cu o \u00eenchidere cu buton desf\u0103\u0219ur\u0103tor, acest nou ceas Bulova este destinat celor cu un ochi pentru stil, care nu se tem s\u0103 fac\u0103 o declara\u021bie.<\/p>","protected":false},"excerpt":{"rendered":"<p>Cu un rafinament inegalabil \u0219i un design atemporal, acest nou ceas Bulova pentru femei din colec\u021bia Sutton v\u0103 va ridica stilul. Carcasa din o\u021bel inoxidabil auriu este finisat\u0103 cu m\u0103iestrie prin lustruire \u0219i periere, cu un cristal de safir bombat pentru o claritate ideal\u0103. Cadranul uimitor din nuc\u0103 de perle prezint\u0103 un motiv gravat cu [&hellip;]<\/p>\n","protected":false},"featured_media":55153,"comment_status":"closed","ping_status":"open","template":"","meta":{"_acf_changed":false},"product_brand":[],"product_cat":[624,25,106],"product_tag":[],"class_list":{"0":"post-55152","1":"product","2":"type-product","3":"status-publish","4":"has-post-thumbnail","6":"product_cat-bulova","7":"product_cat-ceasuri-dama","8":"product_cat-ceasuri-premium","9":"pa_brand-bulova","10":"pa_braslet-otel-inoxidabil","11":"pa_corpus-35-mm","12":"pa_forma-rotund","13":"pa_funcii-semischelet","14":"pa_garatia-24-luni","15":"pa_korpus-auriu","16":"pa_material-otel-inoxidabil","17":"pa_mehanizm-mecanic","18":"pa_mehanizm-mecanism-automatic","19":"pa_remeshok-auriu","20":"pa_steklo-cristal-safir","21":"pa_strana-sua","22":"pa_voda-3-atm","24":"first","25":"instock","26":"purchasable","27":"product-type-simple"},"acf":[],"_links":{"self":[{"href":"https:\/\/ceasuri.md\/ru\/wp-json\/wp\/v2\/product\/55152","targetHints":{"allow":["GET"]}}],"collection":[{"href":"https:\/\/ceasuri.md\/ru\/wp-json\/wp\/v2\/product"}],"about":[{"href":"https:\/\/ceasuri.md\/ru\/wp-json\/wp\/v2\/types\/product"}],"replies":[{"embeddable":true,"href":"https:\/\/ceasuri.md\/ru\/wp-json\/wp\/v2\/comments?post=55152"}],"wp:featuredmedia":[{"embeddable":true,"href":"https:\/\/ceasuri.md\/ru\/wp-json\/wp\/v2\/media\/55153"}],"wp:attachment":[{"href":"https:\/\/ceasuri.md\/ru\/wp-json\/wp\/v2\/media?parent=55152"}],"wp:term":[{"taxonomy":"product_brand","embeddable":true,"href":"https:\/\/ceasuri.md\/ru\/wp-json\/wp\/v2\/product_brand?post=55152"},{"taxonomy":"product_cat","embeddable":true,"href":"https:\/\/ceasuri.md\/ru\/wp-json\/wp\/v2\/product_cat?post=55152"},{"taxonomy":"product_tag","embeddable":true,"href":"https:\/\/ceasuri.md\/ru\/wp-json\/wp\/v2\/product_tag?post=55152"}],"curies":[{"name":"wp","href":"https:\/\/api.w.org\/{rel}","templated":true}]}}