{"id":55148,"date":"2026-04-03T00:16:27","date_gmt":"2026-04-02T21:16:27","guid":{"rendered":"http:\/\/new.ceasuri.md\/shop\/uncategorized\/bulova-crystal-phantom-97l176\/"},"modified":"2026-04-20T01:40:50","modified_gmt":"2026-04-19T22:40:50","slug":"bulova-crystal-phantom-97l176","status":"publish","type":"product","link":"https:\/\/ceasuri.md\/ru\/shop\/branduri\/bulova\/bulova-crystal-phantom-97l176\/","title":{"rendered":"Ceas BULOVA CRYSTAL Phantom 97L176"},"content":{"rendered":"<p>O capodoper\u0103 cu adev\u0103rat captivant\u0103, acest ceas de dam\u0103 Bulova din colec\u021bia Crystal are un cadran de o frumuse\u021be ingenioas\u0103 care cu siguran\u021b\u0103 va uimi. \u00cempodobite cu 112 cristale, carcasa \u0219i br\u0103\u021bara din o\u021bel inoxidabil auriu ofer\u0103 o prezen\u021b\u0103 de lux uimitoare la \u00eencheietura m\u00e2inii, cu un cristal mineral plat care ofer\u0103 o vedere ne\u00eentrerupt\u0103 a cadranului magnific. Cadranul \u0219ampanie prezint\u0103 un motiv fa\u021betat, cu accente \u0219i m\u00e2ini aurii \u0219i 8 indicatoare orare din cristale str\u0103lucitoare. Br\u0103\u021bara asortat\u0103 din o\u021bel inoxidabil auriu are o \u00eenchidere sub\u021bire cu pliere care men\u021bine silueta elegant\u0103 a ceasului. Str\u0103luci\u021bi din toate unghiurile cu acest ceas elegant de dam\u0103 Bulova.<\/p>","protected":false},"excerpt":{"rendered":"<p>O capodoper\u0103 cu adev\u0103rat captivant\u0103, acest ceas de dam\u0103 Bulova din colec\u021bia Crystal are un cadran de o frumuse\u021be ingenioas\u0103 care cu siguran\u021b\u0103 va uimi. \u00cempodobite cu 112 cristale, carcasa \u0219i br\u0103\u021bara din o\u021bel inoxidabil auriu ofer\u0103 o prezen\u021b\u0103 de lux uimitoare la \u00eencheietura m\u00e2inii, cu un cristal mineral plat care ofer\u0103 o vedere ne\u00eentrerupt\u0103 [&hellip;]<\/p>\n","protected":false},"featured_media":55149,"comment_status":"closed","ping_status":"open","template":"","meta":{"_acf_changed":false},"product_brand":[],"product_cat":[624,25],"product_tag":[],"class_list":{"0":"post-55148","1":"product","2":"type-product","3":"status-publish","4":"has-post-thumbnail","6":"product_cat-bulova","7":"product_cat-ceasuri-dama","8":"pa_brand-bulova","9":"pa_braslet-otel-inoxidabil","10":"pa_corpus-33-mm","11":"pa_decor-cristale-swarowski","12":"pa_forma-rotund","13":"pa_garatia-24-luni","14":"pa_korpus-auriu","15":"pa_kvarc-quartz","16":"pa_material-otel-inoxidabil","17":"pa_mehanizm-quartz","18":"pa_remeshok-auriu","19":"pa_steklo-cristal-mineral","20":"pa_strana-sua","21":"pa_voda-3-atm","23":"first","24":"instock","25":"purchasable","26":"product-type-simple"},"acf":[],"_links":{"self":[{"href":"https:\/\/ceasuri.md\/ru\/wp-json\/wp\/v2\/product\/55148","targetHints":{"allow":["GET"]}}],"collection":[{"href":"https:\/\/ceasuri.md\/ru\/wp-json\/wp\/v2\/product"}],"about":[{"href":"https:\/\/ceasuri.md\/ru\/wp-json\/wp\/v2\/types\/product"}],"replies":[{"embeddable":true,"href":"https:\/\/ceasuri.md\/ru\/wp-json\/wp\/v2\/comments?post=55148"}],"wp:featuredmedia":[{"embeddable":true,"href":"https:\/\/ceasuri.md\/ru\/wp-json\/wp\/v2\/media\/55149"}],"wp:attachment":[{"href":"https:\/\/ceasuri.md\/ru\/wp-json\/wp\/v2\/media?parent=55148"}],"wp:term":[{"taxonomy":"product_brand","embeddable":true,"href":"https:\/\/ceasuri.md\/ru\/wp-json\/wp\/v2\/product_brand?post=55148"},{"taxonomy":"product_cat","embeddable":true,"href":"https:\/\/ceasuri.md\/ru\/wp-json\/wp\/v2\/product_cat?post=55148"},{"taxonomy":"product_tag","embeddable":true,"href":"https:\/\/ceasuri.md\/ru\/wp-json\/wp\/v2\/product_tag?post=55148"}],"curies":[{"name":"wp","href":"https:\/\/api.w.org\/{rel}","templated":true}]}}