{"id":55144,"date":"2024-10-22T07:42:10","date_gmt":"2024-10-22T04:42:10","guid":{"rendered":"http:\/\/new.ceasuri.md\/shop\/uncategorized\/bulova-classic-sutton-rectangle-97p166\/"},"modified":"2026-05-01T18:53:36","modified_gmt":"2026-05-01T15:53:36","slug":"bulova-classic-sutton-rectangle-97p166","status":"publish","type":"product","link":"https:\/\/ceasuri.md\/ru\/shop\/branduri\/bulova\/bulova-classic-sutton-rectangle-97p166\/","title":{"rendered":"\u0427\u0430\u0441\u044b BULOVA CLASSIC Sutton Rectangle 97P166"},"content":{"rendered":"<p>Aceast\u0103 nou\u0103 adi\u021bie la colec\u021bia Sutton pentru femei Bulova este pe cale s\u0103 devin\u0103 noul dvs. ceas preferat.<br \/>\nCu un design perfect al carcasei dreptunghiulare din o\u021bel inoxidabil auriu cu finisaj lustruit \u0219i fa\u021bete spectaculoase, acesta este asociat cu o curea elegant\u0103 din piele neagr\u0103 cu o cataram\u0103 din trei piese care se potrive\u0219te cu carcasa.<br \/>\nUn cadran izbitor din nuc\u0103 de nuc\u0103 este prev\u0103zut cu trei diamante \u0219i bastona\u0219e din nuan\u021b\u0103 aurie pentru a marca orele, \u00een timp ce limbile lustruite din nuan\u021b\u0103 aurie afi\u0219eaz\u0103 ora cu o lizibilitate excep\u021bional\u0103.<br \/>\nSingurul risc cu acest nou ceas de dam\u0103 Bulova este c\u0103 s-ar putea s\u0103 nu vre\u021bi s\u0103-l da\u021bi jos niciodat\u0103.<\/p>","protected":false},"excerpt":{"rendered":"<p>Aceast\u0103 nou\u0103 adi\u021bie la colec\u021bia Sutton pentru femei Bulova este pe cale s\u0103 devin\u0103 noul dvs. ceas preferat. Cu un design perfect al carcasei dreptunghiulare din o\u021bel inoxidabil auriu cu finisaj lustruit \u0219i fa\u021bete spectaculoase, acesta este asociat cu o curea elegant\u0103 din piele neagr\u0103 cu o cataram\u0103 din trei piese care se potrive\u0219te cu [&hellip;]<\/p>\n","protected":false},"featured_media":55145,"comment_status":"closed","ping_status":"open","template":"","meta":{"_acf_changed":false},"product_brand":[],"product_cat":[624,25],"product_tag":[],"class_list":{"0":"post-55144","1":"product","2":"type-product","3":"status-publish","4":"has-post-thumbnail","6":"product_cat-bulova","7":"product_cat-ceasuri-dama","8":"pa_brand-bulova","9":"pa_braslet-piele","10":"pa_corpus-21x32mm","11":"pa_decor-diamante","12":"pa_forma-dreptunghiular","13":"pa_garatia-24-luni","14":"pa_korpus-auriu","15":"pa_kvarc-quartz","16":"pa_material-otel-inoxidabil","17":"pa_mehanizm-quartz","18":"pa_remeshok-negru","19":"pa_steklo-cristal-mineral","20":"pa_strana-sua","21":"pa_voda-3-atm","23":"first","24":"instock","25":"purchasable","26":"product-type-simple"},"acf":[],"_links":{"self":[{"href":"https:\/\/ceasuri.md\/ru\/wp-json\/wp\/v2\/product\/55144","targetHints":{"allow":["GET"]}}],"collection":[{"href":"https:\/\/ceasuri.md\/ru\/wp-json\/wp\/v2\/product"}],"about":[{"href":"https:\/\/ceasuri.md\/ru\/wp-json\/wp\/v2\/types\/product"}],"replies":[{"embeddable":true,"href":"https:\/\/ceasuri.md\/ru\/wp-json\/wp\/v2\/comments?post=55144"}],"wp:featuredmedia":[{"embeddable":true,"href":"https:\/\/ceasuri.md\/ru\/wp-json\/wp\/v2\/media\/55145"}],"wp:attachment":[{"href":"https:\/\/ceasuri.md\/ru\/wp-json\/wp\/v2\/media?parent=55144"}],"wp:term":[{"taxonomy":"product_brand","embeddable":true,"href":"https:\/\/ceasuri.md\/ru\/wp-json\/wp\/v2\/product_brand?post=55144"},{"taxonomy":"product_cat","embeddable":true,"href":"https:\/\/ceasuri.md\/ru\/wp-json\/wp\/v2\/product_cat?post=55144"},{"taxonomy":"product_tag","embeddable":true,"href":"https:\/\/ceasuri.md\/ru\/wp-json\/wp\/v2\/product_tag?post=55144"}],"curies":[{"name":"wp","href":"https:\/\/api.w.org\/{rel}","templated":true}]}}