{"id":55132,"date":"2024-10-22T07:42:10","date_gmt":"2024-10-22T04:42:10","guid":{"rendered":"http:\/\/new.ceasuri.md\/shop\/uncategorized\/bulova-classic-surveyor-97p172\/"},"modified":"2026-05-01T18:53:31","modified_gmt":"2026-05-01T15:53:31","slug":"bulova-classic-surveyor-97p172","status":"publish","type":"product","link":"https:\/\/ceasuri.md\/ru\/shop\/branduri\/bulova\/bulova-classic-surveyor-97p172\/","title":{"rendered":"\u0427\u0430\u0441\u044b BULOVA CLASSIC Surveyor 97P172"},"content":{"rendered":"<p>Ceasul Bulova Surveyor pentru femei este un ceas clasic care nu se va demoda niciodat\u0103. Carcasa din o\u021bel inoxidabil auriu prezint\u0103 margini sculptate \u0219i fa\u021bete care ofer\u0103 o purtare f\u0103r\u0103 efort la \u00eencheietura m\u00e2inii, cu finisaje lustruite \u0219i periate, un cristal de safir \u0219i o br\u0103\u021bar\u0103 din o\u021bel inoxidabil auriu cu 3 verigi asortate, cu file de eliberare rapid\u0103 \u0219i o \u00eencuietoare deployant\u0103 cu buton. Cadranul din nuc\u0103 de perle str\u0103lucitoare ofer\u0103 o str\u0103lucire sofisticat\u0103, fiind prev\u0103zut cu 11 ceasuri cu diamante autentice \u0219i un handset auriu. Cu detalii de o frumuse\u021be izbitoare, acest ceas de dam\u0103 Bulova aduce elegan\u021b\u0103 atemporal\u0103 \u00een orice ocazie.<\/p>","protected":false},"excerpt":{"rendered":"<p>Ceasul Bulova Surveyor pentru femei este un ceas clasic care nu se va demoda niciodat\u0103. Carcasa din o\u021bel inoxidabil auriu prezint\u0103 margini sculptate \u0219i fa\u021bete care ofer\u0103 o purtare f\u0103r\u0103 efort la \u00eencheietura m\u00e2inii, cu finisaje lustruite \u0219i periate, un cristal de safir \u0219i o br\u0103\u021bar\u0103 din o\u021bel inoxidabil auriu cu 3 verigi asortate, cu [&hellip;]<\/p>\n","protected":false},"featured_media":55133,"comment_status":"closed","ping_status":"open","template":"","meta":{"_acf_changed":false},"product_brand":[],"product_cat":[624,25],"product_tag":[],"class_list":{"0":"post-55132","1":"product","2":"type-product","3":"status-publish","4":"has-post-thumbnail","6":"product_cat-bulova","7":"product_cat-ceasuri-dama","8":"pa_brand-bulova","9":"pa_braslet-otel-inoxidabil","10":"pa_corpus-31-mm","11":"pa_decor-diamante","12":"pa_forma-rotund","13":"pa_garatia-24-luni","14":"pa_korpus-auriu","15":"pa_kvarc-quartz","16":"pa_material-otel-inoxidabil","17":"pa_mehanizm-quartz","18":"pa_remeshok-auriu","19":"pa_steklo-cristal-safir","20":"pa_strana-sua","21":"pa_voda-3-atm","23":"first","24":"instock","25":"purchasable","26":"product-type-simple"},"acf":[],"_links":{"self":[{"href":"https:\/\/ceasuri.md\/ru\/wp-json\/wp\/v2\/product\/55132","targetHints":{"allow":["GET"]}}],"collection":[{"href":"https:\/\/ceasuri.md\/ru\/wp-json\/wp\/v2\/product"}],"about":[{"href":"https:\/\/ceasuri.md\/ru\/wp-json\/wp\/v2\/types\/product"}],"replies":[{"embeddable":true,"href":"https:\/\/ceasuri.md\/ru\/wp-json\/wp\/v2\/comments?post=55132"}],"wp:featuredmedia":[{"embeddable":true,"href":"https:\/\/ceasuri.md\/ru\/wp-json\/wp\/v2\/media\/55133"}],"wp:attachment":[{"href":"https:\/\/ceasuri.md\/ru\/wp-json\/wp\/v2\/media?parent=55132"}],"wp:term":[{"taxonomy":"product_brand","embeddable":true,"href":"https:\/\/ceasuri.md\/ru\/wp-json\/wp\/v2\/product_brand?post=55132"},{"taxonomy":"product_cat","embeddable":true,"href":"https:\/\/ceasuri.md\/ru\/wp-json\/wp\/v2\/product_cat?post=55132"},{"taxonomy":"product_tag","embeddable":true,"href":"https:\/\/ceasuri.md\/ru\/wp-json\/wp\/v2\/product_tag?post=55132"}],"curies":[{"name":"wp","href":"https:\/\/api.w.org\/{rel}","templated":true}]}}