{"id":55123,"date":"2026-04-03T00:16:27","date_gmt":"2026-04-02T21:16:27","guid":{"rendered":"http:\/\/new.ceasuri.md\/shop\/uncategorized\/bulova-classic-sutton-automatic-98a304\/"},"modified":"2026-04-20T01:26:57","modified_gmt":"2026-04-19T22:26:57","slug":"bulova-classic-sutton-automatic-98a304","status":"publish","type":"product","link":"https:\/\/ceasuri.md\/ru\/shop\/branduri\/bulova\/bulova-classic-sutton-automatic-98a304\/","title":{"rendered":"\u0427\u0430\u0441\u044b BULOVA CLASSIC Sutton Automatic 98A304"},"content":{"rendered":"<p>Din colec\u021bia Bulova Sutton pentru b\u0103rba\u021bi, acest nou model ofer\u0103 un design \u00eendr\u0103zne\u021b care face o declara\u021bie. Carcasa uimitoare din o\u021bel inoxidabil fa\u021betat \u00een nuan\u021b\u0103 neagr\u0103 este finisat\u0103 cu suprafe\u021be periate \u0219i lustruite pentru un aspect dinamic, cu un luneta lustruit\u0103 care atrage lumina \u0219i un cristal mineral plat. Cadranul ofer\u0103 un spectacol aparte, cu un centru transparent care dezv\u0103luie mi\u0219carea automat\u0103 scheletat\u0103 cu 21 de bijuterii a ceasului, care are o rezerv\u0103 de putere de 42 de ore. M\u00e2inile \u00een stil schelet cu umplutur\u0103 luminescent\u0103 \u0219i indicii aplica\u021bi \u00een ton argintiu creeaz\u0103 un aspect modern uimitor. Partea din spate a carcasei ofer\u0103 un al doilea punct de vedere al mi\u0219c\u0103rii, iar ceasul are o rezisten\u021b\u0103 la ap\u0103 de 100 m. Acest model este asociat cu o curea din piele neagr\u0103 cu o cataram\u0103 pin. Acest ceas Bulova dramatic pentru b\u0103rba\u021bi este preg\u0103tit s\u0103 v\u0103 ajute s\u0103 ie\u0219i\u021bi \u00een eviden\u021b\u0103 cu stil, indiferent de ocazie.<\/p>","protected":false},"excerpt":{"rendered":"<p>Din colec\u021bia Bulova Sutton pentru b\u0103rba\u021bi, acest nou model ofer\u0103 un design \u00eendr\u0103zne\u021b care face o declara\u021bie. Carcasa uimitoare din o\u021bel inoxidabil fa\u021betat \u00een nuan\u021b\u0103 neagr\u0103 este finisat\u0103 cu suprafe\u021be periate \u0219i lustruite pentru un aspect dinamic, cu un luneta lustruit\u0103 care atrage lumina \u0219i un cristal mineral plat. Cadranul ofer\u0103 un spectacol aparte, cu [&hellip;]<\/p>\n","protected":false},"featured_media":55124,"comment_status":"closed","ping_status":"open","template":"","meta":{"_acf_changed":false},"product_brand":[],"product_cat":[624,20,106],"product_tag":[],"class_list":{"0":"post-55123","1":"product","2":"type-product","3":"status-publish","4":"has-post-thumbnail","6":"product_cat-bulova","7":"product_cat-ceasuri-barbati","8":"product_cat-ceasuri-premium","9":"pa_brand-bulova","10":"pa_braslet-piele","11":"pa_corpus-43-mm","12":"pa_forma-rotund","13":"pa_funcii-schelet","14":"pa_garatia-24-luni","15":"pa_korpus-negru","16":"pa_material-otel-inoxidabil","17":"pa_mehanizm-mecanic","18":"pa_mehanizm-mecanism-automatic","19":"pa_remeshok-negru","20":"pa_steklo-cristal-mineral","21":"pa_strana-sua","22":"pa_voda-10-atm","24":"first","25":"instock","26":"purchasable","27":"product-type-simple"},"acf":[],"_links":{"self":[{"href":"https:\/\/ceasuri.md\/ru\/wp-json\/wp\/v2\/product\/55123","targetHints":{"allow":["GET"]}}],"collection":[{"href":"https:\/\/ceasuri.md\/ru\/wp-json\/wp\/v2\/product"}],"about":[{"href":"https:\/\/ceasuri.md\/ru\/wp-json\/wp\/v2\/types\/product"}],"replies":[{"embeddable":true,"href":"https:\/\/ceasuri.md\/ru\/wp-json\/wp\/v2\/comments?post=55123"}],"wp:featuredmedia":[{"embeddable":true,"href":"https:\/\/ceasuri.md\/ru\/wp-json\/wp\/v2\/media\/55124"}],"wp:attachment":[{"href":"https:\/\/ceasuri.md\/ru\/wp-json\/wp\/v2\/media?parent=55123"}],"wp:term":[{"taxonomy":"product_brand","embeddable":true,"href":"https:\/\/ceasuri.md\/ru\/wp-json\/wp\/v2\/product_brand?post=55123"},{"taxonomy":"product_cat","embeddable":true,"href":"https:\/\/ceasuri.md\/ru\/wp-json\/wp\/v2\/product_cat?post=55123"},{"taxonomy":"product_tag","embeddable":true,"href":"https:\/\/ceasuri.md\/ru\/wp-json\/wp\/v2\/product_tag?post=55123"}],"curies":[{"name":"wp","href":"https:\/\/api.w.org\/{rel}","templated":true}]}}