{"id":55118,"date":"2026-04-03T00:16:27","date_gmt":"2026-04-02T21:16:27","guid":{"rendered":"http:\/\/new.ceasuri.md\/shop\/uncategorized\/bulova-icon-champlain-98b316\/"},"modified":"2026-04-20T01:40:55","modified_gmt":"2026-04-19T22:40:55","slug":"bulova-icon-champlain-98b316","status":"publish","type":"product","link":"https:\/\/ceasuri.md\/ru\/shop\/branduri\/bulova\/bulova-icon-champlain-98b316\/","title":{"rendered":"\u0427\u0430\u0441\u044b BULOVA ICON Champlain 98B316"},"content":{"rendered":"<p>Acest ceas b\u0103rb\u0103tesc este propulsat de mi\u0219carea cronograf cu cuar\u021b cu opt m\u00e2ini proprietar\u0103 Bulova, cu o frecven\u021b\u0103 de vibra\u021bie de 262 kHz, de opt ori mai mare dec\u00e2t a ceasurilor standard, pentru o precizie de neegalat. Dispun\u00e2nd de o carcas\u0103 din o\u021bel inoxidabil \u0219i placat\u0103 cu ioni gri, cu spatele cu \u0219urub, cu coroan\u0103 \u00een\u0219urubat\u0103 \u0219i cadran cronograf din fibr\u0103 de carbon neagr\u0103 cu func\u021bie de dat\u0103 pentru o utilizare u\u0219oar\u0103. Caracteristicile suplimentare includ cristal mineral curbat, br\u0103\u021bar\u0103 din o\u021bel inoxidabil cu \u00eenchidere cu cataram\u0103 pliabil\u0103, bar\u0103 de siguran\u021b\u0103 \u0219i prelungitor \u0219i rezisten\u021b\u0103 la ap\u0103 de 300 de metri.<\/p>","protected":false},"excerpt":{"rendered":"<p>Acest ceas b\u0103rb\u0103tesc este propulsat de mi\u0219carea cronograf cu cuar\u021b cu opt m\u00e2ini proprietar\u0103 Bulova, cu o frecven\u021b\u0103 de vibra\u021bie de 262 kHz, de opt ori mai mare dec\u00e2t a ceasurilor standard, pentru o precizie de neegalat. Dispun\u00e2nd de o carcas\u0103 din o\u021bel inoxidabil \u0219i placat\u0103 cu ioni gri, cu spatele cu \u0219urub, cu coroan\u0103 [&hellip;]<\/p>\n","protected":false},"featured_media":55119,"comment_status":"closed","ping_status":"open","template":"","meta":{"_acf_changed":false},"product_brand":[],"product_cat":[624,20,106],"product_tag":[],"class_list":{"0":"post-55118","1":"product","2":"type-product","3":"status-publish","4":"has-post-thumbnail","6":"product_cat-bulova","7":"product_cat-ceasuri-barbati","8":"product_cat-ceasuri-premium","9":"pa_brand-bulova","10":"pa_braslet-otel-inoxidabil","11":"pa_corpus-46-mm","12":"pa_forma-rotund","13":"pa_funcii-cronograf","14":"pa_funcii-data","15":"pa_funcii-tahimetru","16":"pa_garatia-24-luni","17":"pa_korpus-argintiu","18":"pa_korpus-gri","19":"pa_kvarc-quartz","20":"pa_material-otel-inoxidabil","21":"pa_mehanizm-quartz","22":"pa_remeshok-argintiu","23":"pa_steklo-cristal-mineral","24":"pa_strana-sua","25":"pa_voda-30-atm","27":"first","28":"instock","29":"purchasable","30":"product-type-simple"},"acf":[],"_links":{"self":[{"href":"https:\/\/ceasuri.md\/ru\/wp-json\/wp\/v2\/product\/55118","targetHints":{"allow":["GET"]}}],"collection":[{"href":"https:\/\/ceasuri.md\/ru\/wp-json\/wp\/v2\/product"}],"about":[{"href":"https:\/\/ceasuri.md\/ru\/wp-json\/wp\/v2\/types\/product"}],"replies":[{"embeddable":true,"href":"https:\/\/ceasuri.md\/ru\/wp-json\/wp\/v2\/comments?post=55118"}],"wp:featuredmedia":[{"embeddable":true,"href":"https:\/\/ceasuri.md\/ru\/wp-json\/wp\/v2\/media\/55119"}],"wp:attachment":[{"href":"https:\/\/ceasuri.md\/ru\/wp-json\/wp\/v2\/media?parent=55118"}],"wp:term":[{"taxonomy":"product_brand","embeddable":true,"href":"https:\/\/ceasuri.md\/ru\/wp-json\/wp\/v2\/product_brand?post=55118"},{"taxonomy":"product_cat","embeddable":true,"href":"https:\/\/ceasuri.md\/ru\/wp-json\/wp\/v2\/product_cat?post=55118"},{"taxonomy":"product_tag","embeddable":true,"href":"https:\/\/ceasuri.md\/ru\/wp-json\/wp\/v2\/product_tag?post=55118"}],"curies":[{"name":"wp","href":"https:\/\/api.w.org\/{rel}","templated":true}]}}