{"id":55114,"date":"2024-10-22T07:42:09","date_gmt":"2024-10-22T04:42:09","guid":{"rendered":"http:\/\/new.ceasuri.md\/shop\/uncategorized\/bulova-high-performance-quartz-98b393\/"},"modified":"2026-05-01T18:53:22","modified_gmt":"2026-05-01T15:53:22","slug":"bulova-high-performance-quartz-98b393","status":"publish","type":"product","link":"https:\/\/ceasuri.md\/ru\/shop\/branduri\/bulova\/bulova-high-performance-quartz-98b393\/","title":{"rendered":"\u0427\u0430\u0441\u044b BULOVA HIGH PERFORMANCE QUARTZ 98B393"},"content":{"rendered":"<p>Cea mai recent\u0103 adi\u021bie la colec\u021bia Bulova Marine Star pentru b\u0103rba\u021bi ofer\u0103 o precizie de neegalat datorit\u0103 mi\u0219c\u0103rii cronograf cu cuar\u021b de \u00eenalt\u0103 precizie Bulova cu \u0219ase m\u00e2ini, care func\u021bioneaz\u0103 la 262khz, de opt ori frecven\u021ba mi\u0219c\u0103rilor standard. Carcasa modern\u0103 din o\u021bel inoxidabil argintiu prezint\u0103 un luneta de cronometru rotativ\u0103 unidirec\u021bional\u0103 cu o inser\u021bie albastr\u0103. Cadranul are o scar\u0103 tahimetric\u0103 \u0219i subcadrane negre de cronograf cu accente argintii pentru a urm\u0103ri minutele scurse \u0219i intervalele de 1\/20 de secund\u0103. Cadranul are, de asemenea, un afi\u0219aj cu dat\u0103, un subcadran pentru secundele de func\u021bionare \u0219i m\u00e2ini \u0219i indicatoare luminescente pentru o lizibilitate superioar\u0103 \u00een orice condi\u021bii. Cu o rezisten\u021b\u0103 la ap\u0103 de 100 m, o br\u0103\u021bar\u0103 din o\u021bel inoxidabil argintiu cu \u00eenchidere cu cataram\u0103 sport pliabil\u0103 cu buton \u0219i un stil modern, acest ceas poate \u021bine pasul cu tot ceea ce face\u021bi f\u0103r\u0103 a pierde o secund\u0103.<\/p>","protected":false},"excerpt":{"rendered":"<p>Cea mai recent\u0103 adi\u021bie la colec\u021bia Bulova Marine Star pentru b\u0103rba\u021bi ofer\u0103 o precizie de neegalat datorit\u0103 mi\u0219c\u0103rii cronograf cu cuar\u021b de \u00eenalt\u0103 precizie Bulova cu \u0219ase m\u00e2ini, care func\u021bioneaz\u0103 la 262khz, de opt ori frecven\u021ba mi\u0219c\u0103rilor standard. Carcasa modern\u0103 din o\u021bel inoxidabil argintiu prezint\u0103 un luneta de cronometru rotativ\u0103 unidirec\u021bional\u0103 cu o inser\u021bie albastr\u0103. [&hellip;]<\/p>\n","protected":false},"featured_media":55115,"comment_status":"closed","ping_status":"open","template":"","meta":{"_acf_changed":false},"product_brand":[],"product_cat":[624,20],"product_tag":[],"class_list":{"0":"post-55114","1":"product","2":"type-product","3":"status-publish","4":"has-post-thumbnail","6":"product_cat-bulova","7":"product_cat-ceasuri-barbati","8":"pa_brand-bulova","9":"pa_braslet-otel-inoxidabil","10":"pa_corpus-46-mm","11":"pa_forma-rotund","12":"pa_funcii-cronograf","13":"pa_funcii-data","14":"pa_funcii-tahimetru","15":"pa_garatia-24-luni","16":"pa_korpus-albastru-inchis","17":"pa_korpus-argintiu","18":"pa_kvarc-quartz","19":"pa_material-otel-inoxidabil","20":"pa_mehanizm-quartz","21":"pa_remeshok-argintiu","22":"pa_steklo-cristal-mineral","23":"pa_strana-sua","24":"pa_voda-10-atm","26":"first","27":"instock","28":"purchasable","29":"product-type-simple"},"acf":[],"_links":{"self":[{"href":"https:\/\/ceasuri.md\/ru\/wp-json\/wp\/v2\/product\/55114","targetHints":{"allow":["GET"]}}],"collection":[{"href":"https:\/\/ceasuri.md\/ru\/wp-json\/wp\/v2\/product"}],"about":[{"href":"https:\/\/ceasuri.md\/ru\/wp-json\/wp\/v2\/types\/product"}],"replies":[{"embeddable":true,"href":"https:\/\/ceasuri.md\/ru\/wp-json\/wp\/v2\/comments?post=55114"}],"wp:featuredmedia":[{"embeddable":true,"href":"https:\/\/ceasuri.md\/ru\/wp-json\/wp\/v2\/media\/55115"}],"wp:attachment":[{"href":"https:\/\/ceasuri.md\/ru\/wp-json\/wp\/v2\/media?parent=55114"}],"wp:term":[{"taxonomy":"product_brand","embeddable":true,"href":"https:\/\/ceasuri.md\/ru\/wp-json\/wp\/v2\/product_brand?post=55114"},{"taxonomy":"product_cat","embeddable":true,"href":"https:\/\/ceasuri.md\/ru\/wp-json\/wp\/v2\/product_cat?post=55114"},{"taxonomy":"product_tag","embeddable":true,"href":"https:\/\/ceasuri.md\/ru\/wp-json\/wp\/v2\/product_tag?post=55114"}],"curies":[{"name":"wp","href":"https:\/\/api.w.org\/{rel}","templated":true}]}}