{"id":55108,"date":"2026-04-03T00:16:27","date_gmt":"2026-04-02T21:16:27","guid":{"rendered":"http:\/\/new.ceasuri.md\/shop\/uncategorized\/bulova-marine-star-series-c-precisionist-98b421\/"},"modified":"2026-04-20T01:40:56","modified_gmt":"2026-04-19T22:40:56","slug":"bulova-marine-star-series-c-precisionist-98b421","status":"publish","type":"product","link":"https:\/\/ceasuri.md\/ru\/shop\/branduri\/bulova\/bulova-marine-star-series-c-precisionist-98b421\/","title":{"rendered":"\u0427\u0430\u0441\u044b BULOVA MARINE STAR Series C Precisionist 98B421"},"content":{"rendered":"<p>Un design incredibil de \u00eendr\u0103zne\u021b, acest ceas sport Bulova Marine Star pentru b\u0103rba\u021bi dep\u0103\u0219e\u0219te limitele cu tehnologia de v\u00e2rf Bulova \u0219i o carcas\u0103 extrem de modern\u0103. Definit\u0103 de un profil robust \u0219i unghiular, carcasa din o\u021bel inoxidabil de 43 mm \u00een ton aur roz prezint\u0103 fa\u021bete periate \u0219i accente lustruite, cu un luneta unidirec\u021bional\u0103 cu inser\u021bie ceramic\u0103, cristal safir \u0219i o coroan\u0103 cu \u0219urub care asigur\u0103 o rezisten\u021b\u0103 la ap\u0103 de 200 m. Cadranul maro bogat se inspir\u0103 din crestele ondulate ale oceanului, cu un model de valuri accentuat de indicatoare orare aplicate \u0219i un handset \u00eendr\u0103zne\u021b, toate av\u00e2nd material luminescent pentru o lizibilitate de neegalat \u00een orice condi\u021bii. O fereastr\u0103 pentru dat\u0103 este pozi\u021bionat\u0103 la ora 3, \u00een timp ce m\u00e2nerul pentru secunde cu v\u00e2rf ro\u0219u aduce o not\u0103 subtil\u0103 de culoare \u0219i se deplaseaz\u0103 u\u0219or \u00een jurul cadranului datorit\u0103 mi\u0219c\u0103rii Precisionist proprietare Bulova, un mecanism revolu\u021bionar cu cuar\u021b cu 8 bijuterii care vibreaz\u0103 la o frecven\u021b\u0103 remarcabil\u0103 de 262 kHz \u0219i are o precizie de 10 secunde pe an, cu o rezisten\u021b\u0103 sporit\u0103 la schimb\u0103rile de temperatur\u0103. \u00cemperecheat cu o curea durabil\u0103 din silicon cu o \u00eenchidere cu cataram\u0103, acest ceas Bulova pentru b\u0103rba\u021bi este echipat pentru a face fa\u021b\u0103 la orice, de la birou la ocean.<\/p>","protected":false},"excerpt":{"rendered":"<p>Un design incredibil de \u00eendr\u0103zne\u021b, acest ceas sport Bulova Marine Star pentru b\u0103rba\u021bi dep\u0103\u0219e\u0219te limitele cu tehnologia de v\u00e2rf Bulova \u0219i o carcas\u0103 extrem de modern\u0103. Definit\u0103 de un profil robust \u0219i unghiular, carcasa din o\u021bel inoxidabil de 43 mm \u00een ton aur roz prezint\u0103 fa\u021bete periate \u0219i accente lustruite, cu un luneta unidirec\u021bional\u0103 cu [&hellip;]<\/p>\n","protected":false},"featured_media":55109,"comment_status":"closed","ping_status":"open","template":"","meta":{"_acf_changed":false},"product_brand":[],"product_cat":[624,20,106],"product_tag":[],"class_list":{"0":"post-55108","1":"product","2":"type-product","3":"status-publish","4":"has-post-thumbnail","6":"product_cat-bulova","7":"product_cat-ceasuri-barbati","8":"product_cat-ceasuri-premium","9":"pa_brand-bulova","10":"pa_braslet-silicon","11":"pa_corpus-43-mm","12":"pa_forma-atipica","13":"pa_funcii-data","14":"pa_garatia-24-luni","15":"pa_korpus-negru","16":"pa_korpus-roz","17":"pa_kvarc-quartz","18":"pa_material-ceramica","19":"pa_material-otel-inoxidabil","20":"pa_mehanizm-quartz","21":"pa_remeshok-negru","22":"pa_steklo-cristal-safir","23":"pa_strana-sua","24":"pa_voda-20-atm","26":"first","27":"instock","28":"purchasable","29":"product-type-simple"},"acf":[],"_links":{"self":[{"href":"https:\/\/ceasuri.md\/ru\/wp-json\/wp\/v2\/product\/55108","targetHints":{"allow":["GET"]}}],"collection":[{"href":"https:\/\/ceasuri.md\/ru\/wp-json\/wp\/v2\/product"}],"about":[{"href":"https:\/\/ceasuri.md\/ru\/wp-json\/wp\/v2\/types\/product"}],"replies":[{"embeddable":true,"href":"https:\/\/ceasuri.md\/ru\/wp-json\/wp\/v2\/comments?post=55108"}],"wp:featuredmedia":[{"embeddable":true,"href":"https:\/\/ceasuri.md\/ru\/wp-json\/wp\/v2\/media\/55109"}],"wp:attachment":[{"href":"https:\/\/ceasuri.md\/ru\/wp-json\/wp\/v2\/media?parent=55108"}],"wp:term":[{"taxonomy":"product_brand","embeddable":true,"href":"https:\/\/ceasuri.md\/ru\/wp-json\/wp\/v2\/product_brand?post=55108"},{"taxonomy":"product_cat","embeddable":true,"href":"https:\/\/ceasuri.md\/ru\/wp-json\/wp\/v2\/product_cat?post=55108"},{"taxonomy":"product_tag","embeddable":true,"href":"https:\/\/ceasuri.md\/ru\/wp-json\/wp\/v2\/product_tag?post=55108"}],"curies":[{"name":"wp","href":"https:\/\/api.w.org\/{rel}","templated":true}]}}