{"id":55101,"date":"2026-04-03T00:16:27","date_gmt":"2026-04-02T21:16:27","guid":{"rendered":"http:\/\/new.ceasuri.md\/shop\/uncategorized\/bulova-performance-racing-98b427\/"},"modified":"2026-04-07T04:50:15","modified_gmt":"2026-04-07T01:50:15","slug":"bulova-performance-racing-98b427","status":"publish","type":"product","link":"https:\/\/ceasuri.md\/ru\/shop\/branduri\/bulova\/bulova-performance-racing-98b427\/","title":{"rendered":"Ceas BULOVA PERFORMANCE Racing 98B427"},"content":{"rendered":"<p>Bazat pe istoria vibrant\u0103 a Bulova \u00een sporturile cu motor &#8211; de la Soap Box Derby la e\u0219aloanele superioare ale curselor auto &#8211; noul ceas cronograf Racer pentru b\u0103rba\u021bi este pus la punct \u0219i proiectat pentru performan\u021b\u0103. Carcasa conturat\u0103 din o\u021bel inoxidabil argintiu prezint\u0103 un design unic care evoc\u0103 curbele aerodinamice ale celor mai rapide automobile din lume. Un inel tahimetric bicolor portocaliu \u0219i negru ofer\u0103 func\u021bionalitate suplimentar\u0103, \u00een timp ce \u00eemping\u0103toarele pronun\u021bate ofer\u0103 o estetic\u0103 auto distinctiv\u0103. Cadranul negru al cronografului cu 5 m\u00e2ini prezint\u0103 un inel de capitol cu model de curse portocaliu \u0219i alb, cu un afi\u0219aj al datei la ora 6 \u0219i subcadrane negre care afi\u0219eaz\u0103 minutele cronografului \u0219i timpul de 24 de ore. O m\u00e2n\u0103 portocalie \u00eendr\u0103znea\u021b\u0103 pentru secundele cronografului asigur\u0103 o lizibilitate optim\u0103 indiferent de vitez\u0103. Cadranul este prev\u0103zut cu indicatoare argintii aplicate \u0219i m\u00e2ini conice asortate, toate umplute cu un material super-luminos pentru vizibilitate \u00een condi\u021bii de luminozitate redus\u0103. Ceasul este asortat cu o curea din piele maro perforat\u0103 \u00een stil curse, cu \u00eenchidere prin cataram\u0103. Fie c\u0103 \u021bine\u021bi volanul \u00een curb\u0103 pe pist\u0103 sau \u00een timpul deplas\u0103rii zilnice, cronograful Bulova Racer pentru b\u0103rba\u021bi este o expresie elegant\u0103 a istoriei curselor \u0219i a pasiunii pentru vitez\u0103.<\/p>","protected":false},"excerpt":{"rendered":"<p>Bazat pe istoria vibrant\u0103 a Bulova \u00een sporturile cu motor &#8211; de la Soap Box Derby la e\u0219aloanele superioare ale curselor auto &#8211; noul ceas cronograf Racer pentru b\u0103rba\u021bi este pus la punct \u0219i proiectat pentru performan\u021b\u0103. Carcasa conturat\u0103 din o\u021bel inoxidabil argintiu prezint\u0103 un design unic care evoc\u0103 curbele aerodinamice ale celor mai rapide [&hellip;]<\/p>\n","protected":false},"featured_media":55102,"comment_status":"closed","ping_status":"open","template":"","meta":{"_acf_changed":false},"product_brand":[],"product_cat":[624,20,106],"product_tag":[],"class_list":{"0":"post-55101","1":"product","2":"type-product","3":"status-publish","4":"has-post-thumbnail","6":"product_cat-bulova","7":"product_cat-ceasuri-barbati","8":"product_cat-ceasuri-premium","9":"pa_brand-bulova","10":"pa_braslet-piele","11":"pa_corpus-42-mm","12":"pa_forma-rotund","13":"pa_funcii-cronograf","14":"pa_funcii-data","15":"pa_funcii-tahimetru","16":"pa_garatia-24-luni","17":"pa_korpus-argintiu","18":"pa_material-otel-inoxidabil","19":"pa_mehanizm-quartz","20":"pa_remeshok-maro","21":"pa_steklo-cristal-safir","22":"pa_strana-sua","23":"pa_voda-10-atm","25":"first","26":"instock","27":"purchasable","28":"product-type-simple"},"acf":[],"_links":{"self":[{"href":"https:\/\/ceasuri.md\/ru\/wp-json\/wp\/v2\/product\/55101","targetHints":{"allow":["GET"]}}],"collection":[{"href":"https:\/\/ceasuri.md\/ru\/wp-json\/wp\/v2\/product"}],"about":[{"href":"https:\/\/ceasuri.md\/ru\/wp-json\/wp\/v2\/types\/product"}],"replies":[{"embeddable":true,"href":"https:\/\/ceasuri.md\/ru\/wp-json\/wp\/v2\/comments?post=55101"}],"wp:featuredmedia":[{"embeddable":true,"href":"https:\/\/ceasuri.md\/ru\/wp-json\/wp\/v2\/media\/55102"}],"wp:attachment":[{"href":"https:\/\/ceasuri.md\/ru\/wp-json\/wp\/v2\/media?parent=55101"}],"wp:term":[{"taxonomy":"product_brand","embeddable":true,"href":"https:\/\/ceasuri.md\/ru\/wp-json\/wp\/v2\/product_brand?post=55101"},{"taxonomy":"product_cat","embeddable":true,"href":"https:\/\/ceasuri.md\/ru\/wp-json\/wp\/v2\/product_cat?post=55101"},{"taxonomy":"product_tag","embeddable":true,"href":"https:\/\/ceasuri.md\/ru\/wp-json\/wp\/v2\/product_tag?post=55101"}],"curies":[{"name":"wp","href":"https:\/\/api.w.org\/{rel}","templated":true}]}}